{"id":718613,"date":"2025-08-27T18:10:55","date_gmt":"2025-08-27T15:10:55","guid":{"rendered":"https:\/\/roveyayinevi.com.tr\/index.php\/urun\/bir-limandan-uc-resim\/"},"modified":"2026-04-16T02:26:46","modified_gmt":"2026-04-15T23:26:46","slug":"bir-limandan-uc-resim","status":"publish","type":"product","link":"https:\/\/roveyayinevi.com.tr\/index.php\/urun\/bir-limandan-uc-resim\/","title":{"rendered":"Bir Limandan \u00dc\u00e7 Resim"},"content":{"rendered":"<p>\u201cD\u00fc\u015f\u00fcnce halinde her \u015fey kaybedilmi\u015ftir\u201d \u0130kinci Yeni\u2019nin \u00f6nde gelen \u015fairlerinden \u0130lhan Berk, ilkgen\u00e7lik y\u0131llar\u0131 say\u0131labilecek d\u00f6nemde \u201c\u0130lhan Berk olmak\u201d yolunda ki\u015fili\u011fini ve yaz\u0131nsal yetilerini ke\u015ffederken, \u00f6yk\u00fc, anlat\u0131, tiyatro oyunu t\u00fcr\u00fcnde s\u0131n\u0131fland\u0131r\u0131labilecek d\u00fczyaz\u0131 denemelerinde bulundu. Uzun erimli bir \u015fiirin ilk eskiz \u00e7al\u0131\u015fmalar\u0131 gibi de de\u011ferlendirilebilecek, dergilerde kalan bu d\u00fczyaz\u0131lardan olu\u015fan Bir Limandan \u00dc\u00e7 Resim, Berk\u2019in \u015fiir d\u0131\u015f\u0131nda yaz\u0131nsal t\u00fcrlerle \u201cmesai\u201dsine dikkat \u00e7ekebilmek, yaz\u0131nsal ve d\u00fc\u015f\u00fcnsel evriminin olu\u015fum a\u015famalar\u0131na \u0131\u015f\u0131k tutabilmek ad\u0131na bir \u00e7aba.  D\u00fc\u015f\u00fcnce halinde bir elin \u00e7irkinli\u011fini duyuyorum, uzanmak hat\u0131r\u0131ma gelmiyor; ka\u00e7\u0131yorum. Mevsimlerin d\u00f6k\u00fcl\u00fc\u015f\u00fc, bir \u00e7ocuk kumlar\u0131n mestli\u011fine v\u00fccudunu b\u0131rak\u0131yor, ona uyman\u0131n h\u0131z\u0131, fakat elde etmi\u015f olman\u0131n s\u0131k\u0131nt\u0131s\u0131, vazge\u00e7iyor. <\/p>\n","protected":false},"excerpt":{"rendered":"<p>\u201cD\u00fc\u015f\u00fcnce halinde her \u015fey kaybedilmi\u015ftir\u201d \u0130kinci Yeni\u2019nin \u00f6nde gelen \u015fairlerinden \u0130lhan Berk, ilkgen\u00e7lik y\u0131llar\u0131 say\u0131labilecek d\u00f6nemde \u201c\u0130lhan Berk olmak\u201d yolunda ki\u015fili\u011fini ve yaz\u0131nsal yetilerini ke\u015ffederken, \u00f6yk\u00fc,<span class=\"excerpt-hellip\"> [\u2026]<\/span><\/p>\n","protected":false},"featured_media":0,"template":"","meta":{"_monsterinsights_skip_tracking":false,"_monsterinsights_sitenote_active":false,"_monsterinsights_sitenote_note":"","_monsterinsights_sitenote_category":0},"product_brand":[],"product_cat":[18545,12291],"product_tag":[],"class_list":{"0":"post-718613","1":"product","2":"type-product","3":"status-publish","5":"product_cat-anlati","6":"product_cat-edebiyat","7":"pa_cilt-ciltsiz","8":"pa_tur-kitap","9":"pa_yayinevi-yapi-kredi-yayinlari","10":"pa_yazar-ilhan-berk","12":"first","13":"instock","14":"sale","15":"shipping-taxable","16":"purchasable","17":"product-type-simple"},"_links":{"self":[{"href":"https:\/\/roveyayinevi.com.tr\/index.php\/wp-json\/wp\/v2\/product\/718613","targetHints":{"allow":["GET"]}}],"collection":[{"href":"https:\/\/roveyayinevi.com.tr\/index.php\/wp-json\/wp\/v2\/product"}],"about":[{"href":"https:\/\/roveyayinevi.com.tr\/index.php\/wp-json\/wp\/v2\/types\/product"}],"wp:attachment":[{"href":"https:\/\/roveyayinevi.com.tr\/index.php\/wp-json\/wp\/v2\/media?parent=718613"}],"wp:term":[{"taxonomy":"product_brand","embeddable":true,"href":"https:\/\/roveyayinevi.com.tr\/index.php\/wp-json\/wp\/v2\/product_brand?post=718613"},{"taxonomy":"product_cat","embeddable":true,"href":"https:\/\/roveyayinevi.com.tr\/index.php\/wp-json\/wp\/v2\/product_cat?post=718613"},{"taxonomy":"product_tag","embeddable":true,"href":"https:\/\/roveyayinevi.com.tr\/index.php\/wp-json\/wp\/v2\/product_tag?post=718613"}],"curies":[{"name":"wp","href":"https:\/\/api.w.org\/{rel}","templated":true}]}}