{"id":718612,"date":"2025-08-27T18:10:55","date_gmt":"2025-08-27T15:10:55","guid":{"rendered":"https:\/\/roveyayinevi.com.tr\/index.php\/urun\/asiklik-yolunda-bir-kamber\/"},"modified":"2026-04-16T02:26:46","modified_gmt":"2026-04-15T23:26:46","slug":"asiklik-yolunda-bir-kamber","status":"publish","type":"product","link":"https:\/\/roveyayinevi.com.tr\/index.php\/urun\/asiklik-yolunda-bir-kamber\/","title":{"rendered":"A\u015f\u0131kl\u0131k Yolunda Bir Kamber"},"content":{"rendered":"<p>Birinci B\u00f6l\u00fcm Bal\u0131kesir \u00c7epnilerinde Kamberlik Gelene\u011fi \u0130kinci B\u00f6l\u00fcm \u00c7epni Cemleri ve Kamberlik Gelene\u011fi \u00dc\u00e7\u00fcnc\u00fc B\u00f6l\u00fcm Matem\u00eeKamberli\u011fi ve \u00c2\u015f\u0131kl\u0131k Tecr\u00fcbesi D\u00f6rd\u00fcnc\u00fc B\u00f6l\u00fcm Matem\u00ee&#8217;nin \u015eiirleri<\/p>\n","protected":false},"excerpt":{"rendered":"<p>Birinci B\u00f6l\u00fcm Bal\u0131kesir \u00c7epnilerinde Kamberlik Gelene\u011fi \u0130kinci B\u00f6l\u00fcm \u00c7epni Cemleri ve Kamberlik Gelene\u011fi \u00dc\u00e7\u00fcnc\u00fc B\u00f6l\u00fcm Matem\u00eeKamberli\u011fi ve \u00c2\u015f\u0131kl\u0131k Tecr\u00fcbesi D\u00f6rd\u00fcnc\u00fc B\u00f6l\u00fcm Matem\u00ee&#8217;nin \u015eiirleri<\/p>\n","protected":false},"featured_media":0,"template":"","meta":{"_monsterinsights_skip_tracking":false,"_monsterinsights_sitenote_active":false,"_monsterinsights_sitenote_note":"","_monsterinsights_sitenote_category":0},"product_brand":[],"product_cat":[13072,12291],"product_tag":[],"class_list":{"0":"post-718612","1":"product","2":"type-product","3":"status-publish","5":"product_cat-arastirma-inceleme-referans","6":"product_cat-edebiyat","7":"pa_cilt-ciltsiz","8":"pa_tur-kitap","9":"pa_yayinevi-gazi-kitabevi","10":"pa_yazar-halil-ibrahim-sahin","12":"first","13":"instock","14":"sale","15":"shipping-taxable","16":"purchasable","17":"product-type-simple"},"_links":{"self":[{"href":"https:\/\/roveyayinevi.com.tr\/index.php\/wp-json\/wp\/v2\/product\/718612","targetHints":{"allow":["GET"]}}],"collection":[{"href":"https:\/\/roveyayinevi.com.tr\/index.php\/wp-json\/wp\/v2\/product"}],"about":[{"href":"https:\/\/roveyayinevi.com.tr\/index.php\/wp-json\/wp\/v2\/types\/product"}],"wp:attachment":[{"href":"https:\/\/roveyayinevi.com.tr\/index.php\/wp-json\/wp\/v2\/media?parent=718612"}],"wp:term":[{"taxonomy":"product_brand","embeddable":true,"href":"https:\/\/roveyayinevi.com.tr\/index.php\/wp-json\/wp\/v2\/product_brand?post=718612"},{"taxonomy":"product_cat","embeddable":true,"href":"https:\/\/roveyayinevi.com.tr\/index.php\/wp-json\/wp\/v2\/product_cat?post=718612"},{"taxonomy":"product_tag","embeddable":true,"href":"https:\/\/roveyayinevi.com.tr\/index.php\/wp-json\/wp\/v2\/product_tag?post=718612"}],"curies":[{"name":"wp","href":"https:\/\/api.w.org\/{rel}","templated":true}]}}