{"id":718607,"date":"2025-08-27T18:10:51","date_gmt":"2025-08-27T15:10:51","guid":{"rendered":"https:\/\/roveyayinevi.com.tr\/index.php\/urun\/baskasi\/"},"modified":"2026-04-16T02:26:45","modified_gmt":"2026-04-15T23:26:45","slug":"baskasi","status":"publish","type":"product","link":"https:\/\/roveyayinevi.com.tr\/index.php\/urun\/baskasi\/","title":{"rendered":"Ba\u015fkas\u0131"},"content":{"rendered":"<p>Hafif bir r\u00fczg\u00e2r esti. Kap\u0131, g\u0131c\u0131rdad\u0131, t\u00fcm a\u011f\u0131rl\u0131\u011f\u0131na ra\u011fmen. Ta\u015flar yap\u0131\u015ft\u0131rm\u0131\u015flard\u0131 kap\u0131ya. Sonra Seyyal s\u00f6kebildi\u011fini s\u00f6km\u00fc\u015ft\u00fc ta\u015flar\u0131n. De\u011fer, kaybolsun diye. Kap\u0131y\u0131 Seyyal boyam\u0131\u015ft\u0131. Yaln\u0131zken. Yokken.   Unutulup gitsin i\u00e7in.   Ama izler duruyordu. Kap\u0131dan s\u00f6k\u00fclen ta\u015flar\u0131n izleri. Boyasa da kapanmayan izler.   -Kabuk ba\u011flayan yara, nas\u0131l kendini unutturmamak i\u00e7in kurudu\u011fu yerde iz b\u0131rak\u0131rsa \u00f6yle.-   Bir a\u015fk hik\u00e2yesinden \u00f6te; bir bitimin ard\u0131ndan, bir kad\u0131n\u0131n ve bir adam\u0131n y\u00fcreklerine s\u0131\u011fd\u0131ramad\u0131klar\u0131 incelikli, fiyakal\u0131 ruhlar\u0131n, kendilerinden habersiz, tek bir hesap bile vermeden kanatlan\u0131p, karanl\u0131\u011f\u0131n olmad\u0131\u011f\u0131 bir yerde; hat\u0131ralarda bulu\u015fmas\u0131n\u0131n hik\u00e2yesi. Belki de kavu\u015fmak, ayd\u0131nl\u0131kta olmad\u0131\u011f\u0131 m\u00fcddet\u00e7e kavu\u015fmak de\u011fildir. Hem insan, bir kabu\u011fun b\u0131rakt\u0131\u011f\u0131 izden ba\u015fka nedir ki?     Okurken karakterleri tutup sarsmak isteyece\u011finiz, ama daha \u00e7ok onlarla birlikte sars\u0131laca\u011f\u0131n\u0131z ve zamans\u0131z d\u00fc\u015f\u00fcncelerin dehlizlerinde kaybolaca\u011f\u0131n\u0131z bir roman. Kaybolmaktan \u00e7ekinmeyin. <\/p>\n","protected":false},"excerpt":{"rendered":"<p>Hafif bir r\u00fczg\u00e2r esti. Kap\u0131, g\u0131c\u0131rdad\u0131, t\u00fcm a\u011f\u0131rl\u0131\u011f\u0131na ra\u011fmen. Ta\u015flar yap\u0131\u015ft\u0131rm\u0131\u015flard\u0131 kap\u0131ya. Sonra Seyyal s\u00f6kebildi\u011fini s\u00f6km\u00fc\u015ft\u00fc ta\u015flar\u0131n. De\u011fer, kaybolsun diye. Kap\u0131y\u0131 Seyyal boyam\u0131\u015ft\u0131. Yaln\u0131zken. Yokken. Unutulup<span class=\"excerpt-hellip\"> [\u2026]<\/span><\/p>\n","protected":false},"featured_media":0,"template":"","meta":{"_monsterinsights_skip_tracking":false,"_monsterinsights_sitenote_active":false,"_monsterinsights_sitenote_note":"","_monsterinsights_sitenote_category":0},"product_brand":[],"product_cat":[12291,12711],"product_tag":[],"class_list":{"0":"post-718607","1":"product","2":"type-product","3":"status-publish","5":"product_cat-edebiyat","6":"product_cat-roman-oyku","7":"pa_cilt-ciltsiz","8":"pa_tur-kitap","9":"pa_yayinevi-kuzey-isigi-yayinlari","10":"pa_yazar-serkan-pinarci","12":"first","13":"instock","14":"sale","15":"shipping-taxable","16":"purchasable","17":"product-type-simple"},"_links":{"self":[{"href":"https:\/\/roveyayinevi.com.tr\/index.php\/wp-json\/wp\/v2\/product\/718607","targetHints":{"allow":["GET"]}}],"collection":[{"href":"https:\/\/roveyayinevi.com.tr\/index.php\/wp-json\/wp\/v2\/product"}],"about":[{"href":"https:\/\/roveyayinevi.com.tr\/index.php\/wp-json\/wp\/v2\/types\/product"}],"wp:attachment":[{"href":"https:\/\/roveyayinevi.com.tr\/index.php\/wp-json\/wp\/v2\/media?parent=718607"}],"wp:term":[{"taxonomy":"product_brand","embeddable":true,"href":"https:\/\/roveyayinevi.com.tr\/index.php\/wp-json\/wp\/v2\/product_brand?post=718607"},{"taxonomy":"product_cat","embeddable":true,"href":"https:\/\/roveyayinevi.com.tr\/index.php\/wp-json\/wp\/v2\/product_cat?post=718607"},{"taxonomy":"product_tag","embeddable":true,"href":"https:\/\/roveyayinevi.com.tr\/index.php\/wp-json\/wp\/v2\/product_tag?post=718607"}],"curies":[{"name":"wp","href":"https:\/\/api.w.org\/{rel}","templated":true}]}}