{"id":718606,"date":"2025-08-27T18:10:51","date_gmt":"2025-08-27T15:10:51","guid":{"rendered":"https:\/\/roveyayinevi.com.tr\/index.php\/urun\/herkes-icin-gazetecilik\/"},"modified":"2026-04-16T02:26:45","modified_gmt":"2026-04-15T23:26:45","slug":"herkes-icin-gazetecilik","status":"publish","type":"product","link":"https:\/\/roveyayinevi.com.tr\/index.php\/urun\/herkes-icin-gazetecilik\/","title":{"rendered":"Herkes \u0130\u00e7in Gazetecilik"},"content":{"rendered":"<p>Giderek karma\u015f\u0131k ve ac\u0131mas\u0131z hale gelen d\u00fcnyam\u0131zda ya\u015fananlar\u0131 anlayabilmek, do\u011fruyu yanl\u0131\u015ftan ay\u0131rt edebilmek i\u00e7in gazetecilere ihtiya\u00e7 vard\u0131r. Gazeteciler neyin ne oldu\u011funu, neden oldu\u011funu ara\u015ft\u0131r\u0131r ve yazarlar\/anlat\u0131rlar. Bir hekim, bir iktisat profes\u00f6r\u00fc, bir siyaset\u00e7i, sendikac\u0131, \u00f6\u011fretmen, bir emekli ya da ev kad\u0131n\u0131 i\u015fini iyi bilir ama ya\u015fad\u0131\u011f\u0131 d\u00fcnyada olan biteni gazetecilerin yazd\u0131klar\u0131ndan  anlatt\u0131klar\u0131ndan \u00f6\u011frenir. Gazeteci olmasa kimsenin hi\u00e7bir \u015feyden haberi olmaz; insanlar dedikodulara ve s\u00f6ylentilere muhta\u00e7 hale gelir.  B\u00f6ylesine \u00f6nemli bir mesle\u011fin iyi \u00f6\u011frenilmesi ve iyi yap\u0131lmas\u0131 gerekir. Teknolojik geli\u015fmeler sayesinde g\u00fcn\u00fcm\u00fczde herkesin gazetecilik yapabilece\u011fi s\u00f6ylenmektedir. O zaman herkesin mesle\u011fi iyi \u00f6\u011frenmesini gerekir. Bu nedenle bu kitap sadece ileti\u015fim \u00f6\u011frencileri i\u00e7in de\u011fil, ger\u00e7ekten ilgilenen herkes i\u00e7in yaz\u0131lm\u0131\u015ft\u0131r. <\/p>\n","protected":false},"excerpt":{"rendered":"<p>Giderek karma\u015f\u0131k ve ac\u0131mas\u0131z hale gelen d\u00fcnyam\u0131zda ya\u015fananlar\u0131 anlayabilmek, do\u011fruyu yanl\u0131\u015ftan ay\u0131rt edebilmek i\u00e7in gazetecilere ihtiya\u00e7 vard\u0131r. Gazeteciler neyin ne oldu\u011funu, neden oldu\u011funu ara\u015ft\u0131r\u0131r ve yazarlar\/anlat\u0131rlar.<span class=\"excerpt-hellip\"> [\u2026]<\/span><\/p>\n","protected":false},"featured_media":0,"template":"","meta":{"_monsterinsights_skip_tracking":false,"_monsterinsights_sitenote_active":false,"_monsterinsights_sitenote_note":"","_monsterinsights_sitenote_category":0},"product_brand":[],"product_cat":[15983,13488],"product_tag":[],"class_list":{"0":"post-718606","1":"product","2":"type-product","3":"status-publish","5":"product_cat-iletisim-ve-medya","6":"product_cat-toplum-ve-insan","7":"pa_cilt-ciltsiz","8":"pa_tur-kitap","9":"pa_yayinevi-siyasal-kitabevi","10":"pa_yazar-ruhdan-uzun","12":"first","13":"instock","14":"sale","15":"shipping-taxable","16":"purchasable","17":"product-type-simple"},"_links":{"self":[{"href":"https:\/\/roveyayinevi.com.tr\/index.php\/wp-json\/wp\/v2\/product\/718606","targetHints":{"allow":["GET"]}}],"collection":[{"href":"https:\/\/roveyayinevi.com.tr\/index.php\/wp-json\/wp\/v2\/product"}],"about":[{"href":"https:\/\/roveyayinevi.com.tr\/index.php\/wp-json\/wp\/v2\/types\/product"}],"wp:attachment":[{"href":"https:\/\/roveyayinevi.com.tr\/index.php\/wp-json\/wp\/v2\/media?parent=718606"}],"wp:term":[{"taxonomy":"product_brand","embeddable":true,"href":"https:\/\/roveyayinevi.com.tr\/index.php\/wp-json\/wp\/v2\/product_brand?post=718606"},{"taxonomy":"product_cat","embeddable":true,"href":"https:\/\/roveyayinevi.com.tr\/index.php\/wp-json\/wp\/v2\/product_cat?post=718606"},{"taxonomy":"product_tag","embeddable":true,"href":"https:\/\/roveyayinevi.com.tr\/index.php\/wp-json\/wp\/v2\/product_tag?post=718606"}],"curies":[{"name":"wp","href":"https:\/\/api.w.org\/{rel}","templated":true}]}}