{"id":718603,"date":"2025-08-27T18:10:48","date_gmt":"2025-08-27T15:10:48","guid":{"rendered":"https:\/\/roveyayinevi.com.tr\/index.php\/urun\/yanlisliktan-degil-yalnizliktan\/"},"modified":"2026-04-07T02:35:08","modified_gmt":"2026-04-06T23:35:08","slug":"yanlisliktan-degil-yalnizliktan","status":"publish","type":"product","link":"https:\/\/roveyayinevi.com.tr\/index.php\/urun\/yanlisliktan-degil-yalnizliktan\/","title":{"rendered":"Yanl\u0131\u015fl\u0131ktan De\u011fil Yaln\u0131zl\u0131ktan"},"content":{"rendered":"<p>\u201cAcaba \u00e7ok yanl\u0131\u015f yapt\u0131\u011f\u0131m i\u00e7in mi yaln\u0131z kald\u0131m, yoksa yaln\u0131z kald\u0131\u011f\u0131m i\u00e7in mi yanl\u0131\u015f yapt\u0131m?\u201d   Yanl\u0131\u015f olan, ba\u015fkas\u0131n\u0131 sevmek de\u011fildir. Bir ba\u015fkas\u0131n\u0131 sevmek d\u00fcnyan\u0131n en g\u00fczel, en tamamlay\u0131c\u0131 hissidir. Yanl\u0131\u015f olan, yanl\u0131\u015f olan\u0131 sevmektir. Sevilenin yanl\u0131\u015f oldu\u011funu da, sevmeden kimse bilemeyecektir&#8230; Sevilenin kendisi bile&#8230; Her nerede iyi bir kalp ve do\u011fru bir niyetle, umutla ve hayalle ad\u0131m at\u0131yorsan\u0131z ve sonunda ac\u0131 \u00e7ekiyorsan\u0131z, anlay\u0131n ki yanl\u0131\u015f de\u011fil, sadece yaln\u0131zs\u0131n\u0131z. <\/p>\n","protected":false},"excerpt":{"rendered":"<p>\u201cAcaba \u00e7ok yanl\u0131\u015f yapt\u0131\u011f\u0131m i\u00e7in mi yaln\u0131z kald\u0131m, yoksa yaln\u0131z kald\u0131\u011f\u0131m i\u00e7in mi yanl\u0131\u015f yapt\u0131m?\u201d Yanl\u0131\u015f olan, ba\u015fkas\u0131n\u0131 sevmek de\u011fildir. Bir ba\u015fkas\u0131n\u0131 sevmek d\u00fcnyan\u0131n en g\u00fczel,<span class=\"excerpt-hellip\"> [\u2026]<\/span><\/p>\n","protected":false},"featured_media":0,"template":"","meta":{"_monsterinsights_skip_tracking":false,"_monsterinsights_sitenote_active":false,"_monsterinsights_sitenote_note":"","_monsterinsights_sitenote_category":0},"product_brand":[],"product_cat":[18545,12291],"product_tag":[],"class_list":{"0":"post-718603","1":"product","2":"type-product","3":"status-publish","5":"product_cat-anlati","6":"product_cat-edebiyat","7":"pa_cilt-ciltsiz","8":"pa_tur-kitap","9":"pa_yayinevi-destek-yayinlari","10":"pa_yazar-nilgun-bodur","12":"first","13":"instock","14":"sale","15":"shipping-taxable","16":"purchasable","17":"product-type-simple"},"_links":{"self":[{"href":"https:\/\/roveyayinevi.com.tr\/index.php\/wp-json\/wp\/v2\/product\/718603","targetHints":{"allow":["GET"]}}],"collection":[{"href":"https:\/\/roveyayinevi.com.tr\/index.php\/wp-json\/wp\/v2\/product"}],"about":[{"href":"https:\/\/roveyayinevi.com.tr\/index.php\/wp-json\/wp\/v2\/types\/product"}],"wp:attachment":[{"href":"https:\/\/roveyayinevi.com.tr\/index.php\/wp-json\/wp\/v2\/media?parent=718603"}],"wp:term":[{"taxonomy":"product_brand","embeddable":true,"href":"https:\/\/roveyayinevi.com.tr\/index.php\/wp-json\/wp\/v2\/product_brand?post=718603"},{"taxonomy":"product_cat","embeddable":true,"href":"https:\/\/roveyayinevi.com.tr\/index.php\/wp-json\/wp\/v2\/product_cat?post=718603"},{"taxonomy":"product_tag","embeddable":true,"href":"https:\/\/roveyayinevi.com.tr\/index.php\/wp-json\/wp\/v2\/product_tag?post=718603"}],"curies":[{"name":"wp","href":"https:\/\/api.w.org\/{rel}","templated":true}]}}