{"id":718601,"date":"2025-08-27T18:10:47","date_gmt":"2025-08-27T15:10:47","guid":{"rendered":"https:\/\/roveyayinevi.com.tr\/index.php\/urun\/turkiyenin-gelecegi\/"},"modified":"2026-04-16T02:26:45","modified_gmt":"2026-04-15T23:26:45","slug":"turkiyenin-gelecegi","status":"publish","type":"product","link":"https:\/\/roveyayinevi.com.tr\/index.php\/urun\/turkiyenin-gelecegi\/","title":{"rendered":"T\u00fcrkiye&#8217;nin Gelece\u011fi"},"content":{"rendered":"<p>Bu kitab\u0131 T\u00fcrkiye&#8217;nin gerileyen tar\u0131m ve hayvanc\u0131l\u0131ksekt\u00f6r\u00fcn\u00fc dikkate alarak yazd\u0131m. Amac\u0131m, tar\u0131m kesimininbir ekonomide yeri doldurulamayan bir kimli\u011fe sahip oldu\u011funuvurgulamakt\u0131r! \u0130kincisi ise T\u00fcrkiye&#8217;de bir t\u00fcrl\u00fcsermaye darbo\u011faz\u0131 a\u015f\u0131lamamaktad\u0131r. Bunun \u00e7\u00f6z\u00fcm\u00fcn\u00fcyani denizlerle \u00e7evrili olan T\u00fcrkiye&#8217;de k\u0131y\u0131 yat\u0131r\u0131mc\u0131lar\u0131nadavet \u00e7\u0131karmak olacakt\u0131r. K\u0131y\u0131 bankac\u0131l\u0131\u011f\u0131 yakla\u015f\u0131m\u0131 da bumodele i\u015flerlik kazand\u0131ran bir fakt\u00f6r olmaktad\u0131r.Umudum, kitapta i\u015flenen konular\u0131n, inisiyatif sahibikimseleri harekete ge\u00e7irmesidir. Bu temennimdeki dayana\u011f\u0131mise \u0130mam \u015eafi\u2019nin &#8220;Bir delil ile 40 alimi yendim, 40delil ile bir cahili yenemedim\u201d s\u00f6z\u00fcd\u00fcr.Gelece\u011fini parlak buldu\u011fum T\u00fcrkiye&#8217;yi daha y\u00fcksekrefah seviyelerinde g\u00f6rmek beklentisi i\u00e7inde kalarak sayg\u0131larsunuyorum.<\/p>\n","protected":false},"excerpt":{"rendered":"<p>Bu kitab\u0131 T\u00fcrkiye&#8217;nin gerileyen tar\u0131m ve hayvanc\u0131l\u0131ksekt\u00f6r\u00fcn\u00fc dikkate alarak yazd\u0131m. Amac\u0131m, tar\u0131m kesimininbir ekonomide yeri doldurulamayan bir kimli\u011fe sahip oldu\u011funuvurgulamakt\u0131r! \u0130kincisi ise T\u00fcrkiye&#8217;de bir t\u00fcrl\u00fcsermaye darbo\u011faz\u0131<span class=\"excerpt-hellip\"> [\u2026]<\/span><\/p>\n","protected":false},"featured_media":0,"template":"","meta":{"_monsterinsights_skip_tracking":false,"_monsterinsights_sitenote_active":false,"_monsterinsights_sitenote_note":"","_monsterinsights_sitenote_category":0},"product_brand":[],"product_cat":[13043,14144],"product_tag":[],"class_list":{"0":"post-718601","1":"product","2":"type-product","3":"status-publish","5":"product_cat-ekonomi","6":"product_cat-turkiye-ekonomisi","7":"pa_cilt-ciltsiz","8":"pa_tur-kitap","9":"pa_yayinevi-astana-yayinlari","10":"pa_yazar-i-dogan-kargul","12":"first","13":"instock","14":"sale","15":"shipping-taxable","16":"purchasable","17":"product-type-simple"},"_links":{"self":[{"href":"https:\/\/roveyayinevi.com.tr\/index.php\/wp-json\/wp\/v2\/product\/718601","targetHints":{"allow":["GET"]}}],"collection":[{"href":"https:\/\/roveyayinevi.com.tr\/index.php\/wp-json\/wp\/v2\/product"}],"about":[{"href":"https:\/\/roveyayinevi.com.tr\/index.php\/wp-json\/wp\/v2\/types\/product"}],"wp:attachment":[{"href":"https:\/\/roveyayinevi.com.tr\/index.php\/wp-json\/wp\/v2\/media?parent=718601"}],"wp:term":[{"taxonomy":"product_brand","embeddable":true,"href":"https:\/\/roveyayinevi.com.tr\/index.php\/wp-json\/wp\/v2\/product_brand?post=718601"},{"taxonomy":"product_cat","embeddable":true,"href":"https:\/\/roveyayinevi.com.tr\/index.php\/wp-json\/wp\/v2\/product_cat?post=718601"},{"taxonomy":"product_tag","embeddable":true,"href":"https:\/\/roveyayinevi.com.tr\/index.php\/wp-json\/wp\/v2\/product_tag?post=718601"}],"curies":[{"name":"wp","href":"https:\/\/api.w.org\/{rel}","templated":true}]}}