{"id":718600,"date":"2025-08-27T18:10:47","date_gmt":"2025-08-27T15:10:47","guid":{"rendered":"https:\/\/roveyayinevi.com.tr\/index.php\/urun\/her-sey-zihinde-baslar\/"},"modified":"2026-04-08T02:34:04","modified_gmt":"2026-04-07T23:34:04","slug":"her-sey-zihinde-baslar","status":"publish","type":"product","link":"https:\/\/roveyayinevi.com.tr\/index.php\/urun\/her-sey-zihinde-baslar\/","title":{"rendered":"Her \u015eey Zihinde Ba\u015flar"},"content":{"rendered":"<p>\u201c%100 D\u00fc\u015f\u00fcnceG\u00fcc\u00fc\u201d Kitab\u0131n\u0131nYazar\u0131 B\u00fct\u00fcn de\u011fi\u015fimlerin temeli, i\u00e7inizdengelenyenise\u00e7imlerleat\u0131l\u0131r. Her \u015feyin ba\u015flad\u0131\u011f\u0131 yer zihninizdir: d\u00fc\u015f\u00fcncelerinizin, hayallerinizin, ba\u015farabileceklerinizin\u2026 Zihniniz, hayat\u0131n\u0131z\u0131n merkezidir, bu y\u00fczden zihninizi kontrol etmeyi ba\u015fard\u0131\u011f\u0131n\u0131zda hayat\u0131n\u0131z\u0131 kontrol etmeyi de ba\u015far\u0131rs\u0131n\u0131z. Bu kitap size, inanc\u0131n g\u00fcc\u00fcyle zihninizi olumsuz ve y\u0131k\u0131c\u0131 d\u00fc\u015f\u00fcncelerden ar\u0131nd\u0131r\u0131p, olumlu ve yap\u0131c\u0131 d\u00fc\u015f\u00fcncelerle doldurarak zihinsel ve bedensel olarak yeni bir insan olman\u0131n m\u00fcmk\u00fcn oldu\u011funu g\u00f6sterecek. Sizi k\u0131s\u0131tlayan ve zihninize zincir vuran d\u00fc\u015f\u00fcnceleri nas\u0131l yok edece\u011finizi \u00f6\u011frendi\u011finizde \u00f6n\u00fcn\u00fczde yepyeni bir hayat\u0131n kap\u0131lar\u0131 a\u00e7\u0131lacak. <\/p>\n","protected":false},"excerpt":{"rendered":"<p>\u201c%100 D\u00fc\u015f\u00fcnceG\u00fcc\u00fc\u201d Kitab\u0131n\u0131nYazar\u0131 B\u00fct\u00fcn de\u011fi\u015fimlerin temeli, i\u00e7inizdengelenyenise\u00e7imlerleat\u0131l\u0131r. Her \u015feyin ba\u015flad\u0131\u011f\u0131 yer zihninizdir: d\u00fc\u015f\u00fcncelerinizin, hayallerinizin, ba\u015farabileceklerinizin\u2026 Zihniniz, hayat\u0131n\u0131z\u0131n merkezidir, bu y\u00fczden zihninizi kontrol etmeyi ba\u015fard\u0131\u011f\u0131n\u0131zda hayat\u0131n\u0131z\u0131 kontrol<span class=\"excerpt-hellip\"> [\u2026]<\/span><\/p>\n","protected":false},"featured_media":0,"template":"","meta":{"_monsterinsights_skip_tracking":false,"_monsterinsights_sitenote_active":false,"_monsterinsights_sitenote_note":"","_monsterinsights_sitenote_category":0},"product_brand":[],"product_cat":[12364,12376],"product_tag":[],"class_list":{"0":"post-718600","1":"product","2":"type-product","3":"status-publish","5":"product_cat-genel-konular","6":"product_cat-kisisel-gelisim","7":"pa_cilt-ciltsiz","8":"pa_tur-kitap","9":"pa_yayinevi-yakamoz-yayinevi","10":"pa_yazar-jack-ensign-addington-cornelia-addington","12":"first","13":"instock","14":"sale","15":"shipping-taxable","16":"purchasable","17":"product-type-simple"},"_links":{"self":[{"href":"https:\/\/roveyayinevi.com.tr\/index.php\/wp-json\/wp\/v2\/product\/718600","targetHints":{"allow":["GET"]}}],"collection":[{"href":"https:\/\/roveyayinevi.com.tr\/index.php\/wp-json\/wp\/v2\/product"}],"about":[{"href":"https:\/\/roveyayinevi.com.tr\/index.php\/wp-json\/wp\/v2\/types\/product"}],"wp:attachment":[{"href":"https:\/\/roveyayinevi.com.tr\/index.php\/wp-json\/wp\/v2\/media?parent=718600"}],"wp:term":[{"taxonomy":"product_brand","embeddable":true,"href":"https:\/\/roveyayinevi.com.tr\/index.php\/wp-json\/wp\/v2\/product_brand?post=718600"},{"taxonomy":"product_cat","embeddable":true,"href":"https:\/\/roveyayinevi.com.tr\/index.php\/wp-json\/wp\/v2\/product_cat?post=718600"},{"taxonomy":"product_tag","embeddable":true,"href":"https:\/\/roveyayinevi.com.tr\/index.php\/wp-json\/wp\/v2\/product_tag?post=718600"}],"curies":[{"name":"wp","href":"https:\/\/api.w.org\/{rel}","templated":true}]}}