{"id":718596,"date":"2025-08-27T18:10:44","date_gmt":"2025-08-27T15:10:44","guid":{"rendered":"https:\/\/roveyayinevi.com.tr\/index.php\/urun\/kitlesel-fonlama-hikayeleri\/"},"modified":"2026-04-16T02:26:45","modified_gmt":"2026-04-15T23:26:45","slug":"kitlesel-fonlama-hikayeleri","status":"publish","type":"product","link":"https:\/\/roveyayinevi.com.tr\/index.php\/urun\/kitlesel-fonlama-hikayeleri\/","title":{"rendered":"Kitlesel Fonlama Hikayeleri"},"content":{"rendered":"<p>Kitlesel fonlama. \u00dclkemizde yeni yeni tan\u0131nmaya ba\u015flayan, giri\u015fimcilik ekosistemi daha g\u00fc\u00e7l\u00fc \u00fclkelerde etkili bir \u015fekilde kullan\u0131lan, bir\u00e7ok projenin ger\u00e7ekle\u015fmesine vesile olan, ve s\u0131n\u0131rs\u0131z potansiyeli olan bir fonlama \u015fekli.  \u00d6ncelikle elbette \u201cKitlesel Fonlama Nedir\u2019\u2019 ile ba\u015flay\u0131p bu terimi tamam\u0131yla anlad\u0131\u011f\u0131m\u0131zdan emin olaca\u011f\u0131z. Bundan kast\u0131m\u0131z sadece teknik anlam\u0131 de\u011fil, bizim tecr\u00fcbe etti\u011fimiz kadar\u0131yla bizim i\u00e7in kitlesel fonlama nedir, bundan bahsedece\u011fiz.  Sonras\u0131nda biraz daha nedenlerine inip, \u201cneden insan, kurum ve proje kitlesel fonlamaya ba\u015fvurabilir\/ba\u015fvurmal\u0131d\u0131r\u2019\u2019\u0131 konu\u015faca\u011f\u0131z.  Son olarak kitlesel fonlama tecr\u00fcbesi ya\u015fam\u0131\u015f, ba\u015far\u0131l\u0131 ve ba\u015far\u0131s\u0131z olan ki\u015filerin hik\u00e2yelerini, s\u00fcre\u00e7lerini ve yapt\u0131klar\u0131n\u0131 dinleyece\u011fiz. Sebeplerini anlamaya \u00e7al\u0131\u015faca\u011f\u0131z.<\/p>\n","protected":false},"excerpt":{"rendered":"<p>Kitlesel fonlama. \u00dclkemizde yeni yeni tan\u0131nmaya ba\u015flayan, giri\u015fimcilik ekosistemi daha g\u00fc\u00e7l\u00fc \u00fclkelerde etkili bir \u015fekilde kullan\u0131lan, bir\u00e7ok projenin ger\u00e7ekle\u015fmesine vesile olan, ve s\u0131n\u0131rs\u0131z potansiyeli olan bir<span class=\"excerpt-hellip\"> [\u2026]<\/span><\/p>\n","protected":false},"featured_media":0,"template":"","meta":{"_monsterinsights_skip_tracking":false,"_monsterinsights_sitenote_active":false,"_monsterinsights_sitenote_note":"","_monsterinsights_sitenote_category":0},"product_brand":[],"product_cat":[13043,19008],"product_tag":[],"class_list":{"0":"post-718596","1":"product","2":"type-product","3":"status-publish","5":"product_cat-ekonomi","6":"product_cat-yonetim","7":"pa_cilt-ciltsiz","8":"pa_tur-kitap","9":"pa_yayinevi-abakus-kitap","10":"pa_yazar-percin-imrek-burak-kartal","12":"first","13":"instock","14":"sale","15":"shipping-taxable","16":"purchasable","17":"product-type-simple"},"_links":{"self":[{"href":"https:\/\/roveyayinevi.com.tr\/index.php\/wp-json\/wp\/v2\/product\/718596","targetHints":{"allow":["GET"]}}],"collection":[{"href":"https:\/\/roveyayinevi.com.tr\/index.php\/wp-json\/wp\/v2\/product"}],"about":[{"href":"https:\/\/roveyayinevi.com.tr\/index.php\/wp-json\/wp\/v2\/types\/product"}],"wp:attachment":[{"href":"https:\/\/roveyayinevi.com.tr\/index.php\/wp-json\/wp\/v2\/media?parent=718596"}],"wp:term":[{"taxonomy":"product_brand","embeddable":true,"href":"https:\/\/roveyayinevi.com.tr\/index.php\/wp-json\/wp\/v2\/product_brand?post=718596"},{"taxonomy":"product_cat","embeddable":true,"href":"https:\/\/roveyayinevi.com.tr\/index.php\/wp-json\/wp\/v2\/product_cat?post=718596"},{"taxonomy":"product_tag","embeddable":true,"href":"https:\/\/roveyayinevi.com.tr\/index.php\/wp-json\/wp\/v2\/product_tag?post=718596"}],"curies":[{"name":"wp","href":"https:\/\/api.w.org\/{rel}","templated":true}]}}