{"id":718595,"date":"2025-08-27T18:10:43","date_gmt":"2025-08-27T15:10:43","guid":{"rendered":"https:\/\/roveyayinevi.com.tr\/index.php\/urun\/longdra-3-kitap-ciltli\/"},"modified":"2026-04-16T02:26:45","modified_gmt":"2026-04-15T23:26:45","slug":"longdra-3-kitap-ciltli","status":"publish","type":"product","link":"https:\/\/roveyayinevi.com.tr\/index.php\/urun\/longdra-3-kitap-ciltli\/","title":{"rendered":"Longdra 3.Kitap (Ciltli)"},"content":{"rendered":"<p>\u00c7\u00f6pkent\u2019in yak\u0131lmas\u0131yla oradan ayr\u0131lan Iremonger\u2019lar Londra\u2019da! Kendilerine yeni bir ev bulmak istiyorlar ve bu konuda olduk\u00e7a kararl\u0131lar, \u00e7ok da sinirli! Onlarla birlikte gelen Hurdal\u0131k Hummas\u0131 sokaklarda kol gezerken hastalanan insanlar h\u0131zla nesnelere d\u00f6n\u00fc\u015f\u00fcyor!   Giderek kaosa s\u00fcr\u00fcklenen ve karanl\u0131\u011fa g\u00f6m\u00fclen Londra, her \u015feye ra\u011fmen \u00f6nemli bir g\u00fcne haz\u0131rlan\u0131yor. \u0130\u015fte Iremonger\u2019lar\u0131n b\u00fcy\u00fck plan\u0131 da ayn\u0131 g\u00fcn ger\u00e7ekle\u015fecek ve ba\u015far\u0131l\u0131 olurlarsa, daha do\u011frusu Clod ba\u015far\u0131l\u0131 olursa intikamlar\u0131n\u0131 al\u0131p sonunda kendilerine bir yuva bulacaklar.   Dikkatli olun! Iremonger\u2019lar Londra\u2019y\u0131, Longdra yapmaya geliyor!<\/p>\n","protected":false},"excerpt":{"rendered":"<p>\u00c7\u00f6pkent\u2019in yak\u0131lmas\u0131yla oradan ayr\u0131lan Iremonger\u2019lar Londra\u2019da! Kendilerine yeni bir ev bulmak istiyorlar ve bu konuda olduk\u00e7a kararl\u0131lar, \u00e7ok da sinirli! Onlarla birlikte gelen Hurdal\u0131k Hummas\u0131 sokaklarda<span class=\"excerpt-hellip\"> [\u2026]<\/span><\/p>\n","protected":false},"featured_media":0,"template":"","meta":{"_monsterinsights_skip_tracking":false,"_monsterinsights_sitenote_active":false,"_monsterinsights_sitenote_note":"","_monsterinsights_sitenote_category":0},"product_brand":[],"product_cat":[12291,12711],"product_tag":[],"class_list":{"0":"post-718595","1":"product","2":"type-product","3":"status-publish","5":"product_cat-edebiyat","6":"product_cat-roman-oyku","7":"pa_cilt-ciltli","8":"pa_tur-kitap","9":"pa_yayinevi-kirmizi-kedi-yayinevi","10":"pa_yazar-edward-carey","12":"first","13":"instock","14":"sale","15":"shipping-taxable","16":"purchasable","17":"product-type-simple"},"_links":{"self":[{"href":"https:\/\/roveyayinevi.com.tr\/index.php\/wp-json\/wp\/v2\/product\/718595","targetHints":{"allow":["GET"]}}],"collection":[{"href":"https:\/\/roveyayinevi.com.tr\/index.php\/wp-json\/wp\/v2\/product"}],"about":[{"href":"https:\/\/roveyayinevi.com.tr\/index.php\/wp-json\/wp\/v2\/types\/product"}],"wp:attachment":[{"href":"https:\/\/roveyayinevi.com.tr\/index.php\/wp-json\/wp\/v2\/media?parent=718595"}],"wp:term":[{"taxonomy":"product_brand","embeddable":true,"href":"https:\/\/roveyayinevi.com.tr\/index.php\/wp-json\/wp\/v2\/product_brand?post=718595"},{"taxonomy":"product_cat","embeddable":true,"href":"https:\/\/roveyayinevi.com.tr\/index.php\/wp-json\/wp\/v2\/product_cat?post=718595"},{"taxonomy":"product_tag","embeddable":true,"href":"https:\/\/roveyayinevi.com.tr\/index.php\/wp-json\/wp\/v2\/product_tag?post=718595"}],"curies":[{"name":"wp","href":"https:\/\/api.w.org\/{rel}","templated":true}]}}