{"id":718593,"date":"2025-08-27T18:10:42","date_gmt":"2025-08-27T15:10:42","guid":{"rendered":"https:\/\/roveyayinevi.com.tr\/index.php\/urun\/duha-suresi-insirah-suresi-tin-suresi\/"},"modified":"2026-04-16T02:26:45","modified_gmt":"2026-04-15T23:26:45","slug":"duha-suresi-insirah-suresi-tin-suresi","status":"publish","type":"product","link":"https:\/\/roveyayinevi.com.tr\/index.php\/urun\/duha-suresi-insirah-suresi-tin-suresi\/","title":{"rendered":"Duha Suresi \u0130n\u015firah Suresi T\u0131n Suresi"},"content":{"rendered":"<p>Duh\u00e2\u2019ya (ku\u015flukvaktine) veleyl\u2019e (geceye) yeminederim.\u201d (Duh\u00e2, 1-2) \u201cDuh\u00e2\u201ddan maksat, Peygamber\u2019in (s.a.s) parlak ruhaniyeti, \u201cleyl\u201d de onun gece gibi olan cisma niyetidir. Sultan Veled <\/p>\n","protected":false},"excerpt":{"rendered":"<p>Duh\u00e2\u2019ya (ku\u015flukvaktine) veleyl\u2019e (geceye) yeminederim.\u201d (Duh\u00e2, 1-2) \u201cDuh\u00e2\u201ddan maksat, Peygamber\u2019in (s.a.s) parlak ruhaniyeti, \u201cleyl\u201d de onun gece gibi olan cisma niyetidir. Sultan Veled<\/p>\n","protected":false},"featured_media":0,"template":"","meta":{"_monsterinsights_skip_tracking":false,"_monsterinsights_sitenote_active":false,"_monsterinsights_sitenote_note":"","_monsterinsights_sitenote_category":0},"product_brand":[],"product_cat":[12718,12719,17284],"product_tag":[],"class_list":{"0":"post-718593","1":"product","2":"type-product","3":"status-publish","5":"product_cat-din","6":"product_cat-islam","7":"product_cat-kuran-ve-kuran-uzerine","8":"pa_cilt-ciltsiz","9":"pa_tur-kitap","10":"pa_yayinevi-nefes-yayincilik","11":"pa_yazar-cemalnur-sargut","13":"first","14":"instock","15":"sale","16":"shipping-taxable","17":"purchasable","18":"product-type-simple"},"_links":{"self":[{"href":"https:\/\/roveyayinevi.com.tr\/index.php\/wp-json\/wp\/v2\/product\/718593","targetHints":{"allow":["GET"]}}],"collection":[{"href":"https:\/\/roveyayinevi.com.tr\/index.php\/wp-json\/wp\/v2\/product"}],"about":[{"href":"https:\/\/roveyayinevi.com.tr\/index.php\/wp-json\/wp\/v2\/types\/product"}],"wp:attachment":[{"href":"https:\/\/roveyayinevi.com.tr\/index.php\/wp-json\/wp\/v2\/media?parent=718593"}],"wp:term":[{"taxonomy":"product_brand","embeddable":true,"href":"https:\/\/roveyayinevi.com.tr\/index.php\/wp-json\/wp\/v2\/product_brand?post=718593"},{"taxonomy":"product_cat","embeddable":true,"href":"https:\/\/roveyayinevi.com.tr\/index.php\/wp-json\/wp\/v2\/product_cat?post=718593"},{"taxonomy":"product_tag","embeddable":true,"href":"https:\/\/roveyayinevi.com.tr\/index.php\/wp-json\/wp\/v2\/product_tag?post=718593"}],"curies":[{"name":"wp","href":"https:\/\/api.w.org\/{rel}","templated":true}]}}