{"id":718592,"date":"2025-08-27T18:10:42","date_gmt":"2025-08-27T15:10:42","guid":{"rendered":"https:\/\/roveyayinevi.com.tr\/index.php\/urun\/bir-okurgezerin-not-defteri\/"},"modified":"2026-04-16T02:26:45","modified_gmt":"2026-04-15T23:26:45","slug":"bir-okurgezerin-not-defteri","status":"publish","type":"product","link":"https:\/\/roveyayinevi.com.tr\/index.php\/urun\/bir-okurgezerin-not-defteri\/","title":{"rendered":"Bir Okurgezer&#8217;in Not Defteri"},"content":{"rendered":"<p>\u201cFarkl\u0131 bir kentte, yeni renklere, seslere, kokulara uyanmak kadar g\u00fczel bir \u015fey yoktur. D\u00fcnyada y\u00fczbinlerce kent var; g\u00fcne\u015f her kentte farkl\u0131 do\u011far, farkl\u0131 batar.\u201d \u0130ngilizcede seyahat anlam\u0131na gelen travel s\u00f6zc\u00fc\u011f\u00fc Latince trepaliare, yani i\u015fkence (!) s\u00f6zc\u00fc\u011f\u00fcnden t\u00fcremi\u015f. Frans\u0131zcada travaille olarak kar\u015f\u0131m\u0131za \u00e7\u0131k\u0131yor, yani \u201ci\u015f\u201d. Belli ki seyahat, keyif i\u00e7in yap\u0131lan bir \u015fey de\u011fil. G\u00fcn\u00fcm\u00fczde ise teknoloji geli\u015fti, seyahat kolayla\u015ft\u0131 ama insanlar da takvimlere, saatlere ve c\u00fczdan\u0131na tutsak hale geldi. Daha derin, daha anlaml\u0131, daha nitelikli gezi deneyimleri yerine art\u0131k \u015fablonlar var; mutlaka g\u00f6r\u00fclmesi gereken yerler listesi, mutlaka yenilmesi i\u00e7ilmesi gerekenler, g\u00f6zde var\u0131\u015f noktalar\u0131 var, hatta g\u00f6rme s\u0131ras\u0131 denen bir \u015fey var\u2026 \u0130\u015fte bu fikirden yola \u00e7\u0131kan F\u00fcsun Elio\u011flu, Avrupa gezilerinde tuttu\u011fu notlar\u0131, yapt\u0131\u011f\u0131 \u00f6n \u00e7al\u0131\u015fmalar\u0131, gezerken \u00f6\u011frendi\u011fi ve kendisine ilgin\u00e7 gelen konular hakk\u0131nda derlediklerini bir araya getirdi ve ortaya Bir Okurgezer\u2019in Not Defteri \u00e7\u0131kt\u0131.  Bu kitap, nesnel olmak kayg\u0131s\u0131yla yaz\u0131lmad\u0131, yani bir rehber kitap de\u011fil. Okura nereyi nas\u0131l gezece\u011fini anlatm\u0131yor. Seyahat deneyimleri payla\u015f\u0131yor ve \u201cSiz de gelin!\u201d diyor. Kitab\u0131n bir de s\u00fcrprizi var: Yazar\u0131n kendi desenleri. Renkli ve keyifli bir seyahatin s\u0131rlar\u0131 Bir Okurgezer\u2019in Not Defteri\u2019nde\u2026 <\/p>\n","protected":false},"excerpt":{"rendered":"<p>\u201cFarkl\u0131 bir kentte, yeni renklere, seslere, kokulara uyanmak kadar g\u00fczel bir \u015fey yoktur. D\u00fcnyada y\u00fczbinlerce kent var; g\u00fcne\u015f her kentte farkl\u0131 do\u011far, farkl\u0131 batar.\u201d \u0130ngilizcede seyahat<span class=\"excerpt-hellip\"> [\u2026]<\/span><\/p>\n","protected":false},"featured_media":0,"template":"","meta":{"_monsterinsights_skip_tracking":false,"_monsterinsights_sitenote_active":false,"_monsterinsights_sitenote_note":"","_monsterinsights_sitenote_category":0},"product_brand":[],"product_cat":[13054],"product_tag":[],"class_list":{"0":"post-718592","1":"product","2":"type-product","3":"status-publish","5":"product_cat-gezi-ve-rehber-kitaplari","6":"pa_cilt-ciltsiz","7":"pa_tur-kitap","8":"pa_yayinevi-kirmizi-kedi-yayinevi","9":"pa_yazar-fusun-elioglu","11":"first","12":"instock","13":"sale","14":"shipping-taxable","15":"purchasable","16":"product-type-simple"},"_links":{"self":[{"href":"https:\/\/roveyayinevi.com.tr\/index.php\/wp-json\/wp\/v2\/product\/718592","targetHints":{"allow":["GET"]}}],"collection":[{"href":"https:\/\/roveyayinevi.com.tr\/index.php\/wp-json\/wp\/v2\/product"}],"about":[{"href":"https:\/\/roveyayinevi.com.tr\/index.php\/wp-json\/wp\/v2\/types\/product"}],"wp:attachment":[{"href":"https:\/\/roveyayinevi.com.tr\/index.php\/wp-json\/wp\/v2\/media?parent=718592"}],"wp:term":[{"taxonomy":"product_brand","embeddable":true,"href":"https:\/\/roveyayinevi.com.tr\/index.php\/wp-json\/wp\/v2\/product_brand?post=718592"},{"taxonomy":"product_cat","embeddable":true,"href":"https:\/\/roveyayinevi.com.tr\/index.php\/wp-json\/wp\/v2\/product_cat?post=718592"},{"taxonomy":"product_tag","embeddable":true,"href":"https:\/\/roveyayinevi.com.tr\/index.php\/wp-json\/wp\/v2\/product_tag?post=718592"}],"curies":[{"name":"wp","href":"https:\/\/api.w.org\/{rel}","templated":true}]}}