{"id":718590,"date":"2025-08-27T18:10:40","date_gmt":"2025-08-27T15:10:40","guid":{"rendered":"https:\/\/roveyayinevi.com.tr\/index.php\/urun\/kizil-mars\/"},"modified":"2026-04-16T02:26:45","modified_gmt":"2026-04-15T23:26:45","slug":"kizil-mars","status":"publish","type":"product","link":"https:\/\/roveyayinevi.com.tr\/index.php\/urun\/kizil-mars\/","title":{"rendered":"K\u0131z\u0131l Mars"},"content":{"rendered":"<p>Nebula En \u0130yi Roman \u00d6d\u00fcl\u00fc BSFA En \u0130yi Roman \u00d6d\u00fcl\u00fc   \u201cSars\u0131c\u0131 bir kitap\u2026 Mars\u2019\u0131n kolonile\u015ftirilmesine dair yaz\u0131lm\u0131\u015f gelmi\u015f ge\u00e7mi\u015f en iyi roman.\u201d Arthur C. Clarke   \u201cK\u0131z\u0131l Mars 90\u2019l\u0131 y\u0131llar\u0131n M\u00fclks\u00fczler\u2019i olabilir; t\u0131pk\u0131 Le Guin\u2019in roman\u0131nda oldu\u011fu gibi, yeni y\u00fczy\u0131l\u0131n \u00f6ng\u00f6r\u00fclemeyen ihtimalleri kar\u015f\u0131s\u0131nda yeni politik fikirler uyand\u0131rabilir. K\u0131z\u0131l Mars, bilimkurguyla ana ak\u0131m roman\u0131n bir araya gelip uyu\u015ftu\u011fu, verdikleri hazdan bir \u015fey kaybetmedikleri nadir \u00f6rneklerden biri: Her iki \u015fekilde de okunabilir.\u201d \u2013Fredric Jameson   \u201cMuhte\u015fem bir kitap. Bilimsel arka plan ve teknolojik detaylar b\u00fct\u00fcn\u00fcyle tatmin edici, karakterler \u00e2deta canl\u0131, hik\u00e2ye m\u00fcthi\u015f finaline do\u011fru ilerlerken d\u00fcnya edebiyat\u0131n\u0131n nadir eserlerinde olabilecek bir \u015fekilde tarihe tan\u0131k oldu\u011funuz hissine kap\u0131l\u0131yorsunuz.\u201d Poul Anderson \u201cZaman\u0131m\u0131z\u0131n en iyi yazarlar\u0131ndan birinin elinden lirik, g\u00fczel, kusursuz bir gelecek hik\u00e2yesi.\u201d David Brin \u201cMARS B\u0130Z GELMEDEN O\u0308NCE BO\u015eTU. AMA BU H\u0130\u00c7B\u0130R \u015eEY OLMAMI\u015e\u0327 DEMEK DE\u011e\u0130LD\u0130.\u201d Kim Stanley Robinson, g\u00fcn\u00fcm\u00fcz bilimkurgusunun en b\u00fcy\u00fck ustalar\u0131ndan biri. \u00d6zellikle uzay \u00fczerine yazd\u0131\u011f\u0131 romanlarla 90\u2019lardan beri t\u00fcr\u00fcn geli\u015fimine katk\u0131da bulunan yazarlar\u0131n en \u00f6nde gelenlerinden. D\u00fcnyala\u015ft\u0131rma ve kolonile\u015fmeye bak\u0131\u015f a\u00e7\u0131m\u0131z\u0131 de\u011fi\u015ftiren K\u0131z\u0131l Mars ise hem bilimsel hem siyasi hem de sosyolojik a\u00e7\u0131dan \u015fimdiye dek yaz\u0131lm\u0131\u015f en ger\u00e7ek\u00e7i bilimkurgu romanlar\u0131n\u0131n ba\u015f\u0131nda geliyor. \u0130nsanl\u0131k art\u0131k Mars\u2019ta; \u00f6nce bir, sonra y\u00fcz ve giderek on binlerce insan\u2026 \u015eehirler kuruyor, t\u00fcneller kaz\u0131yor, sadece kraterlerden ve kayal\u0131klardan ibaret g\u00f6r\u00fcnen gezegeni kendi suretlerinde de\u011fi\u015ftiriyorlar. Ama cans\u0131z y\u00fczeyini kaz\u0131d\u0131k\u00e7a Mars onlar\u0131 giderek daha fazla kendine ba\u011fl\u0131yor, \u00e2\u015f\u0131k ediyor.   En ba\u015f\u0131ndan beri t\u00fcm k\u0131z\u0131ll\u0131\u011f\u0131yla bir hedef, ama\u00e7 olarak beliren Mars eskiden bir g\u00fc\u00e7t\u00fc, \u015fimdiyse bir mek\u00e2n: Amerika ve Rusya i\u00e7in yeni bir hegemonya alan\u0131, Araplar i\u00e7in toplumsal bask\u0131dan ka\u00e7\u0131\u015f, \u0130svi\u00e7reliler i\u00e7in bakir bir do\u011fa ve \u00fc\u00e7\u00fcnc\u00fc d\u00fcnya i\u00e7in n\u00fcfuslar\u0131n\u0131 aktaracaklar\u0131 bir koloni. Yine de ak\u0131llarda kalan bir soru var: Yeni yuvaya eskisinin sorunlar\u0131 da m\u0131 g\u00f6t\u00fcr\u00fclecek, yoksa bu gezegen kendi f\u0131rsatlar\u0131n\u0131 ve sorunlar\u0131n\u0131 dayatarak yeni bir topluma m\u0131 can verecek? Mars\u2019a gelenler i\u00e7in D\u00fcnya yaln\u0131zca geride b\u0131rak\u0131lm\u0131\u015f bir yuva olarak m\u0131 kalacak, yoksa K\u0131z\u0131l Gezegen\u2019in kaderinde yeni bir D\u00fcnya olmak m\u0131 var? <\/p>\n","protected":false},"excerpt":{"rendered":"<p>Nebula En \u0130yi Roman \u00d6d\u00fcl\u00fc BSFA En \u0130yi Roman \u00d6d\u00fcl\u00fc \u201cSars\u0131c\u0131 bir kitap\u2026 Mars\u2019\u0131n kolonile\u015ftirilmesine dair yaz\u0131lm\u0131\u015f gelmi\u015f ge\u00e7mi\u015f en iyi roman.\u201d Arthur C. Clarke \u201cK\u0131z\u0131l<span class=\"excerpt-hellip\"> [\u2026]<\/span><\/p>\n","protected":false},"featured_media":0,"template":"","meta":{"_monsterinsights_skip_tracking":false,"_monsterinsights_sitenote_active":false,"_monsterinsights_sitenote_note":"","_monsterinsights_sitenote_category":0},"product_brand":[],"product_cat":[12540,12291],"product_tag":[],"class_list":{"0":"post-718590","1":"product","2":"type-product","3":"status-publish","5":"product_cat-bilim-kurgu","6":"product_cat-edebiyat","7":"pa_cilt-ciltsiz","8":"pa_tur-kitap","9":"pa_yayinevi-ithaki-yayinlari","10":"pa_yazar-kim-stanley-robinson","12":"first","13":"instock","14":"sale","15":"shipping-taxable","16":"purchasable","17":"product-type-simple"},"_links":{"self":[{"href":"https:\/\/roveyayinevi.com.tr\/index.php\/wp-json\/wp\/v2\/product\/718590","targetHints":{"allow":["GET"]}}],"collection":[{"href":"https:\/\/roveyayinevi.com.tr\/index.php\/wp-json\/wp\/v2\/product"}],"about":[{"href":"https:\/\/roveyayinevi.com.tr\/index.php\/wp-json\/wp\/v2\/types\/product"}],"wp:attachment":[{"href":"https:\/\/roveyayinevi.com.tr\/index.php\/wp-json\/wp\/v2\/media?parent=718590"}],"wp:term":[{"taxonomy":"product_brand","embeddable":true,"href":"https:\/\/roveyayinevi.com.tr\/index.php\/wp-json\/wp\/v2\/product_brand?post=718590"},{"taxonomy":"product_cat","embeddable":true,"href":"https:\/\/roveyayinevi.com.tr\/index.php\/wp-json\/wp\/v2\/product_cat?post=718590"},{"taxonomy":"product_tag","embeddable":true,"href":"https:\/\/roveyayinevi.com.tr\/index.php\/wp-json\/wp\/v2\/product_tag?post=718590"}],"curies":[{"name":"wp","href":"https:\/\/api.w.org\/{rel}","templated":true}]}}