{"id":718589,"date":"2025-08-27T18:10:40","date_gmt":"2025-08-27T15:10:40","guid":{"rendered":"https:\/\/roveyayinevi.com.tr\/index.php\/urun\/siddetin-mitolojisi\/"},"modified":"2026-04-16T02:26:45","modified_gmt":"2026-04-15T23:26:45","slug":"siddetin-mitolojisi","status":"publish","type":"product","link":"https:\/\/roveyayinevi.com.tr\/index.php\/urun\/siddetin-mitolojisi\/","title":{"rendered":"\u015eiddetin Mitolojisi"},"content":{"rendered":"<p>\u015eiddetin Mitolojisi, \u015fiddetin sinemas\u0131n\u0131 ve sinema filmlerinde \u015fiddetin kullan\u0131m\u0131n\u0131 mercek alt\u0131na al\u0131yor.   T\u00fcrkiye sinemas\u0131n\u0131n \u00f6nemli isimlerinden Veysel Atayman&#8217;\u0131n Kiel&#8217;de yap\u0131lan &#8220;sinemada \u015fiddet&#8221; \u00e7al\u0131\u015fmas\u0131n\u0131 temel alarak haz\u0131rlad\u0131\u011f\u0131 eser, Martin Scorsese, Sergio Leone, Oliver Stone, David Lynch, Quentin Tarantino ve Stanley Kubrick filmlerinin ayr\u0131nt\u0131l\u0131 bir okumas\u0131n\u0131 ve ele\u015ftirisini okura sunuyor.   Eser ayr\u0131ca ana ak\u0131m sinema ve sinema terimleri hakk\u0131nda ek metinler de bar\u0131nd\u0131r\u0131yor. <\/p>\n","protected":false},"excerpt":{"rendered":"<p>\u015eiddetin Mitolojisi, \u015fiddetin sinemas\u0131n\u0131 ve sinema filmlerinde \u015fiddetin kullan\u0131m\u0131n\u0131 mercek alt\u0131na al\u0131yor. T\u00fcrkiye sinemas\u0131n\u0131n \u00f6nemli isimlerinden Veysel Atayman&#8217;\u0131n Kiel&#8217;de yap\u0131lan &#8220;sinemada \u015fiddet&#8221; \u00e7al\u0131\u015fmas\u0131n\u0131 temel alarak haz\u0131rlad\u0131\u011f\u0131<span class=\"excerpt-hellip\"> [\u2026]<\/span><\/p>\n","protected":false},"featured_media":0,"template":"","meta":{"_monsterinsights_skip_tracking":false,"_monsterinsights_sitenote_active":false,"_monsterinsights_sitenote_note":"","_monsterinsights_sitenote_category":0},"product_brand":[],"product_cat":[12409,12408],"product_tag":[],"class_list":{"0":"post-718589","1":"product","2":"type-product","3":"status-publish","5":"product_cat-fotograf-sinema-tiyatro","6":"product_cat-sanat","7":"pa_cilt-ciltsiz","8":"pa_tur-kitap","9":"pa_yayinevi-ithaki-yayinlari","10":"pa_yazar-veysel-atayman","12":"first","13":"instock","14":"sale","15":"shipping-taxable","16":"purchasable","17":"product-type-simple"},"_links":{"self":[{"href":"https:\/\/roveyayinevi.com.tr\/index.php\/wp-json\/wp\/v2\/product\/718589","targetHints":{"allow":["GET"]}}],"collection":[{"href":"https:\/\/roveyayinevi.com.tr\/index.php\/wp-json\/wp\/v2\/product"}],"about":[{"href":"https:\/\/roveyayinevi.com.tr\/index.php\/wp-json\/wp\/v2\/types\/product"}],"wp:attachment":[{"href":"https:\/\/roveyayinevi.com.tr\/index.php\/wp-json\/wp\/v2\/media?parent=718589"}],"wp:term":[{"taxonomy":"product_brand","embeddable":true,"href":"https:\/\/roveyayinevi.com.tr\/index.php\/wp-json\/wp\/v2\/product_brand?post=718589"},{"taxonomy":"product_cat","embeddable":true,"href":"https:\/\/roveyayinevi.com.tr\/index.php\/wp-json\/wp\/v2\/product_cat?post=718589"},{"taxonomy":"product_tag","embeddable":true,"href":"https:\/\/roveyayinevi.com.tr\/index.php\/wp-json\/wp\/v2\/product_tag?post=718589"}],"curies":[{"name":"wp","href":"https:\/\/api.w.org\/{rel}","templated":true}]}}