{"id":718588,"date":"2025-08-27T18:10:39","date_gmt":"2025-08-27T15:10:39","guid":{"rendered":"https:\/\/roveyayinevi.com.tr\/index.php\/urun\/ilginc-zamanlar\/"},"modified":"2026-04-16T02:26:45","modified_gmt":"2026-04-15T23:26:45","slug":"ilginc-zamanlar","status":"publish","type":"product","link":"https:\/\/roveyayinevi.com.tr\/index.php\/urun\/ilginc-zamanlar\/","title":{"rendered":"\u0130lgin\u00e7 Zamanlar"},"content":{"rendered":"<p>Devrim, vaktiyle bir ihtimaldi ve\u2026 bu kez \u00e7ok komikti!K\u00fclt yazar S\u00f6r Terry Pratchett\u2019\u0131n kaleme ald\u0131\u011f\u0131 \u201cDiskD\u00fcnya\u201d serisinin ilk kez T\u00fcrk\u00e7eye \u00e7evrilen yeni kitab\u0131 \u0130lgin\u00e7 Zamanlar, evrimin ve devrimin kalbinde, barbar kahramanlar\u0131n izinde ve eski-yeni nice karakterin nice bulu\u015fmalar\u0131nda s\u00fcren, kesintisiz bir ser\u00fcven.D\u00fcnya \u00e7ap\u0131nda 85 milyonun \u00fczerinde satan \u201cDiskD\u00fcnya\u201d serisinin on yedinci halkas\u0131 olan \u0130lgin\u00e7 Zamanlar, \u201cSihirbaz ve Kahramanlar\u201d alt dizisinin de be\u015finci kitab\u0131.\u201cB\u00fcy\u00fck Sihirbazz\u201d Rincewind\u2019in efsanevi d\u00f6n\u00fc\u015f\u00fc olarak da tan\u0131mlanabilecek bu s\u00fcr\u00fckleyici roman, Uzakdo\u011fu\u2019nun mistik atmosferinde s\u00fcregelen ac\u0131mas\u0131z bir taht kavgas\u0131n\u0131 ve aniden patlak veren nazik bir devrimi, benzersiz bir mizahi anlay\u0131\u015f\u0131yla yorumluyor.Diskd\u00fcnya\u2019n\u0131n en kadim, en esrarengiz imparatorlu\u011fu Agatea, bir s\u00fcredir karga\u015fa i\u00e7inde. Onu felakete s\u00fcr\u00fckleyen en \u00f6nemli etken ise, Tatilde Neler Yapt\u0131m isimli \u201cdevrimci\u201d bir kitap\u00e7\u0131k. K\u00f6yl\u00fcler birle\u015fiyor, \u00e7\u00fcnk\u00fc kaybedecek bir \u015feyleri yok&#8230; eh, mandalar\u0131 hari\u00e7. Ve sava\u015f ile tiranl\u0131k bir \u015fehirden \u00f6tekine yay\u0131l\u0131rken, bu korkun\u00e7 k\u0131y\u0131m\u0131 \u00f6nleyebilecek tek bir ki\u015finin ad\u0131ndan bahsediliyor: Ankh-Morpork\u2019tan ithal edilen, \u201csihirbaz\u201d s\u00f6zc\u00fc\u011f\u00fcn\u00fc yazmay\u0131 bile beceremeyen, g\u00f6bek ad\u0131 \u201ctalih\u201d, ilk ad\u0131 ise \u201ck\u00f6r\u201d olan, \u00fcnl\u00fc sihirbaz Rincewind!\u201cD\u00fcnyada yeterince kahraman vard\u0131. Fazladan bir taneye daha hi\u00e7 ihtiya\u00e7 yoktu. Buna kar\u015f\u0131l\u0131k d\u00fcnyada yaln\u0131zca tek bir Rincewind ya\u015f\u0131yordu ve Rincewind\u2019in bu numuneyi m\u00fcmk\u00fcn oldu\u011funca uzun s\u00fcre hayatta tutma konusunda d\u00fcnyaya kesin bir borcu vard\u0131&#8230;\u201dOkurlar\u0131n\u0131 e\u015fi benzeri g\u00f6r\u00fclmemi\u015f, \u00e7ok \u00f6zel bir \u201cf\u0131rt\u0131na kelebe\u011fi\u201dnin kanad\u0131nda fantastik bir maceraya s\u00fcr\u00fckleyen \u0130lgin\u00e7 Zamanlar, Terry Pratchett\u2019\u0131n ola\u011fan\u00fcst\u00fc mizahi dehas\u0131ndan beslenen esprili anlat\u0131m\u0131yla, yoluna kald\u0131\u011f\u0131 yerden devam ediyor.Niran El\u00e7i\u2019nin p\u00fcr\u00fczs\u00fcz T\u00fcrk\u00e7esi ve Delidolu\u2019nun \u00f6zenli bask\u0131s\u0131yla T\u00fcrkiye\u2019deki okurlar\u0131n\u0131n kar\u015f\u0131s\u0131na ilk kez \u00e7\u0131kan bu komik roman; politika, devrim, insan haklar\u0131, sava\u015f ve elbette bar\u0131\u015f (!) gibi konular \u00fczerine ciddi tespitlerde bulunarak, Diskd\u00fcnya\u2019n\u0131n bin y\u0131ll\u0131k tarihine g\u00fcn\u00fcm\u00fcz d\u00fcnyas\u0131ndan g\u00f6z k\u0131rp\u0131yor.<\/p>\n","protected":false},"excerpt":{"rendered":"<p>Devrim, vaktiyle bir ihtimaldi ve\u2026 bu kez \u00e7ok komikti!K\u00fclt yazar S\u00f6r Terry Pratchett\u2019\u0131n kaleme ald\u0131\u011f\u0131 \u201cDiskD\u00fcnya\u201d serisinin ilk kez T\u00fcrk\u00e7eye \u00e7evrilen yeni kitab\u0131 \u0130lgin\u00e7 Zamanlar, evrimin<span class=\"excerpt-hellip\"> [\u2026]<\/span><\/p>\n","protected":false},"featured_media":0,"template":"","meta":{"_monsterinsights_skip_tracking":false,"_monsterinsights_sitenote_active":false,"_monsterinsights_sitenote_note":"","_monsterinsights_sitenote_category":0},"product_brand":[],"product_cat":[12291,12711],"product_tag":[],"class_list":{"0":"post-718588","1":"product","2":"type-product","3":"status-publish","5":"product_cat-edebiyat","6":"product_cat-roman-oyku","7":"pa_cilt-ciltsiz","8":"pa_tur-kitap","9":"pa_yayinevi-delidolu","10":"pa_yazar-terry-pratchett","12":"first","13":"instock","14":"sale","15":"shipping-taxable","16":"purchasable","17":"product-type-simple"},"_links":{"self":[{"href":"https:\/\/roveyayinevi.com.tr\/index.php\/wp-json\/wp\/v2\/product\/718588","targetHints":{"allow":["GET"]}}],"collection":[{"href":"https:\/\/roveyayinevi.com.tr\/index.php\/wp-json\/wp\/v2\/product"}],"about":[{"href":"https:\/\/roveyayinevi.com.tr\/index.php\/wp-json\/wp\/v2\/types\/product"}],"wp:attachment":[{"href":"https:\/\/roveyayinevi.com.tr\/index.php\/wp-json\/wp\/v2\/media?parent=718588"}],"wp:term":[{"taxonomy":"product_brand","embeddable":true,"href":"https:\/\/roveyayinevi.com.tr\/index.php\/wp-json\/wp\/v2\/product_brand?post=718588"},{"taxonomy":"product_cat","embeddable":true,"href":"https:\/\/roveyayinevi.com.tr\/index.php\/wp-json\/wp\/v2\/product_cat?post=718588"},{"taxonomy":"product_tag","embeddable":true,"href":"https:\/\/roveyayinevi.com.tr\/index.php\/wp-json\/wp\/v2\/product_tag?post=718588"}],"curies":[{"name":"wp","href":"https:\/\/api.w.org\/{rel}","templated":true}]}}