{"id":718584,"date":"2025-08-27T18:10:36","date_gmt":"2025-08-27T15:10:36","guid":{"rendered":"https:\/\/roveyayinevi.com.tr\/index.php\/urun\/hashas-ve-emperyalizm\/"},"modified":"2026-04-16T02:26:45","modified_gmt":"2026-04-15T23:26:45","slug":"hashas-ve-emperyalizm","status":"publish","type":"product","link":"https:\/\/roveyayinevi.com.tr\/index.php\/urun\/hashas-ve-emperyalizm\/","title":{"rendered":"Ha\u015fha\u015f ve Emperyalizm"},"content":{"rendered":"<p>HA\u015eHA\u015e VE EMPERYAL\u0130ZM iki ba\u015fl\u0131k alt\u0131nda toplanabilecek bir ara\u015ft\u0131rmad\u0131r. \u0130lkinde Anadolu, \u00f6zellikle de Ege k\u00f6yl\u00fcs\u00fcn\u00fcn ana ge\u00e7im kaynaklar\u0131ndan biri olan ulusal \u00fcr\u00fcn\u00fcm\u00fcz ha\u015fha\u015f\u0131n \u201c12 Mart\u201d ve \u201cemperyalizm\u201d duvar\u0131na toslayarak yasaklanmas\u0131 ve bunun meydana getirdi\u011fi sonu\u00e7lar irdeleniyor. Di\u011ferinde ise Aytun\u00e7 Alt\u0131ndal\u2019\u0131n 1969-1974 y\u0131llar\u0131 aras\u0131nda yay\u0131mlanm\u0131\u015f incelemeleri ile makaleleri yer al\u0131yor. Yay\u0131mland\u0131klar\u0131 g\u00fcnlerde olduk\u00e7a ilgi \u00e7ekmi\u015f olan bu tespitleri okuyup da analitik a\u00e7\u0131dan de\u011ferlendirebilenler kapitalist-emperyalist s\u00f6m\u00fcr\u00fcn\u00fcn tar\u0131msal alandaki \u00f6zelliklerini g\u00f6steren baz\u0131 somut \u00f6rnekleri bulacaklard\u0131r. \u0130lgin\u00e7 olan bir di\u011fer husus da \u015fudur ki, bu kitapta \u00f6ng\u00f6r\u00fclm\u00fc\u015f olan t\u00fcm varsay\u0131mlar daha sonraki y\u0131llarda bu \u00f6ng\u00f6r\u00fcleri do\u011frulayacak \u015fekilde ger\u00e7ekle\u015fmi\u015ftir. \u00d6rne\u011fin g\u00fcn\u00fcm\u00fczden yakla\u015f\u0131k yar\u0131m as\u0131r \u00f6nce Tolkien\u2019in \u00fcnl\u00fc roman\u0131 Y\u00fcz\u00fcklerin Efendisi i\u00e7in Aytun\u00e7 Alt\u0131ndal, \u201cBu yazar ve kitab\u0131 \u00f6n\u00fcm\u00fczdeki on y\u0131llarda d\u00fcnyada \u00e7ok \u00fcnlendirilecektir!\u201d demi\u015fti. Benzer \u015fekilde yine yar\u0131m as\u0131r \u00f6nce Zen-Budizm vb. dinlerin T\u00fcrkiye\u2019de yayg\u0131nla\u015ft\u0131r\u0131laca\u011f\u0131n\u0131 \u00e7\u00fcnk\u00fc b\u00f6yle bir \u201c\u00dcst Tasar\u0131m\u201d bulundu\u011funu yazm\u0131\u015ft\u0131. Aktard\u0131\u011f\u0131m\u0131z bu iki \u00f6rne\u011fin d\u0131\u015f\u0131nda daha pek \u00e7ok \u00f6ng\u00f6r\u00fcn\u00fcn g\u00fcn\u00fcm\u00fczde nas\u0131l da hayat buldu\u011funu \u015fa\u015fk\u0131nl\u0131k i\u00e7inde okurken Aytun\u00e7 Alt\u0131ndal\u2019\u0131n uzak g\u00f6r\u00fc\u015fl\u00fcl\u00fc\u011f\u00fcne bir kez daha \u015fapka \u00e7\u0131karacaks\u0131n\u0131z&#8230; <\/p>\n","protected":false},"excerpt":{"rendered":"<p>HA\u015eHA\u015e VE EMPERYAL\u0130ZM iki ba\u015fl\u0131k alt\u0131nda toplanabilecek bir ara\u015ft\u0131rmad\u0131r. \u0130lkinde Anadolu, \u00f6zellikle de Ege k\u00f6yl\u00fcs\u00fcn\u00fcn ana ge\u00e7im kaynaklar\u0131ndan biri olan ulusal \u00fcr\u00fcn\u00fcm\u00fcz ha\u015fha\u015f\u0131n \u201c12 Mart\u201d ve<span class=\"excerpt-hellip\"> [\u2026]<\/span><\/p>\n","protected":false},"featured_media":0,"template":"","meta":{"_monsterinsights_skip_tracking":false,"_monsterinsights_sitenote_active":false,"_monsterinsights_sitenote_note":"","_monsterinsights_sitenote_category":0},"product_brand":[],"product_cat":[13590,12337],"product_tag":[],"class_list":{"0":"post-718584","1":"product","2":"type-product","3":"status-publish","5":"product_cat-arastirma-inceleme-politika-siyaset","6":"product_cat-politika-siyaset","7":"pa_cilt-ciltsiz","8":"pa_tur-kitap","9":"pa_yayinevi-destek-yayinlari","10":"pa_yazar-aytunc-altindal","12":"first","13":"instock","14":"sale","15":"shipping-taxable","16":"purchasable","17":"product-type-simple"},"_links":{"self":[{"href":"https:\/\/roveyayinevi.com.tr\/index.php\/wp-json\/wp\/v2\/product\/718584","targetHints":{"allow":["GET"]}}],"collection":[{"href":"https:\/\/roveyayinevi.com.tr\/index.php\/wp-json\/wp\/v2\/product"}],"about":[{"href":"https:\/\/roveyayinevi.com.tr\/index.php\/wp-json\/wp\/v2\/types\/product"}],"wp:attachment":[{"href":"https:\/\/roveyayinevi.com.tr\/index.php\/wp-json\/wp\/v2\/media?parent=718584"}],"wp:term":[{"taxonomy":"product_brand","embeddable":true,"href":"https:\/\/roveyayinevi.com.tr\/index.php\/wp-json\/wp\/v2\/product_brand?post=718584"},{"taxonomy":"product_cat","embeddable":true,"href":"https:\/\/roveyayinevi.com.tr\/index.php\/wp-json\/wp\/v2\/product_cat?post=718584"},{"taxonomy":"product_tag","embeddable":true,"href":"https:\/\/roveyayinevi.com.tr\/index.php\/wp-json\/wp\/v2\/product_tag?post=718584"}],"curies":[{"name":"wp","href":"https:\/\/api.w.org\/{rel}","templated":true}]}}