{"id":718582,"date":"2025-08-27T18:10:35","date_gmt":"2025-08-27T15:10:35","guid":{"rendered":"https:\/\/roveyayinevi.com.tr\/index.php\/urun\/kont-oderland\/"},"modified":"2026-04-16T02:26:45","modified_gmt":"2026-04-15T23:26:45","slug":"kont-oderland","status":"publish","type":"product","link":"https:\/\/roveyayinevi.com.tr\/index.php\/urun\/kont-oderland\/","title":{"rendered":"Kont \u00d6derland"},"content":{"rendered":"<p>Hi\u00e7bir zaman yerine getirilmeyen ve bu y\u00fczden de iktidar devralmay\u0131 hep bir ilerleme olarak g\u00f6stermeye yarayan bir s\u00fcr\u00fc laf ve b\u00fcy\u00fck vaat vard\u0131r. Devasa bir b\u00fcrokrasinin, \u015fekilsiz bir yap\u0131n\u0131n i\u00e7inde benli\u011fini, kimli\u011fini yitiren insana anlaml\u0131 bir tutunma noktas\u0131 bulunabilir mi? Sistemin i\u00e7inde kaybolan insan nas\u0131l direnebilir? Max Frisch, Kont \u00d6derland\u2019da bizi iktidar ve sembolleri \u00fczerine d\u00fc\u015f\u00fcnmeye \u00e7a\u011f\u0131r\u0131yor. <\/p>\n","protected":false},"excerpt":{"rendered":"<p>Hi\u00e7bir zaman yerine getirilmeyen ve bu y\u00fczden de iktidar devralmay\u0131 hep bir ilerleme olarak g\u00f6stermeye yarayan bir s\u00fcr\u00fc laf ve b\u00fcy\u00fck vaat vard\u0131r. Devasa bir b\u00fcrokrasinin,<span class=\"excerpt-hellip\"> [\u2026]<\/span><\/p>\n","protected":false},"featured_media":0,"template":"","meta":{"_monsterinsights_skip_tracking":false,"_monsterinsights_sitenote_active":false,"_monsterinsights_sitenote_note":"","_monsterinsights_sitenote_category":0},"product_brand":[],"product_cat":[12291,12711],"product_tag":[],"class_list":{"0":"post-718582","1":"product","2":"type-product","3":"status-publish","5":"product_cat-edebiyat","6":"product_cat-roman-oyku","7":"pa_cilt-ciltsiz","8":"pa_tur-kitap","9":"pa_yayinevi-can-yayinlari","10":"pa_yazar-max-frisch","12":"first","13":"instock","14":"sale","15":"shipping-taxable","16":"purchasable","17":"product-type-simple"},"_links":{"self":[{"href":"https:\/\/roveyayinevi.com.tr\/index.php\/wp-json\/wp\/v2\/product\/718582","targetHints":{"allow":["GET"]}}],"collection":[{"href":"https:\/\/roveyayinevi.com.tr\/index.php\/wp-json\/wp\/v2\/product"}],"about":[{"href":"https:\/\/roveyayinevi.com.tr\/index.php\/wp-json\/wp\/v2\/types\/product"}],"wp:attachment":[{"href":"https:\/\/roveyayinevi.com.tr\/index.php\/wp-json\/wp\/v2\/media?parent=718582"}],"wp:term":[{"taxonomy":"product_brand","embeddable":true,"href":"https:\/\/roveyayinevi.com.tr\/index.php\/wp-json\/wp\/v2\/product_brand?post=718582"},{"taxonomy":"product_cat","embeddable":true,"href":"https:\/\/roveyayinevi.com.tr\/index.php\/wp-json\/wp\/v2\/product_cat?post=718582"},{"taxonomy":"product_tag","embeddable":true,"href":"https:\/\/roveyayinevi.com.tr\/index.php\/wp-json\/wp\/v2\/product_tag?post=718582"}],"curies":[{"name":"wp","href":"https:\/\/api.w.org\/{rel}","templated":true}]}}