{"id":718578,"date":"2025-08-27T18:10:31","date_gmt":"2025-08-27T15:10:31","guid":{"rendered":"https:\/\/roveyayinevi.com.tr\/index.php\/urun\/kuyucakli-yusuf-13\/"},"modified":"2026-04-16T02:26:45","modified_gmt":"2026-04-15T23:26:45","slug":"kuyucakli-yusuf-13","status":"publish","type":"product","link":"https:\/\/roveyayinevi.com.tr\/index.php\/urun\/kuyucakli-yusuf-13\/","title":{"rendered":"Kuyucakl\u0131 Yusuf"},"content":{"rendered":"<p>\u0130nsan dedi\u011fin mahluk hi\u00e7bir \u015fey de\u011fi\u015ftiremez. Bunun i\u00e7in, g\u00f6nl\u00fcn\u00fcn rahat olmas\u0131n\u0131 istersen, g\u00f6rd\u00fc\u011f\u00fcn fenal\u0131klar\u0131n bile bir hikmeti oldu\u011funu d\u00fc\u015f\u00fcn ve yery\u00fcz\u00fcnde olmayan iyilikleri oraya getirmek sevdas\u0131na kap\u0131lma&#8230; Sonra en m\u00fchimi: Kendini halinden \u015fik\u00e2yet etmeye al\u0131\u015ft\u0131rma. \u00d6mr\u00fcn\u00fcn sonuna kadar d\u00f6v\u00fcnsen bu hayat\u0131n cefas\u0131 t\u00fckenmez. Deh\u015fet dolu bir olay\u0131n g\u00f6lgesinde b\u00fcy\u00fcm\u00fc\u015f k\u00f6yl\u00fc bir gencin m\u00fccadelesini anlatan Kuyucakl\u0131 Yusuf, ta\u015fra ve ta\u015fral\u0131l\u0131k \u00fczerine zaman\u0131n\u0131n \u00f6tesinde bir roman. <\/p>\n","protected":false},"excerpt":{"rendered":"<p>\u0130nsan dedi\u011fin mahluk hi\u00e7bir \u015fey de\u011fi\u015ftiremez. Bunun i\u00e7in, g\u00f6nl\u00fcn\u00fcn rahat olmas\u0131n\u0131 istersen, g\u00f6rd\u00fc\u011f\u00fcn fenal\u0131klar\u0131n bile bir hikmeti oldu\u011funu d\u00fc\u015f\u00fcn ve yery\u00fcz\u00fcnde olmayan iyilikleri oraya getirmek sevdas\u0131na<span class=\"excerpt-hellip\"> [\u2026]<\/span><\/p>\n","protected":false},"featured_media":0,"template":"","meta":{"_monsterinsights_skip_tracking":false,"_monsterinsights_sitenote_active":false,"_monsterinsights_sitenote_note":"","_monsterinsights_sitenote_category":0},"product_brand":[],"product_cat":[12291,12711],"product_tag":[],"class_list":{"0":"post-718578","1":"product","2":"type-product","3":"status-publish","5":"product_cat-edebiyat","6":"product_cat-roman-oyku","7":"pa_cilt-ciltsiz","8":"pa_tur-kitap","9":"pa_yayinevi-can-yayinlari","10":"pa_yazar-sabahattin-ali","12":"first","13":"instock","14":"sale","15":"shipping-taxable","16":"purchasable","17":"product-type-simple"},"_links":{"self":[{"href":"https:\/\/roveyayinevi.com.tr\/index.php\/wp-json\/wp\/v2\/product\/718578","targetHints":{"allow":["GET"]}}],"collection":[{"href":"https:\/\/roveyayinevi.com.tr\/index.php\/wp-json\/wp\/v2\/product"}],"about":[{"href":"https:\/\/roveyayinevi.com.tr\/index.php\/wp-json\/wp\/v2\/types\/product"}],"wp:attachment":[{"href":"https:\/\/roveyayinevi.com.tr\/index.php\/wp-json\/wp\/v2\/media?parent=718578"}],"wp:term":[{"taxonomy":"product_brand","embeddable":true,"href":"https:\/\/roveyayinevi.com.tr\/index.php\/wp-json\/wp\/v2\/product_brand?post=718578"},{"taxonomy":"product_cat","embeddable":true,"href":"https:\/\/roveyayinevi.com.tr\/index.php\/wp-json\/wp\/v2\/product_cat?post=718578"},{"taxonomy":"product_tag","embeddable":true,"href":"https:\/\/roveyayinevi.com.tr\/index.php\/wp-json\/wp\/v2\/product_tag?post=718578"}],"curies":[{"name":"wp","href":"https:\/\/api.w.org\/{rel}","templated":true}]}}