{"id":718577,"date":"2025-08-27T18:10:30","date_gmt":"2025-08-27T15:10:30","guid":{"rendered":"https:\/\/roveyayinevi.com.tr\/index.php\/urun\/kurk-mantolu-madonna-14\/"},"modified":"2026-04-16T02:26:45","modified_gmt":"2026-04-15T23:26:45","slug":"kurk-mantolu-madonna-14","status":"publish","type":"product","link":"https:\/\/roveyayinevi.com.tr\/index.php\/urun\/kurk-mantolu-madonna-14\/","title":{"rendered":"K\u00fcrk Mantolu Madonna"},"content":{"rendered":"<p>Ve bir g\u00fcn her \u015fey bitti&#8230; O kadar basit, o kadar kati bir \u015fekilde bitti ki, ilk anda i\u015fin azametini anlamak benim i\u00e7in m\u00fcmk\u00fcn olmad\u0131&#8230; Yaln\u0131z biraz \u015fa\u015f\u0131rd\u0131m, bir hayli \u00fcz\u00fcld\u00fcm; fakat bu hadisenin hayat\u0131m \u00fczerinde bu kadar b\u00fcy\u00fck, bu kadar de\u011fi\u015fmez bir tesiri olaca\u011f\u0131n\u0131 asla d\u00fc\u015f\u00fcnmedim. K\u00fcrk Mantolu Madonna, g\u00fczel ve etkileyici bir kad\u0131n\u0131n portresinin \u00f6n\u00fcnde ba\u015flayan ve y\u0131llar sonra, kara kapl\u0131 bir defterin sat\u0131rlar\u0131nda son bulan sars\u0131c\u0131 bir ba\u015fyap\u0131t. <\/p>\n","protected":false},"excerpt":{"rendered":"<p>Ve bir g\u00fcn her \u015fey bitti&#8230; O kadar basit, o kadar kati bir \u015fekilde bitti ki, ilk anda i\u015fin azametini anlamak benim i\u00e7in m\u00fcmk\u00fcn olmad\u0131&#8230; Yaln\u0131z<span class=\"excerpt-hellip\"> [\u2026]<\/span><\/p>\n","protected":false},"featured_media":0,"template":"","meta":{"_monsterinsights_skip_tracking":false,"_monsterinsights_sitenote_active":false,"_monsterinsights_sitenote_note":"","_monsterinsights_sitenote_category":0},"product_brand":[],"product_cat":[12291,12711],"product_tag":[],"class_list":{"0":"post-718577","1":"product","2":"type-product","3":"status-publish","5":"product_cat-edebiyat","6":"product_cat-roman-oyku","7":"pa_cilt-ciltsiz","8":"pa_tur-kitap","9":"pa_yayinevi-can-yayinlari","10":"pa_yazar-sabahattin-ali","12":"first","13":"instock","14":"sale","15":"shipping-taxable","16":"purchasable","17":"product-type-simple"},"_links":{"self":[{"href":"https:\/\/roveyayinevi.com.tr\/index.php\/wp-json\/wp\/v2\/product\/718577","targetHints":{"allow":["GET"]}}],"collection":[{"href":"https:\/\/roveyayinevi.com.tr\/index.php\/wp-json\/wp\/v2\/product"}],"about":[{"href":"https:\/\/roveyayinevi.com.tr\/index.php\/wp-json\/wp\/v2\/types\/product"}],"wp:attachment":[{"href":"https:\/\/roveyayinevi.com.tr\/index.php\/wp-json\/wp\/v2\/media?parent=718577"}],"wp:term":[{"taxonomy":"product_brand","embeddable":true,"href":"https:\/\/roveyayinevi.com.tr\/index.php\/wp-json\/wp\/v2\/product_brand?post=718577"},{"taxonomy":"product_cat","embeddable":true,"href":"https:\/\/roveyayinevi.com.tr\/index.php\/wp-json\/wp\/v2\/product_cat?post=718577"},{"taxonomy":"product_tag","embeddable":true,"href":"https:\/\/roveyayinevi.com.tr\/index.php\/wp-json\/wp\/v2\/product_tag?post=718577"}],"curies":[{"name":"wp","href":"https:\/\/api.w.org\/{rel}","templated":true}]}}