{"id":718572,"date":"2025-08-27T18:10:27","date_gmt":"2025-08-27T15:10:27","guid":{"rendered":"https:\/\/roveyayinevi.com.tr\/index.php\/urun\/buyuk-donusum\/"},"modified":"2026-04-16T02:26:45","modified_gmt":"2026-04-15T23:26:45","slug":"buyuk-donusum","status":"publish","type":"product","link":"https:\/\/roveyayinevi.com.tr\/index.php\/urun\/buyuk-donusum\/","title":{"rendered":"B\u00fcy\u00fck D\u00f6n\u00fc\u015f\u00fcm"},"content":{"rendered":"<p>Tanr\u0131\u2019n\u0131n Tarihi ve Tanr\u0131 Savunusu\u2019nun \u00e7oksatan yazar\u0131 Karen Armstrong\u2019dan din\u00ee d\u00fc\u015f\u00fcncenin geli\u015fimindeki en \u00f6nemli d\u00f6nemlerden birine dair al\u0131\u015f\u0131lmad\u0131k bir eser M\u00d6 dokuzuncu y\u00fczy\u0131lda d\u00f6rt farkl\u0131 b\u00f6lgede ya\u015fayan insanlar, g\u00fcn\u00fcm\u00fcze dek devam eden felsefi ve din\u00ee gelenekleri ortaya \u00e7\u0131kard\u0131lar: \u00c7in\u2019de Konf\u00fc\u00e7y\u00fcs\u00e7\u00fcl\u00fck ve Taoizm, Hindistan\u2019da Hinduizm ve Budizm, \u0130srail\u2019de tektanr\u0131c\u0131l\u0131k ve Yunanistan\u2019da felsefi rasyonalizm. Sonraki nesiller bu ilk \u00f6ng\u00f6r\u00fcleri geli\u015ftirdiler ama bunlar\u0131n \u00f6tesine hi\u00e7 ge\u00e7emedik. Rabinik Musevilik, Hristiyanl\u0131k ve \u0130slam, orijinal \u0130srail g\u00f6r\u00fc\u015f\u00fcn\u00fcn ikinci bir a\u00e7\u0131l\u0131m\u0131yd\u0131. B\u00fcy\u00fck D\u00f6n\u00fc\u015f\u00fcm\u2019de Karen Armstrong, \u201cEksen \u00c7a\u011f\u0131\u201dn\u0131n d\u00fc\u015f\u00fcn\u00fcrlerinin g\u00fcn\u00fcm\u00fczde kar\u015f\u0131m\u0131za \u00e7\u0131kan \u015fiddete kar\u015f\u0131 bize nas\u0131l yard\u0131mc\u0131 olabilece\u011fini anlat\u0131yor.Armstrong, Eksen \u00c7a\u011f\u0131\u2019n\u0131n geli\u015fimini kronolojik bir bi\u00e7imde izleyerek, Buda\u2019y\u0131, Sokrates\u2019i, Konf\u00fc\u00e7y\u00fcs\u2019\u00fc, Yeremya\u2019y\u0131 ve di\u011ferlerini mercek alt\u0131na al\u0131yor. Eksen \u00c7a\u011f\u0131\u2019nda ortaya \u00e7\u0131kan t\u00fcm inan\u00e7lar, daha \u00f6nce e\u015fi g\u00f6r\u00fclmemi\u015f bir \u015fiddete tepki olarak do\u011fmu\u015ftu. Vurgular\u0131 farkl\u0131 olsa da bencillikten men etme ve \u015fefkati \u00f6ne \u00e7\u0131karma konusunda hemfikirdirler. Korku, umutsuzluk, nefret, \u00f6fke ve \u015fiddetle ba\u015fa \u00e7\u0131kma konusunda Eksen \u00c7a\u011f\u0131 bilgeleri bize iki \u00f6nemli tavsiyede bulunuyor: \u00d6ncelikle ki\u015fisel sorumluluk ve \u00f6z ele\u015ftiri gerekmektedir, bunlar\u0131 da etkin eylemler izlemelidir.Kitab\u0131n ilk ve son b\u00f6l\u00fcm\u00fcnde Armstrong, bu tinselliklerin bug\u00fcnk\u00fc din\u00ee anlay\u0131\u015f\u0131m\u0131z\u0131 nas\u0131l sorgulad\u0131\u011f\u0131n\u0131 d\u00fc\u015f\u00fcnmemizi istiyor. \u0130nan\u00e7 ile doktrinsel uyumu birbirine kar\u0131\u015ft\u0131r\u0131yoruz ancak Eksen \u00c7a\u011f\u0131\u2019n\u0131n gelenekleri dogmalar hakk\u0131nda de\u011fildi. Hepsi, en k\u00f6t\u00fc zamanlarda bile \u015fefkati emrederdi. Her bir Eksen \u00c7a\u011f\u0131 bilgesi \u015fiddet ve nefretten disiplinli bir \u015fekilde uzak durmay\u0131 tavsiye etmi\u015fti.B\u00fcy\u00fck D\u00f6n\u00fc\u015f\u00fcm\u2019de Karen Armstrong bu ola\u011fan\u00fcst\u00fc d\u00f6nemi inceliyor ve birbirlerinden bu kadar uzakta ya\u015fayan filozof, mistik ve ilahiyat\u00e7\u0131lar\u0131n ba\u011f\u0131n\u0131 ara\u015ft\u0131r\u0131yor. Bu kitap, bug\u00fcn bildi\u011fimiz din\u00ee inan\u0131\u015flar\u0131n nas\u0131l olu\u015ftu\u011funun k\u00fcresel bir anlat\u0131s\u0131d\u0131r.\u201cMuhte\u015fem bir kitap\u2026 A\u00e7\u0131k ve okunakl\u0131\u2026 Mezhep kavgalar\u0131n\u0131n ve asker\u00ee \u00e7at\u0131\u015fmalar\u0131n s\u0131k ya\u015fand\u0131\u011f\u0131 bir d\u00fcnya i\u00e7in ila\u00e7 gibi.\u201dThe New York Times\u201cB\u00fcy\u00fck D\u00f6n\u00fc\u015f\u00fcm, Karen Armstrong\u2019un en iyi hali\u2026 karma\u015f\u0131k tarihi net bir \u00fcslupla dam\u0131t\u0131p anlat\u0131yor. Din\u00ee benliklerimizi \u015fefkate, ba\u015fkas\u0131na y\u00f6nelik sevgi ve al\u00e7akg\u00f6n\u00fcll\u00fcl\u00fc\u011fe y\u00f6neltme \u00e7a\u011fr\u0131s\u0131 ilham verici.\u201dThe Washington Post\u201cBelki de bug\u00fcne kadarki en iddial\u0131 eseri\u2026 Dikkatlice ara\u015ft\u0131r\u0131lm\u0131\u015f ve ak\u0131c\u0131.\u201dThe San Francisco Chronicle\u201c\u0130lgi \u00e7ekici bir tarih anlat\u0131s\u0131\u2026 Fevkalade ve h\u0131zla okunuyor\u2026 Son derece ge\u00e7erli.\u201dJulie Wheelwright, Independent\u201cArmstrong dinler tarihini ne kadar iyi bildi\u011fini g\u00f6steriyor.\u201dFelipe Fernandez-Armesto, The Times\u201cArmstrong al\u0131\u015f\u0131k oldu\u011fumuz \u015fekilde okunakl\u0131 ve a\u00e7\u0131k bir bi\u00e7imde yaz\u0131yor. Bu kitaptan bir\u00e7ok \u015fey \u00f6\u011frenmemek i\u00e7in \u00e7ok \u00e7abalamak laz\u0131m.\u201dDiarmaid MacCulloch, Guardian\u201cBu kitap defalarca \u00f6v\u00fclmeyi hak ediyor.\u201dBryan Appleyard, Sunday Times<\/p>\n","protected":false},"excerpt":{"rendered":"<p>Tanr\u0131\u2019n\u0131n Tarihi ve Tanr\u0131 Savunusu\u2019nun \u00e7oksatan yazar\u0131 Karen Armstrong\u2019dan din\u00ee d\u00fc\u015f\u00fcncenin geli\u015fimindeki en \u00f6nemli d\u00f6nemlerden birine dair al\u0131\u015f\u0131lmad\u0131k bir eser M\u00d6 dokuzuncu y\u00fczy\u0131lda d\u00f6rt farkl\u0131 b\u00f6lgede<span class=\"excerpt-hellip\"> [\u2026]<\/span><\/p>\n","protected":false},"featured_media":0,"template":"","meta":{"_monsterinsights_skip_tracking":false,"_monsterinsights_sitenote_active":false,"_monsterinsights_sitenote_note":"","_monsterinsights_sitenote_category":0},"product_brand":[],"product_cat":[12325,12324],"product_tag":[],"class_list":{"0":"post-718572","1":"product","2":"type-product","3":"status-publish","5":"product_cat-diger-sosyoloji","6":"product_cat-sosyoloji","7":"pa_cilt-ciltsiz","8":"pa_tur-kitap","9":"pa_yayinevi-pegasus-yayinlari","10":"pa_yazar-karen-armstrong","12":"first","13":"instock","14":"sale","15":"shipping-taxable","16":"purchasable","17":"product-type-simple"},"_links":{"self":[{"href":"https:\/\/roveyayinevi.com.tr\/index.php\/wp-json\/wp\/v2\/product\/718572","targetHints":{"allow":["GET"]}}],"collection":[{"href":"https:\/\/roveyayinevi.com.tr\/index.php\/wp-json\/wp\/v2\/product"}],"about":[{"href":"https:\/\/roveyayinevi.com.tr\/index.php\/wp-json\/wp\/v2\/types\/product"}],"wp:attachment":[{"href":"https:\/\/roveyayinevi.com.tr\/index.php\/wp-json\/wp\/v2\/media?parent=718572"}],"wp:term":[{"taxonomy":"product_brand","embeddable":true,"href":"https:\/\/roveyayinevi.com.tr\/index.php\/wp-json\/wp\/v2\/product_brand?post=718572"},{"taxonomy":"product_cat","embeddable":true,"href":"https:\/\/roveyayinevi.com.tr\/index.php\/wp-json\/wp\/v2\/product_cat?post=718572"},{"taxonomy":"product_tag","embeddable":true,"href":"https:\/\/roveyayinevi.com.tr\/index.php\/wp-json\/wp\/v2\/product_tag?post=718572"}],"curies":[{"name":"wp","href":"https:\/\/api.w.org\/{rel}","templated":true}]}}