{"id":718570,"date":"2025-08-27T18:10:26","date_gmt":"2025-08-27T15:10:26","guid":{"rendered":"https:\/\/roveyayinevi.com.tr\/index.php\/urun\/tohumun-hikayesi\/"},"modified":"2026-04-16T02:26:45","modified_gmt":"2026-04-15T23:26:45","slug":"tohumun-hikayesi","status":"publish","type":"product","link":"https:\/\/roveyayinevi.com.tr\/index.php\/urun\/tohumun-hikayesi\/","title":{"rendered":"Tohumun Hikayesi"},"content":{"rendered":"<p>VandanaShiva, d\u00fcnyadaki t\u00fcm k\u00fc\u00e7\u00fck k\u00f6yl\u00fclerin en sad\u0131k dostudur. Kariyerini elinin tersiyle bir kenara iterek, b\u00fct\u00fcn bildiklerini onlar i\u00e7in vakfetmeye s\u00f6z vermi\u015ftir. Hindistan\u2019dan ba\u015flayarak nerede k\u00fc\u00e7\u00fck k\u00f6yl\u00fc lehine bir hareket varsa, orada haz\u0131r bulunmu\u015ftur. Onlara bilgileri ile destek olmu\u015f, varl\u0131\u011f\u0131yla kol kanat germi\u015ftir. VandanaShiva pelerini olmayan bir kahramand\u0131r. Tohumun Hikayesi, k\u00fc\u00e7\u00fcklere tohumun ne oldu\u011funu, onu nas\u0131l korumam\u0131z gerekti\u011finizi sadele\u015ftirilmi\u015f bir dille anlat\u0131rken, b\u00fcy\u00fcklere ise tohuma sahip \u00e7\u0131kma ve gelecek ku\u015faklara onun k\u0131ymetini anlat\u0131p aktarma g\u00f6revini veriyor. \u201cTohumlar\u0131 korumak ve \u00e7o\u011faltmak, onlar\u0131 de\u011ferli bir miras olarak \u00e7ocuklar\u0131m\u0131za, torunlar\u0131m\u0131za b\u0131rakmak ve \u00f6zg\u00fcrce de\u011fi\u015f toku\u015f etmek insanlar\u0131n en temel hakk\u0131 ve ya\u015fam g\u00fcvencesidir.\u201d diyor VandanaShiva. Bu kitap, herkesi ya\u015fan\u0131labilir bir d\u00fcnya i\u00e7in ufak da olsa katk\u0131 yapmaya ve \u00e7\u00f6z\u00fcm bulmaya davet ediyor. Tohumun Hikayesi hem k\u00fc\u00e7\u00fcklere hem b\u00fcy\u00fcklere yaz\u0131lm\u0131\u015f bir kitapt\u0131r. T\u0131pk\u0131 d\u00fcnyan\u0131n ba\u015fka yerlerinde oldu\u011fu gibi, \u00fclkemizde de geleneksel tar\u0131m yok ediliyor. Atal\u0131k tohumlar\u0131m\u0131z azal\u0131yor ve kayboluyor. Tohumun Hikayesi i\u015fte bu gidi\u015fata dikkat \u00e7ekmek ve k\u00fc\u00e7\u00fcklere moral vermek i\u00e7in yaz\u0131ld\u0131. Tohumumuz yoksa gelece\u011fimiz de yok. Tohumuna ve gelece\u011fine sahip \u00e7\u0131k!  <\/p>\n","protected":false},"excerpt":{"rendered":"<p>VandanaShiva, d\u00fcnyadaki t\u00fcm k\u00fc\u00e7\u00fck k\u00f6yl\u00fclerin en sad\u0131k dostudur. Kariyerini elinin tersiyle bir kenara iterek, b\u00fct\u00fcn bildiklerini onlar i\u00e7in vakfetmeye s\u00f6z vermi\u015ftir. Hindistan\u2019dan ba\u015flayarak nerede k\u00fc\u00e7\u00fck k\u00f6yl\u00fc<span class=\"excerpt-hellip\"> [\u2026]<\/span><\/p>\n","protected":false},"featured_media":0,"template":"","meta":{"_monsterinsights_skip_tracking":false,"_monsterinsights_sitenote_active":false,"_monsterinsights_sitenote_note":"","_monsterinsights_sitenote_category":0},"product_brand":[],"product_cat":[23323,12364],"product_tag":[],"class_list":{"0":"post-718570","1":"product","2":"type-product","3":"status-publish","5":"product_cat-ekoloji","6":"product_cat-genel-konular","7":"pa_cilt-ciltsiz","8":"pa_tur-kitap","9":"pa_yayinevi-yeni-insan-yayinlari","10":"pa_yazar-vandana-shiva","12":"first","13":"instock","14":"sale","15":"shipping-taxable","16":"purchasable","17":"product-type-simple"},"_links":{"self":[{"href":"https:\/\/roveyayinevi.com.tr\/index.php\/wp-json\/wp\/v2\/product\/718570","targetHints":{"allow":["GET"]}}],"collection":[{"href":"https:\/\/roveyayinevi.com.tr\/index.php\/wp-json\/wp\/v2\/product"}],"about":[{"href":"https:\/\/roveyayinevi.com.tr\/index.php\/wp-json\/wp\/v2\/types\/product"}],"wp:attachment":[{"href":"https:\/\/roveyayinevi.com.tr\/index.php\/wp-json\/wp\/v2\/media?parent=718570"}],"wp:term":[{"taxonomy":"product_brand","embeddable":true,"href":"https:\/\/roveyayinevi.com.tr\/index.php\/wp-json\/wp\/v2\/product_brand?post=718570"},{"taxonomy":"product_cat","embeddable":true,"href":"https:\/\/roveyayinevi.com.tr\/index.php\/wp-json\/wp\/v2\/product_cat?post=718570"},{"taxonomy":"product_tag","embeddable":true,"href":"https:\/\/roveyayinevi.com.tr\/index.php\/wp-json\/wp\/v2\/product_tag?post=718570"}],"curies":[{"name":"wp","href":"https:\/\/api.w.org\/{rel}","templated":true}]}}