{"id":718569,"date":"2025-08-27T18:10:26","date_gmt":"2025-08-27T15:10:26","guid":{"rendered":"https:\/\/roveyayinevi.com.tr\/index.php\/urun\/mitolojinin-muzigi\/"},"modified":"2026-04-16T02:26:45","modified_gmt":"2026-04-15T23:26:45","slug":"mitolojinin-muzigi","status":"publish","type":"product","link":"https:\/\/roveyayinevi.com.tr\/index.php\/urun\/mitolojinin-muzigi\/","title":{"rendered":"Mitolojinin M\u00fczi\u011fi"},"content":{"rendered":"<p>Viking gemileri 9. y\u00fczy\u0131lda o zamanki ad\u0131yla Konstantinopolis\u2019e demir atm\u0131\u015f, \u015fehri istila etmek i\u00e7in d\u00f6rt bir taraftan sald\u0131r\u0131 ger\u00e7ekle\u015ftirmi\u015fti. Viking askerleri, o d\u00f6nem bu \u015fehri almay\u0131 ba\u015faramad\u0131 ama g\u00fcn\u00fcm\u00fczde Viking k\u00fclt\u00fcr\u00fc d\u00fcnyan\u0131n her yerinde oldu\u011fu gibi \u00fclkemizde de hi\u00e7 olmad\u0131\u011f\u0131 kadar pop\u00fcler. Thor gibi \u00e7izgi roman uyarlamas\u0131 filmler ve Vikings gibi televizyon dizileriyle \u0130skandinav mitolojisine ve Vikinglere duyulan ilgi her ge\u00e7en g\u00fcn b\u00fcy\u00fcyor. Viking k\u00fclt\u00fcr\u00fcn\u00fcn m\u00fczik sahnesindeki el\u00e7ili\u011fini ise Amon Amarth yap\u0131yor. \u0130sve\u00e7li grup \u015fark\u0131 s\u00f6zlerinden sahne \u015fovlar\u0131na kadar att\u0131klar\u0131 her ad\u0131mda Viking k\u00fclt\u00fcr\u00fcn\u00fc ya\u015fat\u0131yor.U\u011fur K\u0131l\u0131n\u00e7 \u201cMitolojinin M\u00fczi\u011fi\u201d ana ba\u015fl\u0131kl\u0131 bu kapsaml\u0131 ara\u015ft\u0131rmas\u0131nda heavy metal ve \u0130skandinav Mitolojisinin tuhaf evlili\u011finden do\u011fan melodilerin pe\u015finden gidiyor. \u015eark\u0131lar\u0131n hikayelerini, mitolojiyle ba\u011flant\u0131lar\u0131n\u0131 inceliyor, sat\u0131rlar\u0131n alt\u0131ndaki gizli anlamlar\u0131n izini bir dedektif gibi s\u00fcr\u00fcyor. Yeri geliyor, Amon Amarth\u2019\u0131n vokalisti Johan Hegg\u2019e kay\u0131t cihaz\u0131n\u0131 uzat\u0131yor, \u015fark\u0131 s\u00f6zlerindeki mitolojik altyap\u0131y\u0131 bizzat bu Viking c\u00fcsseli m\u00fczisyenden dinliyor, yeri geliyor, g\u00f6stergebilimsel \u00e7\u00f6z\u00fcmleme y\u00f6ntemiyle grubun diskografisini masaya yat\u0131r\u0131yor. Mitolojinin M\u00fczi\u011fi kadar m\u00fczi\u011fin mitolojisini de ele al\u0131yor yazar. Ses ve m\u00fczi\u011fin hik\u00e2yesini kabilelerin b\u00fcy\u00fclerinden ba\u015flat\u0131yor, notalar\u0131n yolculu\u011funu d\u00f6nemle\u015ftirerek irdeliyor ve g\u00fcn\u00fcm\u00fcze uzanmas\u0131n\u0131 hi\u00e7bir n\u00fcans\u0131 atlamadan ba\u015far\u0131yla anlat\u0131yor.Ve tabii konu Amon Amarth\u2019a ve heavy metal\u2019e gelince distortion pedal\u0131na bas\u0131l\u0131yor, elektro gitarlardan \u00e7\u0131\u011fl\u0131klar y\u00fckseliyor, davulun temposu art\u0131yor. Hayat\u0131nda a\u011f\u0131r metal dinlemeyenlere Amon Amarth\u2019\u0131n m\u00fczi\u011fini son ses dinletebilecek bir ara\u015ft\u0131rma metni bu. Vikinglerin \u0130stanbul i\u015fgalini anlatan Varyags of Miklagaard \u015fark\u0131s\u0131 e\u015fli\u011finde okursan\u0131z okyanusu ve denizleri a\u015farak bo\u011faza demir atm\u0131\u015f ejderha kafal\u0131 Viking gemilerini g\u00f6rebilirsiniz. Odin a\u015fk\u0131na, merak etmeyin. Bu defa baltalar\u0131 ve kalkanlar\u0131yla de\u011fil, gitarlar\u0131, davullar\u0131 ve nefis hik\u00e2yeleriyle gelmi\u015f olmal\u0131lar!Do\u011fu Y\u00fccel<\/p>\n","protected":false},"excerpt":{"rendered":"<p>Viking gemileri 9. y\u00fczy\u0131lda o zamanki ad\u0131yla Konstantinopolis\u2019e demir atm\u0131\u015f, \u015fehri istila etmek i\u00e7in d\u00f6rt bir taraftan sald\u0131r\u0131 ger\u00e7ekle\u015ftirmi\u015fti. Viking askerleri, o d\u00f6nem bu \u015fehri almay\u0131<span class=\"excerpt-hellip\"> [\u2026]<\/span><\/p>\n","protected":false},"featured_media":0,"template":"","meta":{"_monsterinsights_skip_tracking":false,"_monsterinsights_sitenote_active":false,"_monsterinsights_sitenote_note":"","_monsterinsights_sitenote_category":0},"product_brand":[],"product_cat":[12718,12858],"product_tag":[],"class_list":{"0":"post-718569","1":"product","2":"type-product","3":"status-publish","5":"product_cat-din","6":"product_cat-mitolojiler","7":"pa_cilt-ciltsiz","8":"pa_tur-kitap","9":"pa_yayinevi-karakum-yayinevi","10":"pa_yazar-ugur-kilinc","12":"first","13":"instock","14":"sale","15":"shipping-taxable","16":"purchasable","17":"product-type-simple"},"_links":{"self":[{"href":"https:\/\/roveyayinevi.com.tr\/index.php\/wp-json\/wp\/v2\/product\/718569","targetHints":{"allow":["GET"]}}],"collection":[{"href":"https:\/\/roveyayinevi.com.tr\/index.php\/wp-json\/wp\/v2\/product"}],"about":[{"href":"https:\/\/roveyayinevi.com.tr\/index.php\/wp-json\/wp\/v2\/types\/product"}],"wp:attachment":[{"href":"https:\/\/roveyayinevi.com.tr\/index.php\/wp-json\/wp\/v2\/media?parent=718569"}],"wp:term":[{"taxonomy":"product_brand","embeddable":true,"href":"https:\/\/roveyayinevi.com.tr\/index.php\/wp-json\/wp\/v2\/product_brand?post=718569"},{"taxonomy":"product_cat","embeddable":true,"href":"https:\/\/roveyayinevi.com.tr\/index.php\/wp-json\/wp\/v2\/product_cat?post=718569"},{"taxonomy":"product_tag","embeddable":true,"href":"https:\/\/roveyayinevi.com.tr\/index.php\/wp-json\/wp\/v2\/product_tag?post=718569"}],"curies":[{"name":"wp","href":"https:\/\/api.w.org\/{rel}","templated":true}]}}