{"id":718568,"date":"2025-08-27T18:10:25","date_gmt":"2025-08-27T15:10:25","guid":{"rendered":"https:\/\/roveyayinevi.com.tr\/index.php\/urun\/kurulus-osmangazi\/"},"modified":"2026-04-16T02:26:45","modified_gmt":"2026-04-15T23:26:45","slug":"kurulus-osmangazi","status":"publish","type":"product","link":"https:\/\/roveyayinevi.com.tr\/index.php\/urun\/kurulus-osmangazi\/","title":{"rendered":"Kurulu\u015f Osmangazi"},"content":{"rendered":"<p>Erken d\u00f6nem Osmanl\u0131 kaynaklar\u0131nda, Osmanl\u0131 Beyli\u011fi\u2019ni ortaya \u00e7\u0131karan \u015fartlar ve 13. y\u00fczy\u0131l\u0131n ikinci yar\u0131s\u0131ndaki geli\u015fmeler hakk\u0131nda nitelikli bir bilgi yoktur. Oysa Osmanl\u0131 Devleti\u2019nin kurulu\u015funun iyi anla\u015f\u0131labilmesi, 13. y\u00fczy\u0131lda \u00f6zellikle de bu y\u00fczy\u0131l\u0131n ikinci yar\u0131s\u0131nda Anadolu\u2019nun g\u00f6r\u00fcn\u00fc\u015f\u00fcn\u00fcn iyi belirlenmesine ba\u011fl\u0131d\u0131r.Bu titiz ve \u00f6zg\u00fcn \u00e7al\u0131\u015fma, Osman Gazi devrindeki ve dolay\u0131s\u0131yla Osmanl\u0131\u2019n\u0131n kurulu\u015fundaki \u015fu sorulara cevap vermesiyle T\u00fcrk tarih yaz\u0131m\u0131 a\u00e7\u0131s\u0131ndan olduk\u00e7a kritik bir \u00f6neme sahiptir.Osman Gazi\u2019nin geni\u015fleme stratejisi hangi temellere oturmaktad\u0131r?Hangi esaslardan hareket etmektedir?Osman Gazi elindeki kaynaklar\u0131 nas\u0131l kullanm\u0131\u015ft\u0131r?Elindeki kaynaklar\u0131 geli\u015fen ihtiya\u00e7lara g\u00f6re nas\u0131l geli\u015ftirmi\u015ftir?Osman Gazi\u2019nin siyasi hedefleri neler olmu\u015ftur?Bu hedeflere ula\u015fmak i\u00e7in nas\u0131l bir strateji izlemi\u015ftir?Kurulu\u015fun tarihi \u00fczerine tart\u0131\u015fmalar nas\u0131l de\u011ferlendirilmelidir?Kurulu\u015f Osman Gazi: Karacahisar ve Osmanl\u0131\u2019n\u0131n Temelleri, Osman Gazi\u2019nin stratejisini yeniden yorumluyor. \u00c7al\u0131\u015fma, 2016 y\u0131l\u0131nda kaybetti\u011fimiz Prof. Dr. Halil \u0130nalc\u0131k\u2019\u0131n Osmanl\u0131 Devleti\u2019nin kurulu\u015funa y\u00f6nelik 2009 y\u0131l\u0131nda ortaya koydu\u011fu Yalova 1302 tezini de ele al\u0131yor. S\u00f6z konusu tezin ortaya kondu\u011fu Osmanl\u0131\u2019n\u0131n Kurulu\u015fu 1302 Sempozyumu\u2019nun Bilim Kurulu \u00fcyesi Cezmi Karasu, kurulu\u015f tarihi tart\u0131\u015fmalar\u0131na \u00f6nemli bir katk\u0131 sunuyor. Ayr\u0131ca kitapta Bafeus Sava\u015f\u0131 mercek alt\u0131na al\u0131n\u0131yor.<\/p>\n","protected":false},"excerpt":{"rendered":"<p>Erken d\u00f6nem Osmanl\u0131 kaynaklar\u0131nda, Osmanl\u0131 Beyli\u011fi\u2019ni ortaya \u00e7\u0131karan \u015fartlar ve 13. y\u00fczy\u0131l\u0131n ikinci yar\u0131s\u0131ndaki geli\u015fmeler hakk\u0131nda nitelikli bir bilgi yoktur. Oysa Osmanl\u0131 Devleti\u2019nin kurulu\u015funun iyi anla\u015f\u0131labilmesi,<span class=\"excerpt-hellip\"> [\u2026]<\/span><\/p>\n","protected":false},"featured_media":0,"template":"","meta":{"_monsterinsights_skip_tracking":false,"_monsterinsights_sitenote_active":false,"_monsterinsights_sitenote_note":"","_monsterinsights_sitenote_category":0},"product_brand":[],"product_cat":[12370,12304],"product_tag":[],"class_list":{"0":"post-718568","1":"product","2":"type-product","3":"status-publish","5":"product_cat-arastirma-inceleme","6":"product_cat-tarih","7":"pa_cilt-ciltsiz","8":"pa_tur-kitap","9":"pa_yayinevi-karakum-yayinevi","10":"pa_yazar-kolektif","12":"first","13":"instock","14":"sale","15":"shipping-taxable","16":"purchasable","17":"product-type-simple"},"_links":{"self":[{"href":"https:\/\/roveyayinevi.com.tr\/index.php\/wp-json\/wp\/v2\/product\/718568","targetHints":{"allow":["GET"]}}],"collection":[{"href":"https:\/\/roveyayinevi.com.tr\/index.php\/wp-json\/wp\/v2\/product"}],"about":[{"href":"https:\/\/roveyayinevi.com.tr\/index.php\/wp-json\/wp\/v2\/types\/product"}],"wp:attachment":[{"href":"https:\/\/roveyayinevi.com.tr\/index.php\/wp-json\/wp\/v2\/media?parent=718568"}],"wp:term":[{"taxonomy":"product_brand","embeddable":true,"href":"https:\/\/roveyayinevi.com.tr\/index.php\/wp-json\/wp\/v2\/product_brand?post=718568"},{"taxonomy":"product_cat","embeddable":true,"href":"https:\/\/roveyayinevi.com.tr\/index.php\/wp-json\/wp\/v2\/product_cat?post=718568"},{"taxonomy":"product_tag","embeddable":true,"href":"https:\/\/roveyayinevi.com.tr\/index.php\/wp-json\/wp\/v2\/product_tag?post=718568"}],"curies":[{"name":"wp","href":"https:\/\/api.w.org\/{rel}","templated":true}]}}