{"id":718565,"date":"2025-08-27T18:10:23","date_gmt":"2025-08-27T15:10:23","guid":{"rendered":"https:\/\/roveyayinevi.com.tr\/index.php\/urun\/dijital-yazilar\/"},"modified":"2026-04-08T02:34:03","modified_gmt":"2026-04-07T23:34:03","slug":"dijital-yazilar","status":"publish","type":"product","link":"https:\/\/roveyayinevi.com.tr\/index.php\/urun\/dijital-yazilar\/","title":{"rendered":"Dijital Yaz\u0131lar"},"content":{"rendered":"<p>\u201cYeni bir \u00e7a\u011f ba\u015fl\u0131yor dostlar\u0131m; cam\u0131n, naylonun, kartonun \u00e7a\u011f\u0131\u2026 \u00c7\u00fcr\u00fcmeyenin ama olmayan\u0131n da\u2026\u201cDijital \u00c7a\u011f\u201d diyoruz ad\u0131na. Her yerde, her \u015feyin, her an haz\u0131r oldu\u011fu ama asla heves edilmedi\u011fi.Yan\u0131na kendi edebiyat t\u00fcr\u00fcn\u00fc alarak hem de: Dijital yaz\u0131lar\u0131\u2026\u201d\u0130smet Emre<\/p>\n","protected":false},"excerpt":{"rendered":"<p>\u201cYeni bir \u00e7a\u011f ba\u015fl\u0131yor dostlar\u0131m; cam\u0131n, naylonun, kartonun \u00e7a\u011f\u0131\u2026 \u00c7\u00fcr\u00fcmeyenin ama olmayan\u0131n da\u2026\u201cDijital \u00c7a\u011f\u201d diyoruz ad\u0131na. Her yerde, her \u015feyin, her an haz\u0131r oldu\u011fu ama asla<span class=\"excerpt-hellip\"> [\u2026]<\/span><\/p>\n","protected":false},"featured_media":0,"template":"","meta":{"_monsterinsights_skip_tracking":false,"_monsterinsights_sitenote_active":false,"_monsterinsights_sitenote_note":"","_monsterinsights_sitenote_category":0},"product_brand":[],"product_cat":[12291,12711],"product_tag":[],"class_list":{"0":"post-718565","1":"product","2":"type-product","3":"status-publish","5":"product_cat-edebiyat","6":"product_cat-roman-oyku","7":"pa_cilt-ciltsiz","8":"pa_tur-kitap","9":"pa_yayinevi-karakum-yayinevi","10":"pa_yazar-ismet-emre","12":"first","13":"instock","14":"sale","15":"shipping-taxable","16":"purchasable","17":"product-type-simple"},"_links":{"self":[{"href":"https:\/\/roveyayinevi.com.tr\/index.php\/wp-json\/wp\/v2\/product\/718565","targetHints":{"allow":["GET"]}}],"collection":[{"href":"https:\/\/roveyayinevi.com.tr\/index.php\/wp-json\/wp\/v2\/product"}],"about":[{"href":"https:\/\/roveyayinevi.com.tr\/index.php\/wp-json\/wp\/v2\/types\/product"}],"wp:attachment":[{"href":"https:\/\/roveyayinevi.com.tr\/index.php\/wp-json\/wp\/v2\/media?parent=718565"}],"wp:term":[{"taxonomy":"product_brand","embeddable":true,"href":"https:\/\/roveyayinevi.com.tr\/index.php\/wp-json\/wp\/v2\/product_brand?post=718565"},{"taxonomy":"product_cat","embeddable":true,"href":"https:\/\/roveyayinevi.com.tr\/index.php\/wp-json\/wp\/v2\/product_cat?post=718565"},{"taxonomy":"product_tag","embeddable":true,"href":"https:\/\/roveyayinevi.com.tr\/index.php\/wp-json\/wp\/v2\/product_tag?post=718565"}],"curies":[{"name":"wp","href":"https:\/\/api.w.org\/{rel}","templated":true}]}}