{"id":718563,"date":"2025-08-27T18:10:22","date_gmt":"2025-08-27T15:10:22","guid":{"rendered":"https:\/\/roveyayinevi.com.tr\/index.php\/urun\/kahramanin-sinemadaki-yolculugu\/"},"modified":"2026-04-16T02:26:44","modified_gmt":"2026-04-15T23:26:44","slug":"kahramanin-sinemadaki-yolculugu","status":"publish","type":"product","link":"https:\/\/roveyayinevi.com.tr\/index.php\/urun\/kahramanin-sinemadaki-yolculugu\/","title":{"rendered":"Kahraman\u0131n Sinemadaki Yolculu\u011fu"},"content":{"rendered":"<p>Mitten beslenen kahramanlar \u00f6nce anlat\u0131 gelene\u011fine sonra yaz\u0131l\u0131 k\u00fclt\u00fcre, g\u00fcn\u00fcm\u00fczde ise g\u00f6rsel ve dijital platforma ta\u015f\u0131nm\u0131\u015ft\u0131r. Anlat\u0131lara ve kahramanlar\u0131na y\u00fcklenen anlamlar ise insanl\u0131\u011f\u0131n ortak haf\u0131zas\u0131 sayesinde g\u00fcn\u00fcm\u00fcze de\u011fin gelebilmi\u015ftir. Ayn\u0131 k\u00fclt\u00fcr evrenine g\u00f6nderme yapan anlat\u0131lar ve g\u00f6rseller, tarihsel s\u00fcreklilik i\u00e7erisinde kahraman alg\u0131s\u0131ndaki d\u00f6n\u00fc\u015f\u00fcmleri de a\u00e7\u0131\u011fa \u00e7\u0131karmaktad\u0131r.Modern mitoloji olarak adland\u0131r\u0131lan sinema filmleri sayesinde g\u00fcnl\u00fck hayat\u0131n ger\u00e7eklikleri antropolojik, psikolojik, sosyolojik ve k\u00fclt\u00fcrel a\u00e7\u0131dan daha net bir \u015fekilde anlamland\u0131r\u0131labiliyor.Geleneksel kahraman, antikahraman, s\u00fcperkahraman gibi farkl\u0131 \u00f6zellikler ta\u015f\u0131sa da kahraman imgesinin geleneksel \u00f6yk\u00fc yap\u0131s\u0131nda tek bir ki\u015fiye d\u00f6n\u00fc\u015ft\u00fc\u011f\u00fcn\u00fc g\u00f6rmek m\u00fcmk\u00fcn. S\u00f6z konusu kahraman; aynadaki suretimiz, karanl\u0131ktaki r\u00fcyalar\u0131m\u0131z ya da varl\u0131\u011f\u0131na muhta\u00e7 oldu\u011fumuz bir kurtar\u0131c\u0131 olabilir mi? Masallar, destanlar, efsaneler ve en nihayetinde sinemada yer alan kahramanlar asl\u0131nda ayn\u0131 ve tek bir ki\u015finin farkl\u0131 g\u00f6r\u00fcnt\u00fcleri midir? \u0130lkellerden g\u00fcn\u00fcm\u00fcze de\u011fin insan\u0131n belle\u011findeki kahraman alg\u0131s\u0131n\u0131n ortak \u00f6zellikleri nelerdir? T\u00fcm bu sorular\u0131n ayr\u0131nt\u0131l\u0131 bir \u015fekilde incelendi\u011fi kitapta 1980 sonras\u0131 T\u00fcrk sinemas\u0131nda kahraman \u00fcretme ve t\u00fcketme bi\u00e7imlerinin T\u00fcrk sinemas\u0131ndaki yans\u0131malar\u0131n\u0131 \u00e7\u00f6z\u00fcmlemek i\u00e7in Joseph Campbell\u2019in Kahraman\u0131n Sonsuz Yolculu\u011fu, Vogler, Indick, Miller, Voytilla isimlerinin izd\u00fc\u015f\u00fcmlerini g\u00f6r\u00fcyoruz. \u201cAyr\u0131lma-erginleme-d\u00f6n\u00fc\u015f\u201d a\u015famalar\u0131 do\u011frultusunda sinema metinlerinde kahraman\u0131n \u00e7\u0131kt\u0131\u011f\u0131 amans\u0131z ve bir o kadar da karanl\u0131k dehlizlerdeki yolcu\u011funa kap\u0131 aralamak ad\u0131na okurun t\u00fcm bilgi z\u0131rhlar\u0131n\u0131 ku\u015fanmas\u0131 ve kitab\u0131n sayfalar\u0131nda bu \u015fekilde dola\u015fmas\u0131 \u00f6nerilir. Anlat\u0131 gelene\u011finin sinemadaki yans\u0131malar\u0131n\u0131n metinleraras\u0131l\u0131k ve medyalararas\u0131l\u0131k y\u00f6ntemleriyle inceleyen \u00e7al\u0131\u015fma okuyucusuna \u00e7ok farkl\u0131 bir bak\u0131\u015f a\u00e7\u0131s\u0131 sunuyor.T\u00fcrk mitolojisinin, efsanelerin, masallar\u0131n ve destanlar\u0131n \u0131\u015f\u0131\u011f\u0131nda 1980 sonras\u0131 T\u00fcrk sinemas\u0131ndaki kahraman\u0131n yolculu\u011fu ve d\u00f6n\u00fc\u015f\u00fcm\u00fcn\u00fcn izini s\u00fcren bu kitap, gerek sinema gerek halk bilim alanlar\u0131na ilgisi olanlar i\u00e7in de adeta bir ba\u015fyap\u0131t.<\/p>\n","protected":false},"excerpt":{"rendered":"<p>Mitten beslenen kahramanlar \u00f6nce anlat\u0131 gelene\u011fine sonra yaz\u0131l\u0131 k\u00fclt\u00fcre, g\u00fcn\u00fcm\u00fczde ise g\u00f6rsel ve dijital platforma ta\u015f\u0131nm\u0131\u015ft\u0131r. Anlat\u0131lara ve kahramanlar\u0131na y\u00fcklenen anlamlar ise insanl\u0131\u011f\u0131n ortak haf\u0131zas\u0131 sayesinde<span class=\"excerpt-hellip\"> [\u2026]<\/span><\/p>\n","protected":false},"featured_media":0,"template":"","meta":{"_monsterinsights_skip_tracking":false,"_monsterinsights_sitenote_active":false,"_monsterinsights_sitenote_note":"","_monsterinsights_sitenote_category":0},"product_brand":[],"product_cat":[12409,12408],"product_tag":[],"class_list":{"0":"post-718563","1":"product","2":"type-product","3":"status-publish","5":"product_cat-fotograf-sinema-tiyatro","6":"product_cat-sanat","7":"pa_cilt-ciltsiz","8":"pa_tur-kitap","9":"pa_yayinevi-karakum-yayinevi","10":"pa_yazar-nejla-kayali-orta","12":"first","13":"instock","14":"sale","15":"shipping-taxable","16":"purchasable","17":"product-type-simple"},"_links":{"self":[{"href":"https:\/\/roveyayinevi.com.tr\/index.php\/wp-json\/wp\/v2\/product\/718563","targetHints":{"allow":["GET"]}}],"collection":[{"href":"https:\/\/roveyayinevi.com.tr\/index.php\/wp-json\/wp\/v2\/product"}],"about":[{"href":"https:\/\/roveyayinevi.com.tr\/index.php\/wp-json\/wp\/v2\/types\/product"}],"wp:attachment":[{"href":"https:\/\/roveyayinevi.com.tr\/index.php\/wp-json\/wp\/v2\/media?parent=718563"}],"wp:term":[{"taxonomy":"product_brand","embeddable":true,"href":"https:\/\/roveyayinevi.com.tr\/index.php\/wp-json\/wp\/v2\/product_brand?post=718563"},{"taxonomy":"product_cat","embeddable":true,"href":"https:\/\/roveyayinevi.com.tr\/index.php\/wp-json\/wp\/v2\/product_cat?post=718563"},{"taxonomy":"product_tag","embeddable":true,"href":"https:\/\/roveyayinevi.com.tr\/index.php\/wp-json\/wp\/v2\/product_tag?post=718563"}],"curies":[{"name":"wp","href":"https:\/\/api.w.org\/{rel}","templated":true}]}}