{"id":718562,"date":"2025-08-27T18:10:21","date_gmt":"2025-08-27T15:10:21","guid":{"rendered":"https:\/\/roveyayinevi.com.tr\/index.php\/urun\/icsel-aile-sistemleri-terapisi\/"},"modified":"2026-04-16T02:26:44","modified_gmt":"2026-04-15T23:26:44","slug":"icsel-aile-sistemleri-terapisi","status":"publish","type":"product","link":"https:\/\/roveyayinevi.com.tr\/index.php\/urun\/icsel-aile-sistemleri-terapisi\/","title":{"rendered":"\u0130\u00e7sel Aile Sistemleri Terapisi"},"content":{"rendered":"<p>Aile sistemleri kavramlar\u0131n\u0131 intrapsi\u015fik alana uygulayan \u0130\u00e7sel Aile Sistemleri (\u0130AS) Modeli bireylerin alt ki\u015filiklerinin aileler gibi etkile\u015fimde bulundu\u011funu ve de\u011fi\u015fti\u011fini ileri s\u00fcrer. Bu de\u011ferli kitap ve klinik kaynak, ki\u015finin yanlar\u0131n\u0131n nas\u0131l fel\u00e7 edici i\u00e7sel ittifaklar olu\u015fturabildi\u011fini ve bu ittifaklar\u0131n i\u015flevsiz ailelerdeki y\u0131k\u0131c\u0131 koalisyonlarla nas\u0131l benzerlik g\u00f6sterdi\u011fini anlat\u0131yor. \u0130AS Modelini tedaviyle birle\u015ftirmek i\u00e7in uygulamas\u0131 kolay ilkeler ortaya koyuyor.   \u201c\u0130\u00e7imdeki ses asla ba\u015faramayacaks\u0131n, diyor. Ba\u015fka bir ses buna kar\u015f\u0131 \u00e7\u0131k\u0131yor. Ba\u015fka bir ses beni durmadan \u00e7al\u0131\u015ft\u0131rmak istiyor. Di\u011feri her \u015feyi b\u0131rak, diyor. Hangisi benim sesim bilmiyorum.\u201d \u201cSon y\u0131llarda ortaya \u00e7\u0131kan en yenilik\u00e7i psikoterap\u00f6tik yakla\u015f\u0131mlardan biri. Schwartz\u2019\u0131n modeli, aile sistemleri teorisinin her bireyin i\u00e7inde bulunan karma\u015f\u0131k ve \u00e7at\u0131\u015fmal\u0131 etkile\u015fim sistemine e\u015fsiz bir \u015fekilde uygulanmas\u0131n\u0131 i\u00e7eriyor. Bireylerle, \u00e7iftlerle ve ailelerle \u00e7al\u0131\u015fan psikoterapistler bu fikirleri ve y\u00f6ntemleri son derece uyar\u0131c\u0131 ve faydal\u0131 bulacak ve Schwartz\u2019\u0131n ac\u0131 veren ikilemleri ve de\u011fi\u015fim \u00e7abalar\u0131 i\u00e7indeki dan\u0131\u015fanlar\u0131na kar\u015f\u0131 duydu\u011fu \u015fefkat ve sayg\u0131ya de\u011fer verecektir.\u201d Dr. Froma Walsh, Chicago \u00dcniversitesi \u201cHer birimiz bedensiz i\u00e7sel seslerin kulis faaliyetlerinin etkisi alt\u0131nday\u0131z. Richard Schwartz bu seslerin her biriyle k\u00fc\u00e7\u00fck, uyumsuz, ama sad\u0131k bir parlamentonun canl\u0131 bir \u00fcyesiymi\u015f gibi ilgileniyor. Dan\u0131\u015fan\u0131n Benli\u011fi de bu parlamentonun daimi ba\u015fkan\u0131\u2026 A\u00e7\u0131k, zeki anlat\u0131m\u0131 bu b\u00fcy\u00fcleyici kitab\u0131 \u00f6\u011frenci ve deneyimli klinisyenler i\u00e7in ayn\u0131 derecede eri\u015filebilir hale getiriyor.\u201d Dr. Richard Chasin, Cambridge Aile Enstit\u00fcs\u00fc<\/p>\n","protected":false},"excerpt":{"rendered":"<p>Aile sistemleri kavramlar\u0131n\u0131 intrapsi\u015fik alana uygulayan \u0130\u00e7sel Aile Sistemleri (\u0130AS) Modeli bireylerin alt ki\u015filiklerinin aileler gibi etkile\u015fimde bulundu\u011funu ve de\u011fi\u015fti\u011fini ileri s\u00fcrer. Bu de\u011ferli kitap ve<span class=\"excerpt-hellip\"> [\u2026]<\/span><\/p>\n","protected":false},"featured_media":0,"template":"","meta":{"_monsterinsights_skip_tracking":false,"_monsterinsights_sitenote_active":false,"_monsterinsights_sitenote_note":"","_monsterinsights_sitenote_category":0},"product_brand":[],"product_cat":[12358,12357],"product_tag":[],"class_list":{"0":"post-718562","1":"product","2":"type-product","3":"status-publish","5":"product_cat-genel-psikoloji","6":"product_cat-psikoloji","7":"pa_cilt-ciltsiz","8":"pa_tur-kitap","9":"pa_yayinevi-pinhan-yayincilik","10":"pa_yazar-richard-c-schwartz","12":"first","13":"instock","14":"sale","15":"shipping-taxable","16":"purchasable","17":"product-type-simple"},"_links":{"self":[{"href":"https:\/\/roveyayinevi.com.tr\/index.php\/wp-json\/wp\/v2\/product\/718562","targetHints":{"allow":["GET"]}}],"collection":[{"href":"https:\/\/roveyayinevi.com.tr\/index.php\/wp-json\/wp\/v2\/product"}],"about":[{"href":"https:\/\/roveyayinevi.com.tr\/index.php\/wp-json\/wp\/v2\/types\/product"}],"wp:attachment":[{"href":"https:\/\/roveyayinevi.com.tr\/index.php\/wp-json\/wp\/v2\/media?parent=718562"}],"wp:term":[{"taxonomy":"product_brand","embeddable":true,"href":"https:\/\/roveyayinevi.com.tr\/index.php\/wp-json\/wp\/v2\/product_brand?post=718562"},{"taxonomy":"product_cat","embeddable":true,"href":"https:\/\/roveyayinevi.com.tr\/index.php\/wp-json\/wp\/v2\/product_cat?post=718562"},{"taxonomy":"product_tag","embeddable":true,"href":"https:\/\/roveyayinevi.com.tr\/index.php\/wp-json\/wp\/v2\/product_tag?post=718562"}],"curies":[{"name":"wp","href":"https:\/\/api.w.org\/{rel}","templated":true}]}}