{"id":718560,"date":"2025-08-27T18:10:20","date_gmt":"2025-08-27T15:10:20","guid":{"rendered":"https:\/\/roveyayinevi.com.tr\/index.php\/urun\/taht-oyunlari-resimli-ozel-baski-ciltli\/"},"modified":"2026-04-16T02:26:44","modified_gmt":"2026-04-15T23:26:44","slug":"taht-oyunlari-resimli-ozel-baski-ciltli","status":"publish","type":"product","link":"https:\/\/roveyayinevi.com.tr\/index.php\/urun\/taht-oyunlari-resimli-ozel-baski-ciltli\/","title":{"rendered":"Taht Oyunlar\u0131 (Resimli \u00d6zel Bask\u0131 &#8211; Ciltli)"},"content":{"rendered":"<p>Martin\u2019in ola\u011fan\u00fcst\u00fc hik\u00e2yesi, Taht Oyunlar\u0131&#8217;n\u0131n yirminci y\u0131l\u0131na \u00f6zel haz\u0131rlanm\u0131\u015f bu bask\u0131daki b\u00fcy\u00fcleyici g\u00f6rsellerle bamba\u015fka bir \u015fekilde hayat buluyor.  K\u0131\u015f geliyor ve olaylar\u0131n tam ortas\u0131nda, \u00fczerinde do\u011fduklar\u0131 topraklar kadar sert ve boyun e\u011fmez bir aile, K\u0131\u015fyar\u0131&#8217;n\u0131nStarklar&#8217;\u0131 yer al\u0131yor. Ac\u0131mas\u0131z so\u011fuk topraklardan uzaktaki zevk ve sefa d\u00fc\u015fk\u00fcn\u00fc s\u0131cak topraklara uzanan entrika, trajedi, ihanet ve deh\u015fet dolu bir yolculuk. Her hanedan\u0131n tek gayesi en \u00f6l\u00fcmc\u00fcl m\u00fccadeleyi, taht oyunlar\u0131n\u0131 kazanmak.  &#8220;Sizi ele ge\u00e7iriyor ve asla b\u0131rakm\u0131yor. Harikulade.&#8221;  Robert Jordan &#8220;B\u00fcy\u00fcleyici&#8230; George R.R. Martin&#8217;in ilk epik fantasti\u011fi t\u00fcr\u00fcn standartlar\u0131n\u0131n \u00e7ok \u00fczerinde.&#8221;  Locus <\/p>\n","protected":false},"excerpt":{"rendered":"<p>Martin\u2019in ola\u011fan\u00fcst\u00fc hik\u00e2yesi, Taht Oyunlar\u0131&#8217;n\u0131n yirminci y\u0131l\u0131na \u00f6zel haz\u0131rlanm\u0131\u015f bu bask\u0131daki b\u00fcy\u00fcleyici g\u00f6rsellerle bamba\u015fka bir \u015fekilde hayat buluyor. K\u0131\u015f geliyor ve olaylar\u0131n tam ortas\u0131nda, \u00fczerinde do\u011fduklar\u0131<span class=\"excerpt-hellip\"> [\u2026]<\/span><\/p>\n","protected":false},"featured_media":0,"template":"","meta":{"_monsterinsights_skip_tracking":false,"_monsterinsights_sitenote_active":false,"_monsterinsights_sitenote_note":"","_monsterinsights_sitenote_category":0},"product_brand":[],"product_cat":[12291,14777],"product_tag":[],"class_list":{"0":"post-718560","1":"product","2":"type-product","3":"status-publish","5":"product_cat-edebiyat","6":"product_cat-fantastik","7":"pa_cilt-ciltli","8":"pa_tur-kitap","9":"pa_yayinevi-epsilon-yayinlari","10":"pa_yazar-george-r-r-martin","12":"first","13":"instock","14":"sale","15":"shipping-taxable","16":"purchasable","17":"product-type-simple"},"_links":{"self":[{"href":"https:\/\/roveyayinevi.com.tr\/index.php\/wp-json\/wp\/v2\/product\/718560","targetHints":{"allow":["GET"]}}],"collection":[{"href":"https:\/\/roveyayinevi.com.tr\/index.php\/wp-json\/wp\/v2\/product"}],"about":[{"href":"https:\/\/roveyayinevi.com.tr\/index.php\/wp-json\/wp\/v2\/types\/product"}],"wp:attachment":[{"href":"https:\/\/roveyayinevi.com.tr\/index.php\/wp-json\/wp\/v2\/media?parent=718560"}],"wp:term":[{"taxonomy":"product_brand","embeddable":true,"href":"https:\/\/roveyayinevi.com.tr\/index.php\/wp-json\/wp\/v2\/product_brand?post=718560"},{"taxonomy":"product_cat","embeddable":true,"href":"https:\/\/roveyayinevi.com.tr\/index.php\/wp-json\/wp\/v2\/product_cat?post=718560"},{"taxonomy":"product_tag","embeddable":true,"href":"https:\/\/roveyayinevi.com.tr\/index.php\/wp-json\/wp\/v2\/product_tag?post=718560"}],"curies":[{"name":"wp","href":"https:\/\/api.w.org\/{rel}","templated":true}]}}