{"id":718558,"date":"2025-08-27T18:10:19","date_gmt":"2025-08-27T15:10:19","guid":{"rendered":"https:\/\/roveyayinevi.com.tr\/index.php\/urun\/mrs-osmond\/"},"modified":"2026-04-16T02:26:44","modified_gmt":"2026-04-15T23:26:44","slug":"mrs-osmond","status":"publish","type":"product","link":"https:\/\/roveyayinevi.com.tr\/index.php\/urun\/mrs-osmond\/","title":{"rendered":"Mrs Osmond"},"content":{"rendered":"<p>Henry James\u2019in 1881 tarihli ba\u015fyap\u0131t\u0131 Bir Han\u0131mefendinin Portresi\u2019ne b\u0131rakt\u0131\u011f\u0131 yerden devam ediyoruz. Ya\u015fl\u0131 k\u0131tada \u00f6zg\u00fcrl\u00fc\u011f\u00fc ve a\u015fk\u0131 ararken cazibesine kanarak zalim kocas\u0131 Osmond\u2019un nefret dolu karanl\u0131k d\u00fcnyas\u0131nda tutsak kalan Isabel Archer\u2019\u0131n bitmek bilmeyen ka\u00e7\u0131\u015f hik\u00e2yesi. \u00dcstelik James\u2019in \u00fcslubunu aynen koruyarak. Ve yine merak uyand\u0131r\u0131c\u0131, en az ilki kadar devam\u0131 yaz\u0131las\u0131 bir a\u00e7\u0131k u\u00e7lu sonla.   John Banville g\u00fcn\u00fcm\u00fcz edebiyat\u0131n\u0131n ya\u015fayan en b\u00fcy\u00fck dehalar\u0131ndan biri hi\u00e7 ku\u015fkusuz. Bu son roman\u0131, Magritte\u2019in piposunu an\u0131msatan bir b\u00fcy\u00fck ihanet: Ben bir Banville roman\u0131 de\u011filim diyen tastamam bir Banville roman\u0131.<\/p>\n","protected":false},"excerpt":{"rendered":"<p>Henry James\u2019in 1881 tarihli ba\u015fyap\u0131t\u0131 Bir Han\u0131mefendinin Portresi\u2019ne b\u0131rakt\u0131\u011f\u0131 yerden devam ediyoruz. Ya\u015fl\u0131 k\u0131tada \u00f6zg\u00fcrl\u00fc\u011f\u00fc ve a\u015fk\u0131 ararken cazibesine kanarak zalim kocas\u0131 Osmond\u2019un nefret dolu karanl\u0131k<span class=\"excerpt-hellip\"> [\u2026]<\/span><\/p>\n","protected":false},"featured_media":0,"template":"","meta":{"_monsterinsights_skip_tracking":false,"_monsterinsights_sitenote_active":false,"_monsterinsights_sitenote_note":"","_monsterinsights_sitenote_category":0},"product_brand":[],"product_cat":[12291,12711],"product_tag":[],"class_list":{"0":"post-718558","1":"product","2":"type-product","3":"status-publish","5":"product_cat-edebiyat","6":"product_cat-roman-oyku","7":"pa_cilt-ciltsiz","8":"pa_tur-kitap","9":"pa_yayinevi-kirmizi-kedi-yayinevi","10":"pa_yazar-john-banville","12":"first","13":"instock","14":"sale","15":"shipping-taxable","16":"purchasable","17":"product-type-simple"},"_links":{"self":[{"href":"https:\/\/roveyayinevi.com.tr\/index.php\/wp-json\/wp\/v2\/product\/718558","targetHints":{"allow":["GET"]}}],"collection":[{"href":"https:\/\/roveyayinevi.com.tr\/index.php\/wp-json\/wp\/v2\/product"}],"about":[{"href":"https:\/\/roveyayinevi.com.tr\/index.php\/wp-json\/wp\/v2\/types\/product"}],"wp:attachment":[{"href":"https:\/\/roveyayinevi.com.tr\/index.php\/wp-json\/wp\/v2\/media?parent=718558"}],"wp:term":[{"taxonomy":"product_brand","embeddable":true,"href":"https:\/\/roveyayinevi.com.tr\/index.php\/wp-json\/wp\/v2\/product_brand?post=718558"},{"taxonomy":"product_cat","embeddable":true,"href":"https:\/\/roveyayinevi.com.tr\/index.php\/wp-json\/wp\/v2\/product_cat?post=718558"},{"taxonomy":"product_tag","embeddable":true,"href":"https:\/\/roveyayinevi.com.tr\/index.php\/wp-json\/wp\/v2\/product_tag?post=718558"}],"curies":[{"name":"wp","href":"https:\/\/api.w.org\/{rel}","templated":true}]}}