{"id":718557,"date":"2025-08-27T18:10:18","date_gmt":"2025-08-27T15:10:18","guid":{"rendered":"https:\/\/roveyayinevi.com.tr\/index.php\/urun\/kalbim-agir-iscim-sevgilim\/"},"modified":"2026-04-16T02:26:44","modified_gmt":"2026-04-15T23:26:44","slug":"kalbim-agir-iscim-sevgilim","status":"publish","type":"product","link":"https:\/\/roveyayinevi.com.tr\/index.php\/urun\/kalbim-agir-iscim-sevgilim\/","title":{"rendered":"Kalbim  A\u011f\u0131r \u0130\u015f\u00e7im  Sevgilim"},"content":{"rendered":"<p>kalbim, a\u011f\u0131r i\u015f\u00e7im, sevgilim                                                             sana mavi         masmavi bir \u0131\u015f\u0131k g\u00f6nderiyorum                                                             beni hat\u0131rlaman i\u00e7in                                                      ayr\u0131ld\u0131\u011f\u0131m\u0131zda <\/p>\n","protected":false},"excerpt":{"rendered":"<p>kalbim, a\u011f\u0131r i\u015f\u00e7im, sevgilim sana mavi masmavi bir \u0131\u015f\u0131k g\u00f6nderiyorum beni hat\u0131rlaman i\u00e7in ayr\u0131ld\u0131\u011f\u0131m\u0131zda<\/p>\n","protected":false},"featured_media":0,"template":"","meta":{"_monsterinsights_skip_tracking":false,"_monsterinsights_sitenote_active":false,"_monsterinsights_sitenote_note":"","_monsterinsights_sitenote_category":0},"product_brand":[],"product_cat":[12291,12509],"product_tag":[],"class_list":{"0":"post-718557","1":"product","2":"type-product","3":"status-publish","5":"product_cat-edebiyat","6":"product_cat-siir","7":"pa_cilt-ciltsiz","8":"pa_tur-kitap","9":"pa_yayinevi-kirmizi-kedi-yayinevi","10":"pa_yazar-onur-behramoglu","12":"first","13":"instock","14":"sale","15":"shipping-taxable","16":"purchasable","17":"product-type-simple"},"_links":{"self":[{"href":"https:\/\/roveyayinevi.com.tr\/index.php\/wp-json\/wp\/v2\/product\/718557","targetHints":{"allow":["GET"]}}],"collection":[{"href":"https:\/\/roveyayinevi.com.tr\/index.php\/wp-json\/wp\/v2\/product"}],"about":[{"href":"https:\/\/roveyayinevi.com.tr\/index.php\/wp-json\/wp\/v2\/types\/product"}],"wp:attachment":[{"href":"https:\/\/roveyayinevi.com.tr\/index.php\/wp-json\/wp\/v2\/media?parent=718557"}],"wp:term":[{"taxonomy":"product_brand","embeddable":true,"href":"https:\/\/roveyayinevi.com.tr\/index.php\/wp-json\/wp\/v2\/product_brand?post=718557"},{"taxonomy":"product_cat","embeddable":true,"href":"https:\/\/roveyayinevi.com.tr\/index.php\/wp-json\/wp\/v2\/product_cat?post=718557"},{"taxonomy":"product_tag","embeddable":true,"href":"https:\/\/roveyayinevi.com.tr\/index.php\/wp-json\/wp\/v2\/product_tag?post=718557"}],"curies":[{"name":"wp","href":"https:\/\/api.w.org\/{rel}","templated":true}]}}