{"id":718554,"date":"2025-08-27T18:10:16","date_gmt":"2025-08-27T15:10:16","guid":{"rendered":"https:\/\/roveyayinevi.com.tr\/index.php\/urun\/haclilar-kuduste\/"},"modified":"2026-04-16T02:26:44","modified_gmt":"2026-04-15T23:26:44","slug":"haclilar-kuduste","status":"publish","type":"product","link":"https:\/\/roveyayinevi.com.tr\/index.php\/urun\/haclilar-kuduste\/","title":{"rendered":"Ha\u00e7l\u0131lar Kud\u00fcs&#8217;te"},"content":{"rendered":"<p>Ha\u00e7l\u0131 Seferleri tarihi i\u00e7erisinde 15 Temmuz 1099&#8217;da Kud\u00fcs&#8217;\u00fcn zapt\u0131 ile sonu\u00e7lanan ilk seferin ayr\u0131 bir yeri vard\u0131r. Zira Ha\u00e7l\u0131lar burada elde ettikleri kazan\u0131mlar\u0131 iki y\u00fcz y\u0131l boyunca korumay\u0131 ba\u015farm\u0131\u015flard\u0131r. Dolay\u0131s\u0131yla I. Ha\u00e7l\u0131 Seferi gerek kat\u0131l\u0131mc\u0131lar\u0131n\u0131n farkl\u0131 kimlikleri ve gerekse tarih yaz\u0131m\u0131 i\u00e7erisindeki konumu a\u00e7\u0131s\u0131ndan ayr\u0131cal\u0131kl\u0131 bir yere sahiptir. Bu sebeple Latin kroniklerinin hakk\u0131nda en \u00e7ok bilgi verdikleri ve en fazla dikkat \u00e7eken sefer olmu\u015ftur.  Elinizdeki bu kitap, I. Ha\u00e7l\u0131 Seferi&#8217;nin kat\u0131l\u0131mc\u0131lar\u0131ndan Raymond de Toulouse&#8217;un (Raymond St. Gilles) yani G\u00fcney Frans\u0131zlar\u0131n bak\u0131\u015f a\u00e7\u0131s\u0131ndan olaylar\u0131 ba\u015flang\u0131\u00e7tan Kud\u00fcs&#8217;e kadar seferin gidi\u015fat\u0131n\u0131n aktarmas\u0131n\u0131n yan\u0131nda Ha\u00e7l\u0131lar aras\u0131ndaki hiziple\u015fme, Kutsal M\u0131zrak hikayesi, Kud\u00fcs&#8217;\u00fc ele ge\u00e7irmelerinin sonras\u0131nda Ha\u00e7l\u0131lar aras\u0131nda ya\u015fanan liderlik \u00e7eki\u015fmelerini anlatmaktad\u0131r.<\/p>\n","protected":false},"excerpt":{"rendered":"<p>Ha\u00e7l\u0131 Seferleri tarihi i\u00e7erisinde 15 Temmuz 1099&#8217;da Kud\u00fcs&#8217;\u00fcn zapt\u0131 ile sonu\u00e7lanan ilk seferin ayr\u0131 bir yeri vard\u0131r. Zira Ha\u00e7l\u0131lar burada elde ettikleri kazan\u0131mlar\u0131 iki y\u00fcz y\u0131l<span class=\"excerpt-hellip\"> [\u2026]<\/span><\/p>\n","protected":false},"featured_media":0,"template":"","meta":{"_monsterinsights_skip_tracking":false,"_monsterinsights_sitenote_active":false,"_monsterinsights_sitenote_note":"","_monsterinsights_sitenote_category":0},"product_brand":[],"product_cat":[12305,12304],"product_tag":[],"class_list":{"0":"post-718554","1":"product","2":"type-product","3":"status-publish","5":"product_cat-dunya-tarihi","6":"product_cat-tarih","7":"pa_cilt-ciltsiz","8":"pa_tur-kitap","9":"pa_yayinevi-yeditepe-yayinevi","10":"pa_yazar-raimundus-aguilers","12":"first","13":"instock","14":"sale","15":"shipping-taxable","16":"purchasable","17":"product-type-simple"},"_links":{"self":[{"href":"https:\/\/roveyayinevi.com.tr\/index.php\/wp-json\/wp\/v2\/product\/718554","targetHints":{"allow":["GET"]}}],"collection":[{"href":"https:\/\/roveyayinevi.com.tr\/index.php\/wp-json\/wp\/v2\/product"}],"about":[{"href":"https:\/\/roveyayinevi.com.tr\/index.php\/wp-json\/wp\/v2\/types\/product"}],"wp:attachment":[{"href":"https:\/\/roveyayinevi.com.tr\/index.php\/wp-json\/wp\/v2\/media?parent=718554"}],"wp:term":[{"taxonomy":"product_brand","embeddable":true,"href":"https:\/\/roveyayinevi.com.tr\/index.php\/wp-json\/wp\/v2\/product_brand?post=718554"},{"taxonomy":"product_cat","embeddable":true,"href":"https:\/\/roveyayinevi.com.tr\/index.php\/wp-json\/wp\/v2\/product_cat?post=718554"},{"taxonomy":"product_tag","embeddable":true,"href":"https:\/\/roveyayinevi.com.tr\/index.php\/wp-json\/wp\/v2\/product_tag?post=718554"}],"curies":[{"name":"wp","href":"https:\/\/api.w.org\/{rel}","templated":true}]}}