{"id":718552,"date":"2025-08-27T18:10:14","date_gmt":"2025-08-27T15:10:14","guid":{"rendered":"https:\/\/roveyayinevi.com.tr\/index.php\/urun\/sefkat\/"},"modified":"2026-04-16T02:26:44","modified_gmt":"2026-04-15T23:26:44","slug":"sefkat","status":"publish","type":"product","link":"https:\/\/roveyayinevi.com.tr\/index.php\/urun\/sefkat\/","title":{"rendered":"\u015eefkat"},"content":{"rendered":"<p>\u015eefkat, insan ya\u015fam\u0131nda zaman zaman ka\u00e7\u0131n\u0131lmaz olabilen ac\u0131ya fark\u0131ndal\u0131k-duyarl\u0131l\u0131k ve insan ac\u0131lar\u0131n\u0131n azalt\u0131lmas\u0131 do\u011frultusunda bir sorumluluk gerektirir. Ac\u0131 kar\u015f\u0131s\u0131nda sergilenen duyars\u0131zl\u0131k insan olman\u0131n temel erdemlerinden birine k\u00f6rle\u015fmek demektir. \u015eefkat, \u00f6\u011frenilip geli\u015ftirilebilen ve i\u00e7inde fark\u0131ndal\u0131k, duyarl\u0131l\u0131k, empati, c\u00f6mertlik, payla\u015f\u0131m gibi \u00f6geler bar\u0131nd\u0131ran bir erdemdir. Yaln\u0131zca birinden di\u011ferine y\u00f6neltilen de\u011fil, ayn\u0131 zamanda bireyin kendine y\u00f6neltti\u011fi \u00f6z \u015fefkati de i\u00e7erir. Sevgili Z\u00fcmra Atalay bu eserinde, insan olman\u0131n \u00f6nemli bir par\u00e7as\u0131 olmas\u0131na ra\u011fmen giderek unutulmaya ba\u015flanan bir de\u011fer olan \u015fefkati de\u011fi\u015fik boyutlar\u0131yla, okuyucunun kolayl\u0131kla takip edebilece\u011fi yal\u0131n bir dille aktarm\u0131\u015f. Bilimsel bilgilerin yan\u0131 s\u0131ra ki\u015fisel deneyimlerini de katarak \u015fefkati ya\u015fam\u0131m\u0131za yeni ba\u015ftan entegre etmenin yollar\u0131n\u0131 payla\u015fm\u0131\u015f. Kitab\u0131n\u0131n okuyucuya \u00f6nemli katk\u0131lar sa\u011flayaca\u011f\u0131na inan\u0131yor ve \u00f6zenle ortaya \u00e7\u0131kan bu eser i\u00e7in kendisini kutluyorum. Prof. Dr. Mehmet Zihni Sungur<\/p>\n","protected":false},"excerpt":{"rendered":"<p>\u015eefkat, insan ya\u015fam\u0131nda zaman zaman ka\u00e7\u0131n\u0131lmaz olabilen ac\u0131ya fark\u0131ndal\u0131k-duyarl\u0131l\u0131k ve insan ac\u0131lar\u0131n\u0131n azalt\u0131lmas\u0131 do\u011frultusunda bir sorumluluk gerektirir. Ac\u0131 kar\u015f\u0131s\u0131nda sergilenen duyars\u0131zl\u0131k insan olman\u0131n temel erdemlerinden birine<span class=\"excerpt-hellip\"> [\u2026]<\/span><\/p>\n","protected":false},"featured_media":0,"template":"","meta":{"_monsterinsights_skip_tracking":false,"_monsterinsights_sitenote_active":false,"_monsterinsights_sitenote_note":"","_monsterinsights_sitenote_category":0},"product_brand":[],"product_cat":[13366,13365],"product_tag":[],"class_list":{"0":"post-718552","1":"product","2":"type-product","3":"status-publish","5":"product_cat-diger-saglik","6":"product_cat-saglik","7":"pa_cilt-ciltsiz","8":"pa_tur-kitap","9":"pa_yayinevi-inkilap-kitabevi","10":"pa_yazar-zumra-atalay","12":"first","13":"instock","14":"sale","15":"shipping-taxable","16":"purchasable","17":"product-type-simple"},"_links":{"self":[{"href":"https:\/\/roveyayinevi.com.tr\/index.php\/wp-json\/wp\/v2\/product\/718552","targetHints":{"allow":["GET"]}}],"collection":[{"href":"https:\/\/roveyayinevi.com.tr\/index.php\/wp-json\/wp\/v2\/product"}],"about":[{"href":"https:\/\/roveyayinevi.com.tr\/index.php\/wp-json\/wp\/v2\/types\/product"}],"wp:attachment":[{"href":"https:\/\/roveyayinevi.com.tr\/index.php\/wp-json\/wp\/v2\/media?parent=718552"}],"wp:term":[{"taxonomy":"product_brand","embeddable":true,"href":"https:\/\/roveyayinevi.com.tr\/index.php\/wp-json\/wp\/v2\/product_brand?post=718552"},{"taxonomy":"product_cat","embeddable":true,"href":"https:\/\/roveyayinevi.com.tr\/index.php\/wp-json\/wp\/v2\/product_cat?post=718552"},{"taxonomy":"product_tag","embeddable":true,"href":"https:\/\/roveyayinevi.com.tr\/index.php\/wp-json\/wp\/v2\/product_tag?post=718552"}],"curies":[{"name":"wp","href":"https:\/\/api.w.org\/{rel}","templated":true}]}}