{"id":718551,"date":"2025-08-27T18:10:14","date_gmt":"2025-08-27T15:10:14","guid":{"rendered":"https:\/\/roveyayinevi.com.tr\/index.php\/urun\/en-guzel-kopekler-bilgi-ve-oyun-kartlari\/"},"modified":"2026-04-16T02:26:44","modified_gmt":"2026-04-15T23:26:44","slug":"en-guzel-kopekler-bilgi-ve-oyun-kartlari","status":"publish","type":"product","link":"https:\/\/roveyayinevi.com.tr\/index.php\/urun\/en-guzel-kopekler-bilgi-ve-oyun-kartlari\/","title":{"rendered":"En G\u00fczel K\u00f6pekler &#8211; Bilgi ve Oyun Kartlar\u0131"},"content":{"rendered":"<p>Bu harika \u00e7izimlere sahip kartlar ile size g\u00f6re en g\u00fczel k\u00f6pe\u011fin hangisi oldu\u011funu bulun. Bir Retriever\u2019\u0131n I\u0307rlanda Setter\u2019\u0131ndan daha fazla m\u0131 taranmas\u0131 gerekir? Teriyer\u2019in burnu, Alman \u00e7oban k\u00f6pe\u011finden daha m\u0131 keskindir? Bir Poodle, Spanyel\u2019den daha m\u0131 h\u0131zl\u0131d\u0131r. Se\u00e7ebilece\u011finiz 31 k\u00f6pek ve alt\u0131 kategori ile t\u00fcrlerinin en iyilerini ke\u015ffedece\u011finiz bu oyunla hem e\u011flenecek hem de k\u00f6pekleri daha yak\u0131nda tan\u0131yacaks\u0131n\u0131z.<\/p>\n","protected":false},"excerpt":{"rendered":"<p>Bu harika \u00e7izimlere sahip kartlar ile size g\u00f6re en g\u00fczel k\u00f6pe\u011fin hangisi oldu\u011funu bulun. Bir Retriever\u2019\u0131n I\u0307rlanda Setter\u2019\u0131ndan daha fazla m\u0131 taranmas\u0131 gerekir? Teriyer\u2019in burnu, Alman<span class=\"excerpt-hellip\"> [\u2026]<\/span><\/p>\n","protected":false},"featured_media":0,"template":"","meta":{"_monsterinsights_skip_tracking":false,"_monsterinsights_sitenote_active":false,"_monsterinsights_sitenote_note":"","_monsterinsights_sitenote_category":0},"product_brand":[],"product_cat":[12274,12631],"product_tag":[],"class_list":{"0":"post-718551","1":"product","2":"type-product","3":"status-publish","5":"product_cat-cocuk-ve-genclik-kitaplari","6":"product_cat-diger-cocuk-ve-genclik-kitaplari","7":"pa_cilt-ciltsiz","8":"pa_tur-kitap","9":"pa_yayinevi-beta-kids","10":"pa_yazar-emma-aguado","12":"first","13":"instock","14":"sale","15":"shipping-taxable","16":"purchasable","17":"product-type-simple"},"_links":{"self":[{"href":"https:\/\/roveyayinevi.com.tr\/index.php\/wp-json\/wp\/v2\/product\/718551","targetHints":{"allow":["GET"]}}],"collection":[{"href":"https:\/\/roveyayinevi.com.tr\/index.php\/wp-json\/wp\/v2\/product"}],"about":[{"href":"https:\/\/roveyayinevi.com.tr\/index.php\/wp-json\/wp\/v2\/types\/product"}],"wp:attachment":[{"href":"https:\/\/roveyayinevi.com.tr\/index.php\/wp-json\/wp\/v2\/media?parent=718551"}],"wp:term":[{"taxonomy":"product_brand","embeddable":true,"href":"https:\/\/roveyayinevi.com.tr\/index.php\/wp-json\/wp\/v2\/product_brand?post=718551"},{"taxonomy":"product_cat","embeddable":true,"href":"https:\/\/roveyayinevi.com.tr\/index.php\/wp-json\/wp\/v2\/product_cat?post=718551"},{"taxonomy":"product_tag","embeddable":true,"href":"https:\/\/roveyayinevi.com.tr\/index.php\/wp-json\/wp\/v2\/product_tag?post=718551"}],"curies":[{"name":"wp","href":"https:\/\/api.w.org\/{rel}","templated":true}]}}