{"id":718549,"date":"2025-08-27T18:10:12","date_gmt":"2025-08-27T15:10:12","guid":{"rendered":"https:\/\/roveyayinevi.com.tr\/index.php\/urun\/fettah-esmalarla-yasiyorum\/"},"modified":"2026-04-16T02:26:44","modified_gmt":"2026-04-15T23:26:44","slug":"fettah-esmalarla-yasiyorum","status":"publish","type":"product","link":"https:\/\/roveyayinevi.com.tr\/index.php\/urun\/fettah-esmalarla-yasiyorum\/","title":{"rendered":"Fettah &#8211; Esmalarla Ya\u015f\u0131yorum"},"content":{"rendered":"<p>Dinler tarihi ara\u015ft\u0131rmac\u0131s\u0131 ve yazar Serhat Ahmet Tan\u2019\u0131n kaleminden \u00e7ok \u00f6zel bir eser. Ramazan boyunca her g\u00fcne \u00f6zel motivasyon ve dualarla b\u00fct\u00fcnle\u015fmi\u015f esma terkipleri. G\u00f6ky\u00fcz\u00fcnden yery\u00fcz\u00fcne hediye edilmi\u015f m\u00fcbarek bir ay\u0131n i\u00e7inde sakl\u0131 ilahi g\u00fcc\u00fcn esmalarla canlan\u0131\u015f\u0131 ve hayata ge\u00e7i\u015fi.\u0130lk on g\u00fcn\u00fc rahmet, ikinci on g\u00fcn\u00fc ma\u011ffiret ve son on g\u00fcn\u00fc kurtulu\u015f olarak m\u00fcjdelenen zamanlarda \u201cNeyi nas\u0131l isteyelim?\u201de dair alt\u0131n bilgiler.Ramazan ay\u0131 boyunca hastal\u0131k, seyahat, hamilelik gibi durumlardan dolay\u0131 mazeretli olarak tutulamayan oru\u00e7lar nas\u0131l ba\u015fka bir ay ve g\u00fcn zaman diliminde kaza edilerek yerine getiriliyorsa, Ramazan Esma Terkibi de y\u0131l\u0131n istedi\u011finiz herhangi bir ayl\u0131k dilimi i\u00e7inde yap\u0131labilir.Y\u00fcre\u011finizden ge\u00e7en her \u015fey sizin ve b\u00fct\u00fcn\u00fcn hayr\u0131na olsun, olmayanlar g\u00f6n\u00fcl r\u0131zas\u0131 ile kabule ererek etti\u011finiz t\u00fcm zikir ve dualarla hakikat bulsun.<\/p>\n","protected":false},"excerpt":{"rendered":"<p>Dinler tarihi ara\u015ft\u0131rmac\u0131s\u0131 ve yazar Serhat Ahmet Tan\u2019\u0131n kaleminden \u00e7ok \u00f6zel bir eser. Ramazan boyunca her g\u00fcne \u00f6zel motivasyon ve dualarla b\u00fct\u00fcnle\u015fmi\u015f esma terkipleri. G\u00f6ky\u00fcz\u00fcnden yery\u00fcz\u00fcne<span class=\"excerpt-hellip\"> [\u2026]<\/span><\/p>\n","protected":false},"featured_media":0,"template":"","meta":{"_monsterinsights_skip_tracking":false,"_monsterinsights_sitenote_active":false,"_monsterinsights_sitenote_note":"","_monsterinsights_sitenote_category":0},"product_brand":[],"product_cat":[16789,12718,12719],"product_tag":[],"class_list":{"0":"post-718549","1":"product","2":"type-product","3":"status-publish","5":"product_cat-diger-islam","6":"product_cat-din","7":"product_cat-islam","8":"pa_cilt-ciltsiz","9":"pa_tur-kitap","10":"pa_yayinevi-yediveren-yayinlari","11":"pa_yazar-serhat-ahmet-tan","13":"first","14":"instock","15":"sale","16":"shipping-taxable","17":"purchasable","18":"product-type-simple"},"_links":{"self":[{"href":"https:\/\/roveyayinevi.com.tr\/index.php\/wp-json\/wp\/v2\/product\/718549","targetHints":{"allow":["GET"]}}],"collection":[{"href":"https:\/\/roveyayinevi.com.tr\/index.php\/wp-json\/wp\/v2\/product"}],"about":[{"href":"https:\/\/roveyayinevi.com.tr\/index.php\/wp-json\/wp\/v2\/types\/product"}],"wp:attachment":[{"href":"https:\/\/roveyayinevi.com.tr\/index.php\/wp-json\/wp\/v2\/media?parent=718549"}],"wp:term":[{"taxonomy":"product_brand","embeddable":true,"href":"https:\/\/roveyayinevi.com.tr\/index.php\/wp-json\/wp\/v2\/product_brand?post=718549"},{"taxonomy":"product_cat","embeddable":true,"href":"https:\/\/roveyayinevi.com.tr\/index.php\/wp-json\/wp\/v2\/product_cat?post=718549"},{"taxonomy":"product_tag","embeddable":true,"href":"https:\/\/roveyayinevi.com.tr\/index.php\/wp-json\/wp\/v2\/product_tag?post=718549"}],"curies":[{"name":"wp","href":"https:\/\/api.w.org\/{rel}","templated":true}]}}