{"id":718548,"date":"2025-08-27T18:10:12","date_gmt":"2025-08-27T15:10:12","guid":{"rendered":"https:\/\/roveyayinevi.com.tr\/index.php\/urun\/dogu-sinemasi\/"},"modified":"2026-04-11T13:46:01","modified_gmt":"2026-04-11T10:46:01","slug":"dogu-sinemasi","status":"publish","type":"product","link":"https:\/\/roveyayinevi.com.tr\/index.php\/urun\/dogu-sinemasi\/","title":{"rendered":"Do\u011fu Sinemas\u0131"},"content":{"rendered":"<p>Nermin Ergenekon, &#8221;Do\u011fu Sinemas\u0131&#8221; ve &#8221;Kar Yolcular\u0131&#8221; ba\u015fl\u0131kl\u0131 iki uzun \u00f6yk\u00fc i\u00e7eren kitab\u0131nda ger\u00e7ek\u00e7i bir anlat\u0131mla, okuru, do\u011fup b\u00fcy\u00fcd\u00fc\u011f\u00fc topraklara, Erzurum ve civar\u0131na g\u00f6t\u00fcr\u00fcyor.Kitaba ad\u0131n\u0131 veren ilk \u00f6yk\u00fc, yedinci sanat\u0131n, bir kenti ve insanlar\u0131n\u0131 nas\u0131l etkileyip de\u011fi\u015ftirdi\u011fini, 1930&#8217;lardan 1970&#8217;lere kadar her kesimden Erzurumlunun ya\u015fam\u0131nda derin izler b\u0131rakm\u0131\u015f olan bir sinema salonu \u00fczerinden anlat\u0131yor. Memuru, askeri, subay\u0131, esnaf\u0131 faytoncuyu bulu\u015fturan Do\u011fu Sinemas\u0131&#8217;yla birlikte, ba\u015f\u0131ndan kasketini ihmal etmeyen, parlak s\u00fcvari \u00e7izmeleriyle tan\u0131nan, heybetli Sinemac\u0131 Refik debeliriyor kar\u015f\u0131m\u0131zda.\u0130kinci \u00f6yk\u00fc &#8221;Kar Yolcular\u0131&#8221;, Sar\u0131kam\u0131\u015f facias\u0131n\u0131, Allahuekber Da\u011flar\u0131&#8217;nda donarak \u00f6len on binlerce Mehmet\u00e7ik&#8217;i, civar k\u00f6ylerden birinin ger\u00e7ekleri e\u015fli\u011finde ta\u015f\u0131yor sayfalara. Ba\u015fk\u00f6y&#8217;den sava\u015fa gidenler ve geride b\u0131rakt\u0131klar\u0131, i\u00e7eriden bak\u0131larak, buz gibi yak\u0131c\u0131 bir anlat\u0131mla geliyor kar\u015f\u0131m\u0131za.Nermin Ergenekon&#8217;un \u00f6yk\u00fcleri, toplumcu-ger\u00e7ek\u00e7i edebiyat\u0131m\u0131za yeni ve zengin bir katk\u0131 niteli\u011finde.<\/p>\n","protected":false},"excerpt":{"rendered":"<p>Nermin Ergenekon, &#8221;Do\u011fu Sinemas\u0131&#8221; ve &#8221;Kar Yolcular\u0131&#8221; ba\u015fl\u0131kl\u0131 iki uzun \u00f6yk\u00fc i\u00e7eren kitab\u0131nda ger\u00e7ek\u00e7i bir anlat\u0131mla, okuru, do\u011fup b\u00fcy\u00fcd\u00fc\u011f\u00fc topraklara, Erzurum ve civar\u0131na g\u00f6t\u00fcr\u00fcyor.Kitaba ad\u0131n\u0131 veren<span class=\"excerpt-hellip\"> [\u2026]<\/span><\/p>\n","protected":false},"featured_media":0,"template":"","meta":{"_monsterinsights_skip_tracking":false,"_monsterinsights_sitenote_active":false,"_monsterinsights_sitenote_note":"","_monsterinsights_sitenote_category":0},"product_brand":[],"product_cat":[12291,12711],"product_tag":[],"class_list":{"0":"post-718548","1":"product","2":"type-product","3":"status-publish","5":"product_cat-edebiyat","6":"product_cat-roman-oyku","7":"pa_cilt-ciltsiz","8":"pa_tur-kitap","9":"pa_yayinevi-kaynak-yayinlari","10":"pa_yazar-nermin-ergenekon","12":"first","13":"instock","14":"sale","15":"shipping-taxable","16":"purchasable","17":"product-type-simple"},"_links":{"self":[{"href":"https:\/\/roveyayinevi.com.tr\/index.php\/wp-json\/wp\/v2\/product\/718548","targetHints":{"allow":["GET"]}}],"collection":[{"href":"https:\/\/roveyayinevi.com.tr\/index.php\/wp-json\/wp\/v2\/product"}],"about":[{"href":"https:\/\/roveyayinevi.com.tr\/index.php\/wp-json\/wp\/v2\/types\/product"}],"wp:attachment":[{"href":"https:\/\/roveyayinevi.com.tr\/index.php\/wp-json\/wp\/v2\/media?parent=718548"}],"wp:term":[{"taxonomy":"product_brand","embeddable":true,"href":"https:\/\/roveyayinevi.com.tr\/index.php\/wp-json\/wp\/v2\/product_brand?post=718548"},{"taxonomy":"product_cat","embeddable":true,"href":"https:\/\/roveyayinevi.com.tr\/index.php\/wp-json\/wp\/v2\/product_cat?post=718548"},{"taxonomy":"product_tag","embeddable":true,"href":"https:\/\/roveyayinevi.com.tr\/index.php\/wp-json\/wp\/v2\/product_tag?post=718548"}],"curies":[{"name":"wp","href":"https:\/\/api.w.org\/{rel}","templated":true}]}}