{"id":718547,"date":"2025-08-27T18:10:11","date_gmt":"2025-08-27T15:10:11","guid":{"rendered":"https:\/\/roveyayinevi.com.tr\/index.php\/urun\/falci-kadinin-laneti-bir-zehirli-elma-kitabi-ciltli\/"},"modified":"2026-04-16T02:26:44","modified_gmt":"2026-04-15T23:26:44","slug":"falci-kadinin-laneti-bir-zehirli-elma-kitabi-ciltli","status":"publish","type":"product","link":"https:\/\/roveyayinevi.com.tr\/index.php\/urun\/falci-kadinin-laneti-bir-zehirli-elma-kitabi-ciltli\/","title":{"rendered":"Falc\u0131 Kad\u0131n\u0131n Laneti &#8211; Bir Zehirli Elma Kitab\u0131 (Ciltli)"},"content":{"rendered":"<p>Bat\u0131l inan\u00e7lar\u0131 olmayan Zoe arkada\u015f\u0131 Mia ile birlikte karnavaldaki bir kad\u0131na bakt\u0131rd\u0131klar\u0131 fal\u0131 pek de ciddiye almaz. Ama falc\u0131 kad\u0131n\u0131n, kaderinin m\u00fch\u00fcrlemek i\u00e7in verdi\u011fi kolyeyi takmas\u0131yla birlikte a\u00e7\u0131klanamaz \u015feyler olmaya ba\u015flar. Bisikleti kontrolden \u00e7\u0131k\u0131p yol kenar\u0131na yuvarlan\u0131r, mutfaklar\u0131ndaki f\u0131r\u0131n kapal\u0131yken alev al\u0131p yanmaya ba\u015flar ve Zoe\u2019nin cep telefonuna tehdit mesajlar\u0131 gelir.Acaba Zoe ba\u015f\u0131na \u00e7ok daha korkun\u00e7 \u015feyler gelmeden \u00f6nce kolyenin lanetini bozabilecek midir?<\/p>\n","protected":false},"excerpt":{"rendered":"<p>Bat\u0131l inan\u00e7lar\u0131 olmayan Zoe arkada\u015f\u0131 Mia ile birlikte karnavaldaki bir kad\u0131na bakt\u0131rd\u0131klar\u0131 fal\u0131 pek de ciddiye almaz. Ama falc\u0131 kad\u0131n\u0131n, kaderinin m\u00fch\u00fcrlemek i\u00e7in verdi\u011fi kolyeyi takmas\u0131yla<span class=\"excerpt-hellip\"> [\u2026]<\/span><\/p>\n","protected":false},"featured_media":0,"template":"","meta":{"_monsterinsights_skip_tracking":false,"_monsterinsights_sitenote_active":false,"_monsterinsights_sitenote_note":"","_monsterinsights_sitenote_category":0},"product_brand":[],"product_cat":[12274,12284],"product_tag":[],"class_list":{"0":"post-718547","1":"product","2":"type-product","3":"status-publish","5":"product_cat-cocuk-ve-genclik-kitaplari","6":"product_cat-hikayeler","7":"pa_cilt-ciltli","8":"pa_tur-kitap","9":"pa_yayinevi-beyaz-balina-yayinlari","10":"pa_yazar-brandi-dougherty","12":"first","13":"instock","14":"sale","15":"shipping-taxable","16":"purchasable","17":"product-type-simple"},"_links":{"self":[{"href":"https:\/\/roveyayinevi.com.tr\/index.php\/wp-json\/wp\/v2\/product\/718547","targetHints":{"allow":["GET"]}}],"collection":[{"href":"https:\/\/roveyayinevi.com.tr\/index.php\/wp-json\/wp\/v2\/product"}],"about":[{"href":"https:\/\/roveyayinevi.com.tr\/index.php\/wp-json\/wp\/v2\/types\/product"}],"wp:attachment":[{"href":"https:\/\/roveyayinevi.com.tr\/index.php\/wp-json\/wp\/v2\/media?parent=718547"}],"wp:term":[{"taxonomy":"product_brand","embeddable":true,"href":"https:\/\/roveyayinevi.com.tr\/index.php\/wp-json\/wp\/v2\/product_brand?post=718547"},{"taxonomy":"product_cat","embeddable":true,"href":"https:\/\/roveyayinevi.com.tr\/index.php\/wp-json\/wp\/v2\/product_cat?post=718547"},{"taxonomy":"product_tag","embeddable":true,"href":"https:\/\/roveyayinevi.com.tr\/index.php\/wp-json\/wp\/v2\/product_tag?post=718547"}],"curies":[{"name":"wp","href":"https:\/\/api.w.org\/{rel}","templated":true}]}}