{"id":718545,"date":"2025-08-27T18:10:09","date_gmt":"2025-08-27T15:10:09","guid":{"rendered":"https:\/\/roveyayinevi.com.tr\/index.php\/urun\/zeka-gelistiren-etkinlikler-2\/"},"modified":"2026-04-16T02:26:44","modified_gmt":"2026-04-15T23:26:44","slug":"zeka-gelistiren-etkinlikler-2","status":"publish","type":"product","link":"https:\/\/roveyayinevi.com.tr\/index.php\/urun\/zeka-gelistiren-etkinlikler-2\/","title":{"rendered":"Zeka Geli\u015ftiren Etkinlikler 2"},"content":{"rendered":"<p>5-7 ya\u015f grubu \u00e7ocuklar i\u00e7in pedagog onayl\u0131, e\u011flenceli etkinlik kitab\u0131. 5-7 ya\u015f grubu \u00e7ocuklar i\u00e7in haz\u0131rlanm\u0131\u015f bu kitapta ; &#8211; Fark bulma, &#8211; Ayn\u0131 olanlar\u0131 bulma, &#8211; Eksik olanlar\u0131 bulma, &#8211; S\u0131ralama ve tamamlama, &#8211; Boyama, &#8211; Labirent, &#8211; 1\u2019den 40\u2019a kadar rakam birle\u015ftirme, &#8211; Resim kopyalama al\u0131\u015ft\u0131rmalar\u0131 yer almaktad\u0131r. Bu kitapla, \u00e7ocu\u011funuzun dikkat ve alg\u0131 yeneteklerini geli\u015ftirmesine, e\u011flenerek \u00f6\u011frenmesine katk\u0131da bulunabilirsiniz. \u00c7ocu\u011funuzla birlikte e\u011flenceli ve e\u011fitici saatler ge\u00e7irmenizi dileriz.<\/p>\n","protected":false},"excerpt":{"rendered":"<p>5-7 ya\u015f grubu \u00e7ocuklar i\u00e7in pedagog onayl\u0131, e\u011flenceli etkinlik kitab\u0131. 5-7 ya\u015f grubu \u00e7ocuklar i\u00e7in haz\u0131rlanm\u0131\u015f bu kitapta ; &#8211; Fark bulma, &#8211; Ayn\u0131 olanlar\u0131 bulma,<span class=\"excerpt-hellip\"> [\u2026]<\/span><\/p>\n","protected":false},"featured_media":0,"template":"","meta":{"_monsterinsights_skip_tracking":false,"_monsterinsights_sitenote_active":false,"_monsterinsights_sitenote_note":"","_monsterinsights_sitenote_category":0},"product_brand":[],"product_cat":[12274,24599],"product_tag":[],"class_list":{"0":"post-718545","1":"product","2":"type-product","3":"status-publish","5":"product_cat-cocuk-ve-genclik-kitaplari","6":"product_cat-zeka-gelisimi","7":"pa_cilt-ciltsiz","8":"pa_tur-kitap","9":"pa_yayinevi-beyaz-balina-yayinlari","10":"pa_yazar-kolektif","12":"first","13":"instock","14":"sale","15":"shipping-taxable","16":"purchasable","17":"product-type-simple"},"_links":{"self":[{"href":"https:\/\/roveyayinevi.com.tr\/index.php\/wp-json\/wp\/v2\/product\/718545","targetHints":{"allow":["GET"]}}],"collection":[{"href":"https:\/\/roveyayinevi.com.tr\/index.php\/wp-json\/wp\/v2\/product"}],"about":[{"href":"https:\/\/roveyayinevi.com.tr\/index.php\/wp-json\/wp\/v2\/types\/product"}],"wp:attachment":[{"href":"https:\/\/roveyayinevi.com.tr\/index.php\/wp-json\/wp\/v2\/media?parent=718545"}],"wp:term":[{"taxonomy":"product_brand","embeddable":true,"href":"https:\/\/roveyayinevi.com.tr\/index.php\/wp-json\/wp\/v2\/product_brand?post=718545"},{"taxonomy":"product_cat","embeddable":true,"href":"https:\/\/roveyayinevi.com.tr\/index.php\/wp-json\/wp\/v2\/product_cat?post=718545"},{"taxonomy":"product_tag","embeddable":true,"href":"https:\/\/roveyayinevi.com.tr\/index.php\/wp-json\/wp\/v2\/product_tag?post=718545"}],"curies":[{"name":"wp","href":"https:\/\/api.w.org\/{rel}","templated":true}]}}