{"id":718544,"date":"2025-08-27T18:10:09","date_gmt":"2025-08-27T15:10:09","guid":{"rendered":"https:\/\/roveyayinevi.com.tr\/index.php\/urun\/bebekler-ne-ister\/"},"modified":"2026-04-16T02:26:44","modified_gmt":"2026-04-15T23:26:44","slug":"bebekler-ne-ister","status":"publish","type":"product","link":"https:\/\/roveyayinevi.com.tr\/index.php\/urun\/bebekler-ne-ister\/","title":{"rendered":"Bebekler Ne \u0130ster"},"content":{"rendered":"<p>Bebek Manifestosu: Her a\u011flad\u0131\u011f\u0131mda ilgi g\u00f6rmeye, ac\u0131kt\u0131\u011f\u0131mda doyurulmaya, kirlendi\u011fimde temizlenmeye, uykum geldi\u011finde sakin ve g\u00fcvenli bir \u015fekilde uyutulmaya, korunmaya ve \u00f6zen g\u00f6sterilmeye, bedensel ve zihinsel geli\u015fimim i\u00e7in desteklenmeye ve ne oldu\u011fuma ya da ne yapt\u0131\u011f\u0131ma bak\u0131lmaks\u0131z\u0131n kar\u015f\u0131l\u0131ks\u0131z sevilmeye hakk\u0131m var. Hayata sa\u011fl\u0131kl\u0131 ve m\u00fckemmel bir ba\u015flang\u0131\u00e7 yapabilmem i\u00e7in beni anlamana ihtiyac\u0131m var.Bebekler isterse annelerinin yapamayaca\u011f\u0131 hi\u00e7bir \u015fey yoktur ama hangi durumlarda neler yapmalar\u0131 gerekti\u011fini bilen annelerin bebeklerine sunabilece\u011fi sa\u011fl\u0131kl\u0131 hayat kadar de\u011ferli bir hediye de yoktur. \u00c7ocuk Sa\u011fl\u0131\u011f\u0131 ve Hastal\u0131klar\u0131 Uzman\u0131 Dr. Elif P\u0131nar \u00c7ak\u0131r taraf\u0131ndan en g\u00fcncel bilgiler \u0131\u015f\u0131\u011f\u0131nda haz\u0131rlanan, alt\u0131n \u00f6\u011f\u00fctler ve zengin g\u00f6rsellerle bezeli bu kitap, bebe\u011finizin yenido\u011fan d\u00f6neminden 2 ya\u015f\u0131na kadar t\u00fcm geli\u015fimsel evreleri ve temel gereksinimleri hakk\u0131nda merak edilenleri cevapl\u0131yor ve \u00e7i\u00e7e\u011fi burnunda ebeveynler i\u00e7in hayatlar\u0131n\u0131n en g\u00fczel yolculu\u011funda yanlar\u0131ndan ay\u0131rmayacaklar\u0131 bir rehber olmay\u0131 ama\u00e7l\u0131yor.<\/p>\n","protected":false},"excerpt":{"rendered":"<p>Bebek Manifestosu: Her a\u011flad\u0131\u011f\u0131mda ilgi g\u00f6rmeye, ac\u0131kt\u0131\u011f\u0131mda doyurulmaya, kirlendi\u011fimde temizlenmeye, uykum geldi\u011finde sakin ve g\u00fcvenli bir \u015fekilde uyutulmaya, korunmaya ve \u00f6zen g\u00f6sterilmeye, bedensel ve zihinsel geli\u015fimim<span class=\"excerpt-hellip\"> [\u2026]<\/span><\/p>\n","protected":false},"featured_media":0,"template":"","meta":{"_monsterinsights_skip_tracking":false,"_monsterinsights_sitenote_active":false,"_monsterinsights_sitenote_note":"","_monsterinsights_sitenote_category":0},"product_brand":[],"product_cat":[17996,12364],"product_tag":[],"class_list":{"0":"post-718544","1":"product","2":"type-product","3":"status-publish","5":"product_cat-ebeveyn-kitaplari","6":"product_cat-genel-konular","7":"pa_cilt-ciltsiz","8":"pa_tur-kitap","9":"pa_yayinevi-koridor-yayincilik","10":"pa_yazar-elif-pinar-cakir","12":"first","13":"instock","14":"sale","15":"shipping-taxable","16":"purchasable","17":"product-type-simple"},"_links":{"self":[{"href":"https:\/\/roveyayinevi.com.tr\/index.php\/wp-json\/wp\/v2\/product\/718544","targetHints":{"allow":["GET"]}}],"collection":[{"href":"https:\/\/roveyayinevi.com.tr\/index.php\/wp-json\/wp\/v2\/product"}],"about":[{"href":"https:\/\/roveyayinevi.com.tr\/index.php\/wp-json\/wp\/v2\/types\/product"}],"wp:attachment":[{"href":"https:\/\/roveyayinevi.com.tr\/index.php\/wp-json\/wp\/v2\/media?parent=718544"}],"wp:term":[{"taxonomy":"product_brand","embeddable":true,"href":"https:\/\/roveyayinevi.com.tr\/index.php\/wp-json\/wp\/v2\/product_brand?post=718544"},{"taxonomy":"product_cat","embeddable":true,"href":"https:\/\/roveyayinevi.com.tr\/index.php\/wp-json\/wp\/v2\/product_cat?post=718544"},{"taxonomy":"product_tag","embeddable":true,"href":"https:\/\/roveyayinevi.com.tr\/index.php\/wp-json\/wp\/v2\/product_tag?post=718544"}],"curies":[{"name":"wp","href":"https:\/\/api.w.org\/{rel}","templated":true}]}}