{"id":718543,"date":"2025-08-27T18:10:08","date_gmt":"2025-08-27T15:10:08","guid":{"rendered":"https:\/\/roveyayinevi.com.tr\/index.php\/urun\/manifesto\/"},"modified":"2026-04-16T02:26:44","modified_gmt":"2026-04-15T23:26:44","slug":"manifesto","status":"publish","type":"product","link":"https:\/\/roveyayinevi.com.tr\/index.php\/urun\/manifesto\/","title":{"rendered":"Manifesto"},"content":{"rendered":"<p>G\u00fcne\u015f y\u00fckseliyordu Kud\u00fcs\u2019te\u2026 Hem de y\u00fczy\u0131llard\u0131r y\u00fckselmedi\u011fi kadar gururla\u2026 G\u00f6ky\u00fcz\u00fc sanki g\u00fcne\u015fle dans ediyordu\u2026 A\u011fa\u00e7lar hayk\u0131r\u0131yordu zulm\u00fcn bitti\u011fini\u2026 H\u00fczn\u00fcn sembol\u00fc r\u00fczg\u00e2r yapraklar\u0131 savuruyordu. Ama bu kez zafer i\u00e7in\u2026 Hayvanlar ko\u015fu\u015fturuyordu. C\u00fcmle \u00e2leme bu an\u0131 duyurabilmek i\u00e7in. Y\u00fczy\u0131llard\u0131r bombalar alt\u0131nda ya\u015fayan bebekler a\u011fl\u0131yordu. Bu kez adaletin tecelli etti\u011fini duyurmak i\u00e7in. Mazlumun g\u00f6zya\u015f\u0131 bu kez ac\u0131ya akm\u0131yordu\u2026 <\/p>\n","protected":false},"excerpt":{"rendered":"<p>G\u00fcne\u015f y\u00fckseliyordu Kud\u00fcs\u2019te\u2026 Hem de y\u00fczy\u0131llard\u0131r y\u00fckselmedi\u011fi kadar gururla\u2026 G\u00f6ky\u00fcz\u00fc sanki g\u00fcne\u015fle dans ediyordu\u2026 A\u011fa\u00e7lar hayk\u0131r\u0131yordu zulm\u00fcn bitti\u011fini\u2026 H\u00fczn\u00fcn sembol\u00fc r\u00fczg\u00e2r yapraklar\u0131 savuruyordu. Ama bu kez<span class=\"excerpt-hellip\"> [\u2026]<\/span><\/p>\n","protected":false},"featured_media":0,"template":"","meta":{"_monsterinsights_skip_tracking":false,"_monsterinsights_sitenote_active":false,"_monsterinsights_sitenote_note":"","_monsterinsights_sitenote_category":0},"product_brand":[],"product_cat":[12291,12711],"product_tag":[],"class_list":{"0":"post-718543","1":"product","2":"type-product","3":"status-publish","5":"product_cat-edebiyat","6":"product_cat-roman-oyku","7":"pa_cilt-ciltsiz","8":"pa_tur-kitap","9":"pa_yayinevi-luna-yayinlari","10":"pa_yazar-ibrahim-ankara","12":"first","13":"instock","14":"sale","15":"shipping-taxable","16":"purchasable","17":"product-type-simple"},"_links":{"self":[{"href":"https:\/\/roveyayinevi.com.tr\/index.php\/wp-json\/wp\/v2\/product\/718543","targetHints":{"allow":["GET"]}}],"collection":[{"href":"https:\/\/roveyayinevi.com.tr\/index.php\/wp-json\/wp\/v2\/product"}],"about":[{"href":"https:\/\/roveyayinevi.com.tr\/index.php\/wp-json\/wp\/v2\/types\/product"}],"wp:attachment":[{"href":"https:\/\/roveyayinevi.com.tr\/index.php\/wp-json\/wp\/v2\/media?parent=718543"}],"wp:term":[{"taxonomy":"product_brand","embeddable":true,"href":"https:\/\/roveyayinevi.com.tr\/index.php\/wp-json\/wp\/v2\/product_brand?post=718543"},{"taxonomy":"product_cat","embeddable":true,"href":"https:\/\/roveyayinevi.com.tr\/index.php\/wp-json\/wp\/v2\/product_cat?post=718543"},{"taxonomy":"product_tag","embeddable":true,"href":"https:\/\/roveyayinevi.com.tr\/index.php\/wp-json\/wp\/v2\/product_tag?post=718543"}],"curies":[{"name":"wp","href":"https:\/\/api.w.org\/{rel}","templated":true}]}}