{"id":718541,"date":"2025-08-27T18:10:07","date_gmt":"2025-08-27T15:10:07","guid":{"rendered":"https:\/\/roveyayinevi.com.tr\/index.php\/urun\/daragacindan-notlar-2\/"},"modified":"2026-04-16T02:26:44","modified_gmt":"2026-04-15T23:26:44","slug":"daragacindan-notlar-2","status":"publish","type":"product","link":"https:\/\/roveyayinevi.com.tr\/index.php\/urun\/daragacindan-notlar-2\/","title":{"rendered":"Dara\u011fac\u0131ndan Notlar"},"content":{"rendered":"<p>Bu kitap, Nazilerin \u00c7ekoslovakya&#8217;y\u0131 i\u015fgalinden sonra tutuklanan ve \u00c7ek Kom\u00fcnist Partisi \u00f6nderlerinden olan Julius Fu\u00e7ik&#8217;in tutsakl\u0131k ko\u015fullar\u0131nda, idam\u0131na kadar ge\u00e7en s\u00fcrede kur\u015fun kalemle k\u00fc\u00e7\u00fck ka\u011f\u0131tlara yaz\u0131lan ve binbir zorluklarla d\u0131\u015far\u0131ya ula\u015ft\u0131r\u0131lan notlar\u0131ndan olu\u015fmu\u015ftur. JuliesFu\u00e7ik&#8217;in e\u015fi ve yolda\u015f\u0131 olan AgustinaFu\u00e7ik, Sovyetler&#8217;in Nazileri yenmesiyle esareti sonlanan tutsaklardan biridir ayn\u0131 zamanda. E\u015finin her bir sayfas\u0131na numaralar vererek yazd\u0131\u011f\u0131 ve bir \u00e7ok insan taraf\u0131ndan saklanan bu notlar\u0131 tek tek bularak bir araya getirmi\u015ftir. Gestapo h\u00fccrelerinden bug\u00fcne ula\u015fan ve her bir sat\u0131r\u0131 insanl\u0131k erdeminin, adanm\u0131\u015fl\u0131\u011f\u0131n ve direncin zaferine tan\u0131kl\u0131k eden bu \u00e7al\u0131\u015fma ilk kez 1945 y\u0131l\u0131nda kitapla\u015ft\u0131r\u0131lm\u0131\u015ft\u0131r. <\/p>\n","protected":false},"excerpt":{"rendered":"<p>Bu kitap, Nazilerin \u00c7ekoslovakya&#8217;y\u0131 i\u015fgalinden sonra tutuklanan ve \u00c7ek Kom\u00fcnist Partisi \u00f6nderlerinden olan Julius Fu\u00e7ik&#8217;in tutsakl\u0131k ko\u015fullar\u0131nda, idam\u0131na kadar ge\u00e7en s\u00fcrede kur\u015fun kalemle k\u00fc\u00e7\u00fck ka\u011f\u0131tlara yaz\u0131lan<span class=\"excerpt-hellip\"> [\u2026]<\/span><\/p>\n","protected":false},"featured_media":0,"template":"","meta":{"_monsterinsights_skip_tracking":false,"_monsterinsights_sitenote_active":false,"_monsterinsights_sitenote_note":"","_monsterinsights_sitenote_category":0},"product_brand":[],"product_cat":[13701,12291],"product_tag":[],"class_list":{"0":"post-718541","1":"product","2":"type-product","3":"status-publish","5":"product_cat-ani-mektup-gunluk","6":"product_cat-edebiyat","7":"pa_cilt-ciltsiz","8":"pa_tur-kitap","9":"pa_yayinevi-toz-yayinlari","10":"pa_yazar-julius-fucik","12":"first","13":"instock","14":"sale","15":"shipping-taxable","16":"purchasable","17":"product-type-simple"},"_links":{"self":[{"href":"https:\/\/roveyayinevi.com.tr\/index.php\/wp-json\/wp\/v2\/product\/718541","targetHints":{"allow":["GET"]}}],"collection":[{"href":"https:\/\/roveyayinevi.com.tr\/index.php\/wp-json\/wp\/v2\/product"}],"about":[{"href":"https:\/\/roveyayinevi.com.tr\/index.php\/wp-json\/wp\/v2\/types\/product"}],"wp:attachment":[{"href":"https:\/\/roveyayinevi.com.tr\/index.php\/wp-json\/wp\/v2\/media?parent=718541"}],"wp:term":[{"taxonomy":"product_brand","embeddable":true,"href":"https:\/\/roveyayinevi.com.tr\/index.php\/wp-json\/wp\/v2\/product_brand?post=718541"},{"taxonomy":"product_cat","embeddable":true,"href":"https:\/\/roveyayinevi.com.tr\/index.php\/wp-json\/wp\/v2\/product_cat?post=718541"},{"taxonomy":"product_tag","embeddable":true,"href":"https:\/\/roveyayinevi.com.tr\/index.php\/wp-json\/wp\/v2\/product_tag?post=718541"}],"curies":[{"name":"wp","href":"https:\/\/api.w.org\/{rel}","templated":true}]}}