{"id":718540,"date":"2025-08-27T18:10:06","date_gmt":"2025-08-27T15:10:06","guid":{"rendered":"https:\/\/roveyayinevi.com.tr\/index.php\/urun\/hakikat-sonrasi\/"},"modified":"2026-04-16T02:26:44","modified_gmt":"2026-04-15T23:26:44","slug":"hakikat-sonrasi","status":"publish","type":"product","link":"https:\/\/roveyayinevi.com.tr\/index.php\/urun\/hakikat-sonrasi\/","title":{"rendered":"Hakikat Sonras\u0131"},"content":{"rendered":"<p>Bug\u00fcn\u00fcn hakikat-sonras\u0131 rejiminde, g\u00fcndelik siyasetin bir uzant\u0131s\u0131 haline gelen, yaln\u0131zca yorum ve g\u00f6r\u00fcn\u00fcmlerin oldu\u011fu bir &#8220;g\u00f6steri toplumu&#8221;nun y\u00fckseli\u015fine tan\u0131kl\u0131k ediyoruz. Sorular ve cevaplar aras\u0131ndaki nedensel ba\u011flar\u0131 yitirdi\u011fimiz kapitalist modernite \u00e7a\u011f\u0131nda, devlet akl\u0131na ve onun otoriter siyasal tahayy\u00fcllerine muhta\u00e7 olmayan bir kar\u015f\u0131 duru\u015f geli\u015ftirebilmek m\u00fcmk\u00fcn m\u00fcd\u00fcr? Sosyal adaletin, \u00f6zg\u00fcrl\u00fc\u011f\u00fcn ve demokrasinin \u00f6z\u00fcne tehdit olu\u015fturan pop\u00fclizm ve yalanlarla nas\u0131l ba\u015f edebiliriz? Hakikat-sonras\u0131, t\u00fcm bu sorulara yan\u0131tlar arayan bir kamusal felsefe kitab\u0131d\u0131r.Mirg\u00fcn Cabas&#8217;\u0131n sunu\u015fu ile.<\/p>\n","protected":false},"excerpt":{"rendered":"<p>Bug\u00fcn\u00fcn hakikat-sonras\u0131 rejiminde, g\u00fcndelik siyasetin bir uzant\u0131s\u0131 haline gelen, yaln\u0131zca yorum ve g\u00f6r\u00fcn\u00fcmlerin oldu\u011fu bir &#8220;g\u00f6steri toplumu&#8221;nun y\u00fckseli\u015fine tan\u0131kl\u0131k ediyoruz. Sorular ve cevaplar aras\u0131ndaki nedensel ba\u011flar\u0131<span class=\"excerpt-hellip\"> [\u2026]<\/span><\/p>\n","protected":false},"featured_media":0,"template":"","meta":{"_monsterinsights_skip_tracking":false,"_monsterinsights_sitenote_active":false,"_monsterinsights_sitenote_note":"","_monsterinsights_sitenote_category":0},"product_brand":[],"product_cat":[13590,12337],"product_tag":[],"class_list":{"0":"post-718540","1":"product","2":"type-product","3":"status-publish","5":"product_cat-arastirma-inceleme-politika-siyaset","6":"product_cat-politika-siyaset","7":"pa_cilt-ciltsiz","8":"pa_tur-kitap","9":"pa_yayinevi-tellekt","10":"pa_yazar-lee-mcintyre","12":"first","13":"instock","14":"sale","15":"shipping-taxable","16":"purchasable","17":"product-type-simple"},"_links":{"self":[{"href":"https:\/\/roveyayinevi.com.tr\/index.php\/wp-json\/wp\/v2\/product\/718540","targetHints":{"allow":["GET"]}}],"collection":[{"href":"https:\/\/roveyayinevi.com.tr\/index.php\/wp-json\/wp\/v2\/product"}],"about":[{"href":"https:\/\/roveyayinevi.com.tr\/index.php\/wp-json\/wp\/v2\/types\/product"}],"wp:attachment":[{"href":"https:\/\/roveyayinevi.com.tr\/index.php\/wp-json\/wp\/v2\/media?parent=718540"}],"wp:term":[{"taxonomy":"product_brand","embeddable":true,"href":"https:\/\/roveyayinevi.com.tr\/index.php\/wp-json\/wp\/v2\/product_brand?post=718540"},{"taxonomy":"product_cat","embeddable":true,"href":"https:\/\/roveyayinevi.com.tr\/index.php\/wp-json\/wp\/v2\/product_cat?post=718540"},{"taxonomy":"product_tag","embeddable":true,"href":"https:\/\/roveyayinevi.com.tr\/index.php\/wp-json\/wp\/v2\/product_tag?post=718540"}],"curies":[{"name":"wp","href":"https:\/\/api.w.org\/{rel}","templated":true}]}}