{"id":718539,"date":"2025-08-27T18:10:05","date_gmt":"2025-08-27T15:10:05","guid":{"rendered":"https:\/\/roveyayinevi.com.tr\/index.php\/urun\/diyalektik-materyalizm\/"},"modified":"2026-04-16T02:26:44","modified_gmt":"2026-04-15T23:26:44","slug":"diyalektik-materyalizm","status":"publish","type":"product","link":"https:\/\/roveyayinevi.com.tr\/index.php\/urun\/diyalektik-materyalizm\/","title":{"rendered":"Diyalektik Materyalizm"},"content":{"rendered":"<p>&#8220;Diyalektik materyalizm; yegane bilimsel ve devrimci sosyalizm ile ayr\u0131lmaz ba\u011f i\u00e7inde ve onun felsefi zemini olarak do\u011fdu. Diyalektik materyalizm ve onun toplumsal ya\u015fam alan\u0131ndaki kullan\u0131m\u0131; materyalist tarih kavram\u0131 Karl Marks ve Friedrich Engels&#8217;i sosyalizmin tarihi bir zorunluluk oldu\u011fu, zorunlu olarak kapitalizmin yerine ge\u00e7ek olan yeni sosyal d\u00fczen oldu\u011fu tespitine g\u00f6t\u00fcrd\u00fc. Diyalektik materyalizmin do\u011fu\u015fu, insan d\u00fc\u015f\u00fcncesinin y\u00fczy\u0131llarca s\u00fcren geli\u015fme tarihinde devrimci bir k\u00f6kl\u00fc de\u011fi\u015fim anlam\u0131na geliyordu. Daha \u00f6nceki b\u00fct\u00fcn felsefeye k\u0131yasla diyalektik materyalizm, hem d\u00fc\u015f\u00fcnce i\u00e7eri\u011fi hem de s\u0131n\u0131fsal k\u00f6kleri bak\u0131m\u0131ndan nitel yeni bir felsefeydi.&#8221; <\/p>\n","protected":false},"excerpt":{"rendered":"<p>&#8220;Diyalektik materyalizm; yegane bilimsel ve devrimci sosyalizm ile ayr\u0131lmaz ba\u011f i\u00e7inde ve onun felsefi zemini olarak do\u011fdu. Diyalektik materyalizm ve onun toplumsal ya\u015fam alan\u0131ndaki kullan\u0131m\u0131; materyalist<span class=\"excerpt-hellip\"> [\u2026]<\/span><\/p>\n","protected":false},"featured_media":0,"template":"","meta":{"_monsterinsights_skip_tracking":false,"_monsterinsights_sitenote_active":false,"_monsterinsights_sitenote_note":"","_monsterinsights_sitenote_category":0},"product_brand":[],"product_cat":[20351,12388],"product_tag":[],"class_list":{"0":"post-718539","1":"product","2":"type-product","3":"status-publish","5":"product_cat-dusunce","6":"product_cat-felsefe","7":"pa_cilt-ciltsiz","8":"pa_tur-kitap","9":"pa_yayinevi-toz-yayinlari","10":"pa_yazar-ibrahim-okcuoglu","12":"first","13":"instock","14":"sale","15":"shipping-taxable","16":"purchasable","17":"product-type-simple"},"_links":{"self":[{"href":"https:\/\/roveyayinevi.com.tr\/index.php\/wp-json\/wp\/v2\/product\/718539","targetHints":{"allow":["GET"]}}],"collection":[{"href":"https:\/\/roveyayinevi.com.tr\/index.php\/wp-json\/wp\/v2\/product"}],"about":[{"href":"https:\/\/roveyayinevi.com.tr\/index.php\/wp-json\/wp\/v2\/types\/product"}],"wp:attachment":[{"href":"https:\/\/roveyayinevi.com.tr\/index.php\/wp-json\/wp\/v2\/media?parent=718539"}],"wp:term":[{"taxonomy":"product_brand","embeddable":true,"href":"https:\/\/roveyayinevi.com.tr\/index.php\/wp-json\/wp\/v2\/product_brand?post=718539"},{"taxonomy":"product_cat","embeddable":true,"href":"https:\/\/roveyayinevi.com.tr\/index.php\/wp-json\/wp\/v2\/product_cat?post=718539"},{"taxonomy":"product_tag","embeddable":true,"href":"https:\/\/roveyayinevi.com.tr\/index.php\/wp-json\/wp\/v2\/product_tag?post=718539"}],"curies":[{"name":"wp","href":"https:\/\/api.w.org\/{rel}","templated":true}]}}