{"id":718537,"date":"2025-08-27T18:10:04","date_gmt":"2025-08-27T15:10:04","guid":{"rendered":"https:\/\/roveyayinevi.com.tr\/index.php\/urun\/kapitalizm-ve-sosyalizmde-isin-sinifsal-karakteri\/"},"modified":"2026-04-16T02:26:44","modified_gmt":"2026-04-15T23:26:44","slug":"kapitalizm-ve-sosyalizmde-isin-sinifsal-karakteri","status":"publish","type":"product","link":"https:\/\/roveyayinevi.com.tr\/index.php\/urun\/kapitalizm-ve-sosyalizmde-isin-sinifsal-karakteri\/","title":{"rendered":"Kapitalizm ve Sosyalizmde \u0130\u015fin S\u0131n\u0131fsal Karakteri"},"content":{"rendered":"<p>Kapitalizmde bir i\u015f s\u00f6zle\u015fmesinin ger\u00e7ekle\u015fmesi ekonomik bak\u0131mdan bir al\u0131\u015fveri\u015f anla\u015fmas\u0131 olarak g\u00f6r\u00fcl\u00fcr, \u00e7\u00fcnk\u00fc i\u015f g\u00fcc\u00fc bir meta olarak sat\u0131l\u0131r. Sosyalizmde ise i\u015f g\u00fcc\u00fc, art\u0131k bir meta de\u011fildir ve b\u00f6ylece yap\u0131lan i\u015f s\u00f6zle\u015fmesi, bunlar \u2018i\u015f kiras\u0131\u2019 olarak da adland\u0131r\u0131l\u0131r, bamba\u015fka bir ekonomik i\u00e7erik ta\u015f\u0131r. Burada i\u015f s\u00f6zle\u015fmesi, b\u00fct\u00fcn i\u015f\u00e7i ve k\u00f6yl\u00fc devletinin \u00fcretim \u00e7\u0131karlar\u0131n\u0131n temsilcisi olarak iktisadi muhasebe ilkesine g\u00f6re hareket eden tekil devlet i\u015fletmeleri ile g\u00f6n\u00fcll\u00fcl\u00fck temelinde \u00e7al\u0131\u015fma hakk\u0131ndan dolay\u0131 ve yeteneklerine, e\u011filimlerine, beceriklilik, bilgi, sa\u011fl\u0131k durumuna g\u00f6re vs. i\u015f yerini se\u00e7en i\u015f\u00e7i ve \u00fccretli memurlar aras\u0131ndaki ekonomik ili\u015fkilerin yasal ifadesidir. <\/p>\n","protected":false},"excerpt":{"rendered":"<p>Kapitalizmde bir i\u015f s\u00f6zle\u015fmesinin ger\u00e7ekle\u015fmesi ekonomik bak\u0131mdan bir al\u0131\u015fveri\u015f anla\u015fmas\u0131 olarak g\u00f6r\u00fcl\u00fcr, \u00e7\u00fcnk\u00fc i\u015f g\u00fcc\u00fc bir meta olarak sat\u0131l\u0131r. Sosyalizmde ise i\u015f g\u00fcc\u00fc, art\u0131k bir meta<span class=\"excerpt-hellip\"> [\u2026]<\/span><\/p>\n","protected":false},"featured_media":0,"template":"","meta":{"_monsterinsights_skip_tracking":false,"_monsterinsights_sitenote_active":false,"_monsterinsights_sitenote_note":"","_monsterinsights_sitenote_category":0},"product_brand":[],"product_cat":[12389,12388],"product_tag":[],"class_list":{"0":"post-718537","1":"product","2":"type-product","3":"status-publish","5":"product_cat-diger-felsefe","6":"product_cat-felsefe","7":"pa_cilt-ciltsiz","8":"pa_tur-kitap","9":"pa_yayinevi-toz-yayinlari","10":"pa_yazar-ibrahim-okcuoglu","12":"first","13":"instock","14":"sale","15":"shipping-taxable","16":"purchasable","17":"product-type-simple"},"_links":{"self":[{"href":"https:\/\/roveyayinevi.com.tr\/index.php\/wp-json\/wp\/v2\/product\/718537","targetHints":{"allow":["GET"]}}],"collection":[{"href":"https:\/\/roveyayinevi.com.tr\/index.php\/wp-json\/wp\/v2\/product"}],"about":[{"href":"https:\/\/roveyayinevi.com.tr\/index.php\/wp-json\/wp\/v2\/types\/product"}],"wp:attachment":[{"href":"https:\/\/roveyayinevi.com.tr\/index.php\/wp-json\/wp\/v2\/media?parent=718537"}],"wp:term":[{"taxonomy":"product_brand","embeddable":true,"href":"https:\/\/roveyayinevi.com.tr\/index.php\/wp-json\/wp\/v2\/product_brand?post=718537"},{"taxonomy":"product_cat","embeddable":true,"href":"https:\/\/roveyayinevi.com.tr\/index.php\/wp-json\/wp\/v2\/product_cat?post=718537"},{"taxonomy":"product_tag","embeddable":true,"href":"https:\/\/roveyayinevi.com.tr\/index.php\/wp-json\/wp\/v2\/product_tag?post=718537"}],"curies":[{"name":"wp","href":"https:\/\/api.w.org\/{rel}","templated":true}]}}