{"id":718536,"date":"2025-08-27T18:10:04","date_gmt":"2025-08-27T15:10:04","guid":{"rendered":"https:\/\/roveyayinevi.com.tr\/index.php\/urun\/allah-rasulunun-sunnetini-ihya-etmek\/"},"modified":"2026-04-16T02:26:44","modified_gmt":"2026-04-15T23:26:44","slug":"allah-rasulunun-sunnetini-ihya-etmek","status":"publish","type":"product","link":"https:\/\/roveyayinevi.com.tr\/index.php\/urun\/allah-rasulunun-sunnetini-ihya-etmek\/","title":{"rendered":"Allah Rasul\u00fc&#8217;n\u00fcn S\u00fcnnetini \u0130hya Etmek"},"content":{"rendered":"<p>Abd\u00fclhay el-Leknev\u00ee 1886 y\u0131l\u0131nda vefat eden me\u015fhur hadis \u00e2limidir.Daha \u00f6nce terc\u00fcmesi sunulan \u201cAllah\u2019a \u00c7ok \u0130badet Etmenin G\u00fczelli\u011fi\u201d kitab\u0131n\u0131n devam\u0131 niteli\u011findeki bu kitap, isminden de anla\u015f\u0131laca\u011f\u0131 \u00fczere s\u00fcnnetin anlam\u0131n\u0131, h\u00fckm\u00fcn\u00fc ve Allah Ras\u00fbl\u00fc sallallah\u00fc aleyhi ve sellem\u2019in s\u00fcnnetine uyman\u0131n ve onu ihya etmenin \u00f6nemini ele alan bir kitapt\u0131r.Leknev\u00ee\u2019nin \u00f6zellikle \u00fczerinde durdu\u011fu bir mesele de, genelde sahabenin \u00f6zelde d\u00f6rt halifenin ortaya koymu\u015f oldu\u011fu h\u00fck\u00fcm ve davran\u0131\u015flar\u0131n da s\u00fcnnet kapsam\u0131nda oldu\u011fu ve bunlara uyman\u0131n gereklili\u011fidir.Sahas\u0131nda \u00f6nemli konular\u0131 farkl\u0131 bir yakla\u015f\u0131mla ele alan Leknev\u00ee, \u00f6nemli bir bo\u015flu\u011fu dolduran bu kitab\u0131yla s\u00fcnneti dar kal\u0131plara hasredenlere \u00e2deta meydan okumaktad\u0131r.<\/p>\n","protected":false},"excerpt":{"rendered":"<p>Abd\u00fclhay el-Leknev\u00ee 1886 y\u0131l\u0131nda vefat eden me\u015fhur hadis \u00e2limidir.Daha \u00f6nce terc\u00fcmesi sunulan \u201cAllah\u2019a \u00c7ok \u0130badet Etmenin G\u00fczelli\u011fi\u201d kitab\u0131n\u0131n devam\u0131 niteli\u011findeki bu kitap, isminden de anla\u015f\u0131laca\u011f\u0131 \u00fczere<span class=\"excerpt-hellip\"> [\u2026]<\/span><\/p>\n","protected":false},"featured_media":0,"template":"","meta":{"_monsterinsights_skip_tracking":false,"_monsterinsights_sitenote_active":false,"_monsterinsights_sitenote_note":"","_monsterinsights_sitenote_category":0},"product_brand":[],"product_cat":[12718,12719,13025],"product_tag":[],"class_list":{"0":"post-718536","1":"product","2":"type-product","3":"status-publish","5":"product_cat-din","6":"product_cat-islam","7":"product_cat-islam-ve-gunumuz-islam-dusuncesi","8":"pa_cilt-ciltsiz","9":"pa_tur-kitap","10":"pa_yayinevi-takdim-kitap","11":"pa_yazar-abdulhay-el-leknevi","13":"first","14":"instock","15":"sale","16":"shipping-taxable","17":"purchasable","18":"product-type-simple"},"_links":{"self":[{"href":"https:\/\/roveyayinevi.com.tr\/index.php\/wp-json\/wp\/v2\/product\/718536","targetHints":{"allow":["GET"]}}],"collection":[{"href":"https:\/\/roveyayinevi.com.tr\/index.php\/wp-json\/wp\/v2\/product"}],"about":[{"href":"https:\/\/roveyayinevi.com.tr\/index.php\/wp-json\/wp\/v2\/types\/product"}],"wp:attachment":[{"href":"https:\/\/roveyayinevi.com.tr\/index.php\/wp-json\/wp\/v2\/media?parent=718536"}],"wp:term":[{"taxonomy":"product_brand","embeddable":true,"href":"https:\/\/roveyayinevi.com.tr\/index.php\/wp-json\/wp\/v2\/product_brand?post=718536"},{"taxonomy":"product_cat","embeddable":true,"href":"https:\/\/roveyayinevi.com.tr\/index.php\/wp-json\/wp\/v2\/product_cat?post=718536"},{"taxonomy":"product_tag","embeddable":true,"href":"https:\/\/roveyayinevi.com.tr\/index.php\/wp-json\/wp\/v2\/product_tag?post=718536"}],"curies":[{"name":"wp","href":"https:\/\/api.w.org\/{rel}","templated":true}]}}