{"id":718533,"date":"2025-08-27T18:10:02","date_gmt":"2025-08-27T15:10:02","guid":{"rendered":"https:\/\/roveyayinevi.com.tr\/index.php\/urun\/hadis-ilminin-temel-konulari\/"},"modified":"2026-04-16T02:26:44","modified_gmt":"2026-04-15T23:26:44","slug":"hadis-ilminin-temel-konulari","status":"publish","type":"product","link":"https:\/\/roveyayinevi.com.tr\/index.php\/urun\/hadis-ilminin-temel-konulari\/","title":{"rendered":"Hadis \u0130lminin Temel Konular\u0131"},"content":{"rendered":"<p>Leknev\u00ee\u2019nin elinizdeki eseri, H\u00fcseyin el-L\u00e2h\u00fbr\u00ee\u2019nin kendisine sormu\u015f oldu\u011fu hadis alan\u0131nda \u00e7etrefilli on soruya verdi\u011fi cevaptan olu\u015fmaktad\u0131r. Leknev\u00ee bu kitapla hadis problemlerine cevaplar sunmaktad\u0131r. M\u00fcellif, \u00e7al\u0131\u015fmas\u0131nda \u00f6nce kendisine sorulan soruyu okuyucunun kavrayabilece\u011fi \u015fekilde sunmakta sonra ilgili sorunun cevab\u0131na ge\u00e7mektedir.Bu kitapla kendisinden \u00f6nce hi\u00e7bir \u00e2limin doldurmad\u0131\u011f\u0131 bir bo\u015flu\u011fu dolduran \u0130mam Leknev\u00ee, alan\u0131nda \u00f6rne\u011fi az bulunan bu e\u015fsiz eserinde, \u201cHadis kitaplar\u0131nda bulunan her hadisle amel edilebilir mi?\u201d, \u201cMuhaddislerin s\u00f6zleri aras\u0131ndaki \u00e7eli\u015fki nas\u0131l giderilir?\u201d, \u201cRey ile hadisleri cem etmek kabul edilir mi?\u201d, \u201cSahab\u00eenin merf\u00fb hadise muhalif harekette bulunmas\u0131n\u0131n h\u00fckm\u00fc nedir?\u201d gibi sorulan sorulara ikna edici cevaplar vermektedir.<\/p>\n","protected":false},"excerpt":{"rendered":"<p>Leknev\u00ee\u2019nin elinizdeki eseri, H\u00fcseyin el-L\u00e2h\u00fbr\u00ee\u2019nin kendisine sormu\u015f oldu\u011fu hadis alan\u0131nda \u00e7etrefilli on soruya verdi\u011fi cevaptan olu\u015fmaktad\u0131r. Leknev\u00ee bu kitapla hadis problemlerine cevaplar sunmaktad\u0131r. M\u00fcellif, \u00e7al\u0131\u015fmas\u0131nda \u00f6nce<span class=\"excerpt-hellip\"> [\u2026]<\/span><\/p>\n","protected":false},"featured_media":0,"template":"","meta":{"_monsterinsights_skip_tracking":false,"_monsterinsights_sitenote_active":false,"_monsterinsights_sitenote_note":"","_monsterinsights_sitenote_category":0},"product_brand":[],"product_cat":[12718,12719,45552],"product_tag":[],"class_list":{"0":"post-718533","1":"product","2":"type-product","3":"status-publish","5":"product_cat-din","6":"product_cat-islam","7":"product_cat-meal-tefsir-hadis","8":"pa_cilt-ciltsiz","9":"pa_tur-kitap","10":"pa_yayinevi-takdim-kitap","11":"pa_yazar-abdulhay-el-leknevi","13":"first","14":"instock","15":"sale","16":"shipping-taxable","17":"purchasable","18":"product-type-simple"},"_links":{"self":[{"href":"https:\/\/roveyayinevi.com.tr\/index.php\/wp-json\/wp\/v2\/product\/718533","targetHints":{"allow":["GET"]}}],"collection":[{"href":"https:\/\/roveyayinevi.com.tr\/index.php\/wp-json\/wp\/v2\/product"}],"about":[{"href":"https:\/\/roveyayinevi.com.tr\/index.php\/wp-json\/wp\/v2\/types\/product"}],"wp:attachment":[{"href":"https:\/\/roveyayinevi.com.tr\/index.php\/wp-json\/wp\/v2\/media?parent=718533"}],"wp:term":[{"taxonomy":"product_brand","embeddable":true,"href":"https:\/\/roveyayinevi.com.tr\/index.php\/wp-json\/wp\/v2\/product_brand?post=718533"},{"taxonomy":"product_cat","embeddable":true,"href":"https:\/\/roveyayinevi.com.tr\/index.php\/wp-json\/wp\/v2\/product_cat?post=718533"},{"taxonomy":"product_tag","embeddable":true,"href":"https:\/\/roveyayinevi.com.tr\/index.php\/wp-json\/wp\/v2\/product_tag?post=718533"}],"curies":[{"name":"wp","href":"https:\/\/api.w.org\/{rel}","templated":true}]}}