{"id":718532,"date":"2025-08-27T18:10:02","date_gmt":"2025-08-27T15:10:02","guid":{"rendered":"https:\/\/roveyayinevi.com.tr\/index.php\/urun\/hadis-degerlendirme-kriterleri\/"},"modified":"2026-04-16T02:26:44","modified_gmt":"2026-04-15T23:26:44","slug":"hadis-degerlendirme-kriterleri","status":"publish","type":"product","link":"https:\/\/roveyayinevi.com.tr\/index.php\/urun\/hadis-degerlendirme-kriterleri\/","title":{"rendered":"Hadis De\u011ferlendirme Kriterleri"},"content":{"rendered":"<p>Abd\u00fclhay el-Leknev\u00ee 1886 y\u0131l\u0131nda vefat eden me\u015fhur hadis \u00e2limidir. Leknev\u00ee, kendi d\u00f6neminde yap\u0131lan hadis tart\u0131\u015fmalar\u0131ndaki bilgisizlikleri ve yanl\u0131\u015flar\u0131 gidermek i\u00e7in bu kitab\u0131 kaleme alm\u0131\u015ft\u0131r. Aradan y\u00fczy\u0131l\u0131 a\u015fk\u0131n bir zaman ge\u00e7mesine ra\u011fmen, kitapta ele al\u0131nan konular\u0131n g\u00fcn\u00fcm\u00fczde de tart\u0131\u015f\u0131lmaya devam etti\u011fini g\u00f6receksiniz.Ey okur,\u0130\u015fte sana, her susayan\u0131 kana kana i\u00e7irten, her hastay\u0131 iyile\u015ftiren ve seni dosdo\u011fru yola g\u00f6t\u00fcren, her yang\u0131ndan kurtaran, bilmediklerini \u00f6\u011freten ve anlamad\u0131klar\u0131n\u0131 idrak ettiren bir eser. Bu kitapta bulunan yararl\u0131 hazineleri ve e\u015fsiz incileri \u00f6\u011frendikten sonra; \u201cHadis ilmi, u\u00e7suz bir denizmi\u015f. \u00d6ncekiler, sonrakilere neler b\u0131rakm\u0131\u015flar neler.\u201d diyeceksin.<\/p>\n","protected":false},"excerpt":{"rendered":"<p>Abd\u00fclhay el-Leknev\u00ee 1886 y\u0131l\u0131nda vefat eden me\u015fhur hadis \u00e2limidir. Leknev\u00ee, kendi d\u00f6neminde yap\u0131lan hadis tart\u0131\u015fmalar\u0131ndaki bilgisizlikleri ve yanl\u0131\u015flar\u0131 gidermek i\u00e7in bu kitab\u0131 kaleme alm\u0131\u015ft\u0131r. Aradan y\u00fczy\u0131l\u0131<span class=\"excerpt-hellip\"> [\u2026]<\/span><\/p>\n","protected":false},"featured_media":0,"template":"","meta":{"_monsterinsights_skip_tracking":false,"_monsterinsights_sitenote_active":false,"_monsterinsights_sitenote_note":"","_monsterinsights_sitenote_category":0},"product_brand":[],"product_cat":[12718,12719,45552],"product_tag":[],"class_list":{"0":"post-718532","1":"product","2":"type-product","3":"status-publish","5":"product_cat-din","6":"product_cat-islam","7":"product_cat-meal-tefsir-hadis","8":"pa_cilt-ciltsiz","9":"pa_tur-kitap","10":"pa_yayinevi-takdim-kitap","11":"pa_yazar-abdulhay-el-leknevi","13":"first","14":"instock","15":"sale","16":"shipping-taxable","17":"purchasable","18":"product-type-simple"},"_links":{"self":[{"href":"https:\/\/roveyayinevi.com.tr\/index.php\/wp-json\/wp\/v2\/product\/718532","targetHints":{"allow":["GET"]}}],"collection":[{"href":"https:\/\/roveyayinevi.com.tr\/index.php\/wp-json\/wp\/v2\/product"}],"about":[{"href":"https:\/\/roveyayinevi.com.tr\/index.php\/wp-json\/wp\/v2\/types\/product"}],"wp:attachment":[{"href":"https:\/\/roveyayinevi.com.tr\/index.php\/wp-json\/wp\/v2\/media?parent=718532"}],"wp:term":[{"taxonomy":"product_brand","embeddable":true,"href":"https:\/\/roveyayinevi.com.tr\/index.php\/wp-json\/wp\/v2\/product_brand?post=718532"},{"taxonomy":"product_cat","embeddable":true,"href":"https:\/\/roveyayinevi.com.tr\/index.php\/wp-json\/wp\/v2\/product_cat?post=718532"},{"taxonomy":"product_tag","embeddable":true,"href":"https:\/\/roveyayinevi.com.tr\/index.php\/wp-json\/wp\/v2\/product_tag?post=718532"}],"curies":[{"name":"wp","href":"https:\/\/api.w.org\/{rel}","templated":true}]}}