{"id":718531,"date":"2025-08-27T18:10:01","date_gmt":"2025-08-27T15:10:01","guid":{"rendered":"https:\/\/roveyayinevi.com.tr\/index.php\/urun\/hakikati-arayanlara-kilavuz\/"},"modified":"2026-04-16T02:26:44","modified_gmt":"2026-04-15T23:26:44","slug":"hakikati-arayanlara-kilavuz","status":"publish","type":"product","link":"https:\/\/roveyayinevi.com.tr\/index.php\/urun\/hakikati-arayanlara-kilavuz\/","title":{"rendered":"Hakikati Arayanlara K\u0131lavuz"},"content":{"rendered":"<p>Muh\u00e2sib\u00ee ilk d\u00f6nem mutasavv\u0131flar\u0131ndan olup tasavvuf, nefis terbiyesi, z\u00fchd, seyr-i s\u00fcl\u00fbkun adab\u0131 gibi konularda bir\u00e7ok eser yazd\u0131. Muh\u00e2sib\u00ee elinizdeki esere en de\u011ferli nasihatleri, en ho\u015f ir\u015fadlar\u0131, eksiksiz \u00f6\u011f\u00fctleri, en a\u00e7\u0131k uyar\u0131lar\u0131, en samimi s\u00f6z, a\u00e7\u0131klama ve y\u00f6nlendirmeleri koydu. T\u00fcm bunlar\u0131, hemen anla\u015f\u0131lan ve pratik okunan, ilim ve mana hazineleriyle dolu c\u00fcmleler halinde ifade etti. Abdulfettah Eb\u00fb Gudde de eserden daha fazla istifade edilebilmesi i\u00e7in konuyla ilgili a\u00e7\u0131klamalar i\u00e7eren notlar ekledi.En de\u011ferli nasihatlerden olu\u015fan bu kitaptan tam olarak istifade edebilmek i\u00e7in \u00fczerinde durarak ve tefekk\u00fcr ederek okuyunuz.<\/p>\n","protected":false},"excerpt":{"rendered":"<p>Muh\u00e2sib\u00ee ilk d\u00f6nem mutasavv\u0131flar\u0131ndan olup tasavvuf, nefis terbiyesi, z\u00fchd, seyr-i s\u00fcl\u00fbkun adab\u0131 gibi konularda bir\u00e7ok eser yazd\u0131. Muh\u00e2sib\u00ee elinizdeki esere en de\u011ferli nasihatleri, en ho\u015f ir\u015fadlar\u0131,<span class=\"excerpt-hellip\"> [\u2026]<\/span><\/p>\n","protected":false},"featured_media":0,"template":"","meta":{"_monsterinsights_skip_tracking":false,"_monsterinsights_sitenote_active":false,"_monsterinsights_sitenote_note":"","_monsterinsights_sitenote_category":0},"product_brand":[],"product_cat":[16789,12718,12719],"product_tag":[],"class_list":{"0":"post-718531","1":"product","2":"type-product","3":"status-publish","5":"product_cat-diger-islam","6":"product_cat-din","7":"product_cat-islam","8":"pa_cilt-ciltsiz","9":"pa_tur-kitap","10":"pa_yayinevi-takdim-kitap","11":"pa_yazar-el-haris-el-muhasibi","13":"first","14":"instock","15":"sale","16":"shipping-taxable","17":"purchasable","18":"product-type-simple"},"_links":{"self":[{"href":"https:\/\/roveyayinevi.com.tr\/index.php\/wp-json\/wp\/v2\/product\/718531","targetHints":{"allow":["GET"]}}],"collection":[{"href":"https:\/\/roveyayinevi.com.tr\/index.php\/wp-json\/wp\/v2\/product"}],"about":[{"href":"https:\/\/roveyayinevi.com.tr\/index.php\/wp-json\/wp\/v2\/types\/product"}],"wp:attachment":[{"href":"https:\/\/roveyayinevi.com.tr\/index.php\/wp-json\/wp\/v2\/media?parent=718531"}],"wp:term":[{"taxonomy":"product_brand","embeddable":true,"href":"https:\/\/roveyayinevi.com.tr\/index.php\/wp-json\/wp\/v2\/product_brand?post=718531"},{"taxonomy":"product_cat","embeddable":true,"href":"https:\/\/roveyayinevi.com.tr\/index.php\/wp-json\/wp\/v2\/product_cat?post=718531"},{"taxonomy":"product_tag","embeddable":true,"href":"https:\/\/roveyayinevi.com.tr\/index.php\/wp-json\/wp\/v2\/product_tag?post=718531"}],"curies":[{"name":"wp","href":"https:\/\/api.w.org\/{rel}","templated":true}]}}