{"id":718529,"date":"2025-08-27T18:10:00","date_gmt":"2025-08-27T15:10:00","guid":{"rendered":"https:\/\/roveyayinevi.com.tr\/index.php\/urun\/abd-kuba-turkiye-saglik-sistemi-ve-uygulamasi\/"},"modified":"2026-04-16T02:26:44","modified_gmt":"2026-04-15T23:26:44","slug":"abd-kuba-turkiye-saglik-sistemi-ve-uygulamasi","status":"publish","type":"product","link":"https:\/\/roveyayinevi.com.tr\/index.php\/urun\/abd-kuba-turkiye-saglik-sistemi-ve-uygulamasi\/","title":{"rendered":"ABD-K\u00fcba-T\u00fcrkiye Sa\u011fl\u0131k Sistemi ve Uygulamas\u0131"},"content":{"rendered":"<p>B\u00d6L\u00dcM I Farkl\u0131 Siyasal Sistemler ve Devletin Sa\u011fl\u0131k Hizmeti Sunma Y\u00fck\u00fcml\u00fcl\u00fckleri B\u00d6L\u00dcM II Sa\u011fl\u0131k ve Sa\u011fl\u0131k Sistemleri B\u00d6L\u00dcM III ABD Sa\u011fl\u0131k Sistemi B\u00d6L\u00dcM IV K\u00fcba Sa\u011fl\u0131k Sistemi B\u00d6L\u00dcM V Sa\u011fl\u0131k Sistemlerinin Etkinli\u011finin ABD-K\u00fcba-T\u00fcrkiye Ba\u011flam\u0131nda De\u011ferlendirilmesi <\/p>\n","protected":false},"excerpt":{"rendered":"<p>B\u00d6L\u00dcM I Farkl\u0131 Siyasal Sistemler ve Devletin Sa\u011fl\u0131k Hizmeti Sunma Y\u00fck\u00fcml\u00fcl\u00fckleri B\u00d6L\u00dcM II Sa\u011fl\u0131k ve Sa\u011fl\u0131k Sistemleri B\u00d6L\u00dcM III ABD Sa\u011fl\u0131k Sistemi B\u00d6L\u00dcM IV K\u00fcba Sa\u011fl\u0131k<span class=\"excerpt-hellip\"> [\u2026]<\/span><\/p>\n","protected":false},"featured_media":0,"template":"","meta":{"_monsterinsights_skip_tracking":false,"_monsterinsights_sitenote_active":false,"_monsterinsights_sitenote_note":"","_monsterinsights_sitenote_category":0},"product_brand":[],"product_cat":[12365,12364],"product_tag":[],"class_list":{"0":"post-718529","1":"product","2":"type-product","3":"status-publish","5":"product_cat-diger-genel-konular","6":"product_cat-genel-konular","7":"pa_cilt-ciltsiz","8":"pa_tur-kitap","9":"pa_yayinevi-gazi-kitabevi","10":"pa_yazar-hakki-demirci","12":"first","13":"instock","14":"sale","15":"shipping-taxable","16":"purchasable","17":"product-type-simple"},"_links":{"self":[{"href":"https:\/\/roveyayinevi.com.tr\/index.php\/wp-json\/wp\/v2\/product\/718529","targetHints":{"allow":["GET"]}}],"collection":[{"href":"https:\/\/roveyayinevi.com.tr\/index.php\/wp-json\/wp\/v2\/product"}],"about":[{"href":"https:\/\/roveyayinevi.com.tr\/index.php\/wp-json\/wp\/v2\/types\/product"}],"wp:attachment":[{"href":"https:\/\/roveyayinevi.com.tr\/index.php\/wp-json\/wp\/v2\/media?parent=718529"}],"wp:term":[{"taxonomy":"product_brand","embeddable":true,"href":"https:\/\/roveyayinevi.com.tr\/index.php\/wp-json\/wp\/v2\/product_brand?post=718529"},{"taxonomy":"product_cat","embeddable":true,"href":"https:\/\/roveyayinevi.com.tr\/index.php\/wp-json\/wp\/v2\/product_cat?post=718529"},{"taxonomy":"product_tag","embeddable":true,"href":"https:\/\/roveyayinevi.com.tr\/index.php\/wp-json\/wp\/v2\/product_tag?post=718529"}],"curies":[{"name":"wp","href":"https:\/\/api.w.org\/{rel}","templated":true}]}}