{"id":718528,"date":"2025-08-27T18:09:59","date_gmt":"2025-08-27T15:09:59","guid":{"rendered":"https:\/\/roveyayinevi.com.tr\/index.php\/urun\/duvarlari-delen-cizgiler\/"},"modified":"2026-01-29T02:48:52","modified_gmt":"2026-01-28T23:48:52","slug":"duvarlari-delen-cizgiler","status":"publish","type":"product","link":"https:\/\/roveyayinevi.com.tr\/index.php\/urun\/duvarlari-delen-cizgiler\/","title":{"rendered":"Duvarlar\u0131 Delen \u00c7izgiler"},"content":{"rendered":"<p>Hapishaneler kimilerine g\u00f6re \u201cmodern\u201d d\u00fcnyan\u0131n ay\u0131b\u0131, kimilerine g\u00f6re ise aynas\u0131d\u0131r. \u201cSu\u00e7 ve su\u00e7lu\u201d tan\u0131m\u0131 da \u201cAdalet\u201d gibi g\u00f6recelidir. \u00d6zcan Yaman\u2019\u0131n dedi\u011fi gibi, \u00f6zellikle son \u00e7eyrek y\u00fczy\u0131lda, \u201cD\u0131\u015far\u0131da beyni, i\u00e7eride ise bedeni tutsak bir toplumsal yap\u0131n\u0131n ad\u0131m ad\u0131m \u00f6r\u00fcld\u00fc\u011f\u00fcn\u00fc g\u00f6r\u00fcyoruz. Oysa d\u00fc\u015f\u00fcnen insan nerede olursa olsun \u201c\u00f6zg\u00fcrd\u00fcr\u201d. Maddi hayatlar\u0131n\u0131n k\u0131s\u0131tlanmas\u0131, onlar\u0131n soyut d\u00fc\u015f\u00fcnme yetilerini yok edememi\u015fse, h\u00e2l\u00e2 umut var demektir\u2026\u201d \u0130\u015fte bu umudu mahpus mektuplar\u0131nda, edebi \u00e7al\u0131\u015fmalar\u0131nda, resimlerinde, karikat\u00fcrlerinde g\u00f6rmek \/ okumak m\u00fcmk\u00fcn. \u00d6te yandan \u00f6zellikle belirtmeliyim ki politik mahpuslar sanat edimlerinde sadece zindan\u0131 de\u011fil d\u0131\u015far\u0131y\u0131 da ba\u015far\u0131yla betimlemektedirler. Zira onlar an\u0131 boh\u00e7alar\u0131n\u0131 as\u0131l olarak d\u0131\u015far\u0131da doldurmu\u015flard\u0131r. Elbette bu birikimi, esteti\u011fi ihmal etmeden, sanat\u0131n olmazsa olmaz kurallar\u0131yla i\u015fleyip ak k\u00e2\u011f\u0131da ya da tuvale aktarmak \u00e7etrefilli i\u015ftir. Sanat\u00e7\u0131 yo\u011funla\u015fmak i\u00e7in kimi zaman kalabal\u0131klara kar\u0131\u015fmak, kimi zaman da yaln\u0131z kalmak ister. Bu bir l\u00fcks de\u011fil, \u00fcretim daha iyi \u00fcretim i\u00e7in zorunluluktur. Ama zindandaki yazar-\u015fair-ressam-karikat\u00fcrist-besteci diledi\u011fi zaman yaln\u0131z kalamaz veya kalabal\u0131klara kar\u0131\u015f\u0131p, diledi\u011fi gibi g\u00f6zlem yapamaz. Bu a\u00e7\u0131\u011f\u0131n\u0131 ancak d\u00fc\u015f g\u00fcc\u00fcyle ve an\u0131 boh\u00e7as\u0131na ba\u015fvurarak kapat\u0131r. Ve okuyarak. Bu anlamda onlar d\u00fc\u015f yolculuklar\u0131nda kimi zaman bizden daha \u00f6zg\u00fcrd\u00fcr. Sonu\u00e7 itibariyle zindanda, o betimlemesi zor ko\u015fullarda \u00fcretmek ve \u201csanat\u201d yapmak ayr\u0131ca takdiri hak eder. Ten\u2019e \u201cCeza\u201dn\u0131n Tin\u2019e \u201cEza\u201dya d\u00f6n\u00fc\u015ft\u00fc\u011f\u00fc zindan ko\u015fullar\u0131na direnmi\u015f ve o ko\u015fullarda \u00fcretebilmi\u015f mahpuslar\u0131n say\u0131s\u0131 da b\u00fcy\u00fck emek sonucu haz\u0131rlad\u0131\u011f\u0131m\u0131z, \u201cDuvarlar\u0131 Delen \u00c7izgiler\u201d adl\u0131 bu sergide\/kitapta g\u00f6rece\u011finiz gibi az de\u011fildir. Sayfalar\u0131 \u00e7evirmeye ba\u015flad\u0131\u011f\u0131n\u0131z anda, mahpuslar\u0131n imgeleriyle sadece bir hapishaneden di\u011ferine de\u011fil, d\u00fcnyan\u0131n d\u00f6rt bir yan\u0131na do\u011fru yolculu\u011fa \u00e7\u0131kacaks\u0131n\u0131z\u2026 <\/p>\n","protected":false},"excerpt":{"rendered":"<p>Hapishaneler kimilerine g\u00f6re \u201cmodern\u201d d\u00fcnyan\u0131n ay\u0131b\u0131, kimilerine g\u00f6re ise aynas\u0131d\u0131r. \u201cSu\u00e7 ve su\u00e7lu\u201d tan\u0131m\u0131 da \u201cAdalet\u201d gibi g\u00f6recelidir. \u00d6zcan Yaman\u2019\u0131n dedi\u011fi gibi, \u00f6zellikle son \u00e7eyrek y\u00fczy\u0131lda,<span class=\"excerpt-hellip\"> [\u2026]<\/span><\/p>\n","protected":false},"featured_media":0,"template":"","meta":{"_monsterinsights_skip_tracking":false,"_monsterinsights_sitenote_active":false,"_monsterinsights_sitenote_note":"","_monsterinsights_sitenote_category":0},"product_brand":[],"product_cat":[12291,49405],"product_tag":[],"class_list":{"0":"post-718528","1":"product","2":"type-product","3":"status-publish","5":"product_cat-edebiyat","6":"product_cat-karikatur","7":"pa_cilt-ciltsiz","8":"pa_tur-kitap","9":"pa_yayinevi-utopya-yayinevi","10":"pa_yazar-adil-okay","12":"first","13":"instock","14":"sale","15":"shipping-taxable","16":"purchasable","17":"product-type-simple"},"_links":{"self":[{"href":"https:\/\/roveyayinevi.com.tr\/index.php\/wp-json\/wp\/v2\/product\/718528","targetHints":{"allow":["GET"]}}],"collection":[{"href":"https:\/\/roveyayinevi.com.tr\/index.php\/wp-json\/wp\/v2\/product"}],"about":[{"href":"https:\/\/roveyayinevi.com.tr\/index.php\/wp-json\/wp\/v2\/types\/product"}],"wp:attachment":[{"href":"https:\/\/roveyayinevi.com.tr\/index.php\/wp-json\/wp\/v2\/media?parent=718528"}],"wp:term":[{"taxonomy":"product_brand","embeddable":true,"href":"https:\/\/roveyayinevi.com.tr\/index.php\/wp-json\/wp\/v2\/product_brand?post=718528"},{"taxonomy":"product_cat","embeddable":true,"href":"https:\/\/roveyayinevi.com.tr\/index.php\/wp-json\/wp\/v2\/product_cat?post=718528"},{"taxonomy":"product_tag","embeddable":true,"href":"https:\/\/roveyayinevi.com.tr\/index.php\/wp-json\/wp\/v2\/product_tag?post=718528"}],"curies":[{"name":"wp","href":"https:\/\/api.w.org\/{rel}","templated":true}]}}