{"id":718526,"date":"2025-08-27T18:09:58","date_gmt":"2025-08-27T15:09:58","guid":{"rendered":"https:\/\/roveyayinevi.com.tr\/index.php\/urun\/karayolu-demiryolu-muhendisligi\/"},"modified":"2026-04-16T02:26:44","modified_gmt":"2026-04-15T23:26:44","slug":"karayolu-demiryolu-muhendisligi","status":"publish","type":"product","link":"https:\/\/roveyayinevi.com.tr\/index.php\/urun\/karayolu-demiryolu-muhendisligi\/","title":{"rendered":"Karayolu-Demiryolu M\u00fchendisli\u011fi"},"content":{"rendered":"<p>\u0130\u00e7indekiler 1.B\u00f6l\u00fcm Genel Hususlar 2.B\u00f6l\u00fcm Karayolu ve Terimlerinin Tan\u0131m\u0131 3.B\u00f6l\u00fcm Trafik ve Kapasite 4.B\u00f6l\u00fcm Ta\u015f\u0131t Hareketleri ve \u00d6nemli Uzunluklar 5.B\u00f6l\u00fcm Yol Geometrik Karakteristikleri 6.B\u00f6l\u00fcm Yatay G\u00fczergah 7.B\u00f6l\u00fcm D\u00fc\u015fey G\u00fczergah 8.B\u00f6l\u00fcm Demiryolu ve Tan\u0131mlamalar 9.B\u00f6l\u00fcm G\u00fczergah ve Planlama <\/p>\n","protected":false},"excerpt":{"rendered":"<p>\u0130\u00e7indekiler 1.B\u00f6l\u00fcm Genel Hususlar 2.B\u00f6l\u00fcm Karayolu ve Terimlerinin Tan\u0131m\u0131 3.B\u00f6l\u00fcm Trafik ve Kapasite 4.B\u00f6l\u00fcm Ta\u015f\u0131t Hareketleri ve \u00d6nemli Uzunluklar 5.B\u00f6l\u00fcm Yol Geometrik Karakteristikleri 6.B\u00f6l\u00fcm Yatay G\u00fczergah<span class=\"excerpt-hellip\"> [\u2026]<\/span><\/p>\n","protected":false},"featured_media":0,"template":"","meta":{"_monsterinsights_skip_tracking":false,"_monsterinsights_sitenote_active":false,"_monsterinsights_sitenote_note":"","_monsterinsights_sitenote_category":0},"product_brand":[],"product_cat":[13005,18664],"product_tag":[],"class_list":{"0":"post-718526","1":"product","2":"type-product","3":"status-publish","5":"product_cat-bilim-muhendislik","6":"product_cat-muhendislik","7":"pa_cilt-ciltsiz","8":"pa_tur-kitap","9":"pa_yayinevi-gazi-kitabevi","10":"pa_yazar-mehmet-orhan","12":"first","13":"instock","14":"sale","15":"shipping-taxable","16":"purchasable","17":"product-type-simple"},"_links":{"self":[{"href":"https:\/\/roveyayinevi.com.tr\/index.php\/wp-json\/wp\/v2\/product\/718526","targetHints":{"allow":["GET"]}}],"collection":[{"href":"https:\/\/roveyayinevi.com.tr\/index.php\/wp-json\/wp\/v2\/product"}],"about":[{"href":"https:\/\/roveyayinevi.com.tr\/index.php\/wp-json\/wp\/v2\/types\/product"}],"wp:attachment":[{"href":"https:\/\/roveyayinevi.com.tr\/index.php\/wp-json\/wp\/v2\/media?parent=718526"}],"wp:term":[{"taxonomy":"product_brand","embeddable":true,"href":"https:\/\/roveyayinevi.com.tr\/index.php\/wp-json\/wp\/v2\/product_brand?post=718526"},{"taxonomy":"product_cat","embeddable":true,"href":"https:\/\/roveyayinevi.com.tr\/index.php\/wp-json\/wp\/v2\/product_cat?post=718526"},{"taxonomy":"product_tag","embeddable":true,"href":"https:\/\/roveyayinevi.com.tr\/index.php\/wp-json\/wp\/v2\/product_tag?post=718526"}],"curies":[{"name":"wp","href":"https:\/\/api.w.org\/{rel}","templated":true}]}}