{"id":718525,"date":"2025-08-27T18:09:58","date_gmt":"2025-08-27T15:09:58","guid":{"rendered":"https:\/\/roveyayinevi.com.tr\/index.php\/urun\/muhasebe-denetiminde-etik\/"},"modified":"2026-04-16T02:26:44","modified_gmt":"2026-04-15T23:26:44","slug":"muhasebe-denetiminde-etik","status":"publish","type":"product","link":"https:\/\/roveyayinevi.com.tr\/index.php\/urun\/muhasebe-denetiminde-etik\/","title":{"rendered":"Muhasebe Denetiminde Etik"},"content":{"rendered":"<p>\u0130\u00e7indekiler 1.B\u00f6l\u00fcm Etik Teoriler ve Etikle \u0130lgili Kavramlar 2.B\u00f6l\u00fcm \u0130\u015f Eti\u011fi \u0130le \u0130lgili Ya\u015fanan Skandallar 3.B\u00f6l\u00fcm \u0130yi \u0130\u015fletmeler \u0130\u00e7in Etik D\u00fczenlemelerin \u00d6nemi 4.B\u00f6l\u00fcm  \u0130\u015f Eti\u011fi \u0130le \u0130lgili Uluslararas\u0131 Uygulamalar 5.B\u00f6l\u00fcm \u0130\u00e7 Denetimde Etik \u0130lkeler ve \u0130\u00e7 Denetimde Etik S\u00fcrecin Tasarlanmas\u0131 6.B\u00f6l\u00fcm Ba\u011f\u0131ms\u0131z Denet\u00e7iler \u0130\u00e7in Etik Kurallar<\/p>\n","protected":false},"excerpt":{"rendered":"<p>\u0130\u00e7indekiler 1.B\u00f6l\u00fcm Etik Teoriler ve Etikle \u0130lgili Kavramlar 2.B\u00f6l\u00fcm \u0130\u015f Eti\u011fi \u0130le \u0130lgili Ya\u015fanan Skandallar 3.B\u00f6l\u00fcm \u0130yi \u0130\u015fletmeler \u0130\u00e7in Etik D\u00fczenlemelerin \u00d6nemi 4.B\u00f6l\u00fcm \u0130\u015f Eti\u011fi \u0130le<span class=\"excerpt-hellip\"> [\u2026]<\/span><\/p>\n","protected":false},"featured_media":0,"template":"","meta":{"_monsterinsights_skip_tracking":false,"_monsterinsights_sitenote_active":false,"_monsterinsights_sitenote_note":"","_monsterinsights_sitenote_category":0},"product_brand":[],"product_cat":[13043,14381],"product_tag":[],"class_list":{"0":"post-718525","1":"product","2":"type-product","3":"status-publish","5":"product_cat-ekonomi","6":"product_cat-isletme-muhasebe-maliye","7":"pa_cilt-ciltsiz","8":"pa_tur-kitap","9":"pa_yayinevi-gazi-kitabevi","10":"pa_yazar-deniz-umut-dogan","12":"first","13":"instock","14":"sale","15":"shipping-taxable","16":"purchasable","17":"product-type-simple"},"_links":{"self":[{"href":"https:\/\/roveyayinevi.com.tr\/index.php\/wp-json\/wp\/v2\/product\/718525","targetHints":{"allow":["GET"]}}],"collection":[{"href":"https:\/\/roveyayinevi.com.tr\/index.php\/wp-json\/wp\/v2\/product"}],"about":[{"href":"https:\/\/roveyayinevi.com.tr\/index.php\/wp-json\/wp\/v2\/types\/product"}],"wp:attachment":[{"href":"https:\/\/roveyayinevi.com.tr\/index.php\/wp-json\/wp\/v2\/media?parent=718525"}],"wp:term":[{"taxonomy":"product_brand","embeddable":true,"href":"https:\/\/roveyayinevi.com.tr\/index.php\/wp-json\/wp\/v2\/product_brand?post=718525"},{"taxonomy":"product_cat","embeddable":true,"href":"https:\/\/roveyayinevi.com.tr\/index.php\/wp-json\/wp\/v2\/product_cat?post=718525"},{"taxonomy":"product_tag","embeddable":true,"href":"https:\/\/roveyayinevi.com.tr\/index.php\/wp-json\/wp\/v2\/product_tag?post=718525"}],"curies":[{"name":"wp","href":"https:\/\/api.w.org\/{rel}","templated":true}]}}