{"id":718524,"date":"2025-08-27T18:09:57","date_gmt":"2025-08-27T15:09:57","guid":{"rendered":"https:\/\/roveyayinevi.com.tr\/index.php\/urun\/ferhat-ile-sirin-2\/"},"modified":"2026-04-16T02:26:44","modified_gmt":"2026-04-15T23:26:44","slug":"ferhat-ile-sirin-2","status":"publish","type":"product","link":"https:\/\/roveyayinevi.com.tr\/index.php\/urun\/ferhat-ile-sirin-2\/","title":{"rendered":"Ferhat ile \u015eirin"},"content":{"rendered":"<p>Ferhat ile \u015eirin\u2019in Anadolu, Azerbaycan ve Orta Asya rivayetlerindeki olay \u00f6rg\u00fcs\u00fc ve motiflerinin kar\u015f\u0131la\u015ft\u0131rmal\u0131 bir incelemesine dayanan elinizdeki \u00e7al\u0131\u015fmada, bu klasik hik\u00e2yenin kayna\u011f\u0131 ve yay\u0131lmas\u0131 ele al\u0131narak; konusu, te\u015fekk\u00fcl\u00fc, klasik edebiyatla ili\u015fkisi, gelenek i\u00e7indeki yeri \u00fczerinde durulmu\u015f; modern ve geleneksel sanatlardaki yans\u0131malar\u0131na da dikkat \u00e7ekilmi\u015ftir. K\u00f6kleri, Sasan\u00ee h\u00fck\u00fcmdar\u0131 H\u00fcsrev Perviz\u2019in maceral\u0131 hayat\u0131n\u0131n bir c\u00fcz\u00fc olarak ortaya \u00e7\u0131kt\u0131\u011f\u0131 6. ve 7. as\u0131rlara kadar inen, halk muhayyilesinde geni\u015f bir yer bulup c\u00f6nklere ge\u00e7mi\u015f, \u00e2\u015f\u0131klar taraf\u0131ndan tasnif edilip hik\u00e2ye repertuvarlar\u0131na al\u0131nm\u0131\u015f; yazma, ta\u015fbask\u0131 ve matbu kitaplar yoluyla as\u0131rlardan beri takip edilegelen Ferhat ile \u015eirin, \u015f\u00fcphesiz en tesirli h\u00e2line Azerbaycan T\u00fcrk edebiyat\u0131 sahas\u0131nda b\u00fcy\u00fck \u015fair Genceli Nizam\u00ee eliyle ula\u015fm\u0131\u015ft\u0131r. Anlat\u0131n\u0131n Orta Asya\u2019daki maceras\u0131nda ise Ali \u015eir Nev\u00e2\u00ee\u2019nin mesnev\u00eesi etkilidir. Anadolu sahas\u0131na ait bir yazma, bir ta\u015fbask\u0131s\u0131, Azerbaycan sahas\u0131ndan \u00c2\u015f\u0131k Ali\u2019ye ait bir tasnif, Radloff taraf\u0131ndan Taran\u00e7\u0131 T\u00fcrklerinden elde edilen bir derleme, Sivas anlatmas\u0131 ve Beh\u00e7et Mahir anlatmas\u0131 olarak ba\u015fl\u0131kland\u0131r\u0131lan iki s\u00f6zl\u00fc anlat\u0131n\u0131n da eklendi\u011fi kitap, tarih\u00ee s\u00fcre\u00e7te al\u0131\u015fveri\u015f i\u00e7inde oldu\u011fumuz kom\u015fu k\u00fclt\u00fcrlerdeki yay\u0131lma ve yans\u0131malar\u0131yla daha geni\u015f \u00f6l\u00e7ekte ele al\u0131nmas\u0131 gereken hik\u00e2yeye dair ara\u015ft\u0131rmalar\u0131n ilk aya\u011f\u0131 say\u0131labilecek \u00f6nemli bir deneme olarak ortaya konulmu\u015ftur.<\/p>\n","protected":false},"excerpt":{"rendered":"<p>Ferhat ile \u015eirin\u2019in Anadolu, Azerbaycan ve Orta Asya rivayetlerindeki olay \u00f6rg\u00fcs\u00fc ve motiflerinin kar\u015f\u0131la\u015ft\u0131rmal\u0131 bir incelemesine dayanan elinizdeki \u00e7al\u0131\u015fmada, bu klasik hik\u00e2yenin kayna\u011f\u0131 ve yay\u0131lmas\u0131 ele<span class=\"excerpt-hellip\"> [\u2026]<\/span><\/p>\n","protected":false},"featured_media":0,"template":"","meta":{"_monsterinsights_skip_tracking":false,"_monsterinsights_sitenote_active":false,"_monsterinsights_sitenote_note":"","_monsterinsights_sitenote_category":0},"product_brand":[],"product_cat":[13072,12291],"product_tag":[],"class_list":{"0":"post-718524","1":"product","2":"type-product","3":"status-publish","5":"product_cat-arastirma-inceleme-referans","6":"product_cat-edebiyat","7":"pa_cilt-ciltsiz","8":"pa_tur-kitap","9":"pa_yayinevi-otuken-nesriyat","10":"pa_yazar-metin-ozarslan","12":"first","13":"instock","14":"sale","15":"shipping-taxable","16":"purchasable","17":"product-type-simple"},"_links":{"self":[{"href":"https:\/\/roveyayinevi.com.tr\/index.php\/wp-json\/wp\/v2\/product\/718524","targetHints":{"allow":["GET"]}}],"collection":[{"href":"https:\/\/roveyayinevi.com.tr\/index.php\/wp-json\/wp\/v2\/product"}],"about":[{"href":"https:\/\/roveyayinevi.com.tr\/index.php\/wp-json\/wp\/v2\/types\/product"}],"wp:attachment":[{"href":"https:\/\/roveyayinevi.com.tr\/index.php\/wp-json\/wp\/v2\/media?parent=718524"}],"wp:term":[{"taxonomy":"product_brand","embeddable":true,"href":"https:\/\/roveyayinevi.com.tr\/index.php\/wp-json\/wp\/v2\/product_brand?post=718524"},{"taxonomy":"product_cat","embeddable":true,"href":"https:\/\/roveyayinevi.com.tr\/index.php\/wp-json\/wp\/v2\/product_cat?post=718524"},{"taxonomy":"product_tag","embeddable":true,"href":"https:\/\/roveyayinevi.com.tr\/index.php\/wp-json\/wp\/v2\/product_tag?post=718524"}],"curies":[{"name":"wp","href":"https:\/\/api.w.org\/{rel}","templated":true}]}}